{"id":24422,"date":"2024-04-17T14:37:28","date_gmt":"2024-04-17T18:37:28","guid":{"rendered":"https:\/\/www.pollara.com\/promoteurs-a-la-demande-nps\/"},"modified":"2026-01-14T14:26:57","modified_gmt":"2026-01-14T19:26:57","slug":"promoteurs-a-la-demande-nps","status":"publish","type":"page","link":"https:\/\/www.pollara.com\/fr-ca\/promoteurs-a-la-demande-nps\/","title":{"rendered":"Promoteurs \u00e0 la demande (NPS)"},"content":{"rendered":"\t\t<div data-elementor-type=\"wp-page\" data-elementor-id=\"24422\" class=\"elementor elementor-24422 elementor-22389\" data-elementor-post-type=\"page\">\n\t\t\t\t\t\t<section class=\"elementor-section elementor-top-section elementor-element elementor-element-46bead2b elementor-section-height-min-height elementor-section-boxed elementor-section-height-default elementor-section-items-middle\" data-id=\"46bead2b\" data-element_type=\"section\" data-settings=\"{&quot;background_background&quot;:&quot;classic&quot;,&quot;shape_divider_bottom&quot;:&quot;tilt&quot;,&quot;shape_divider_top&quot;:&quot;opacity-tilt&quot;}\">\n\t\t\t\t\t\t\t<div class=\"elementor-background-overlay\"><\/div>\n\t\t\t\t\t\t<div class=\"elementor-shape elementor-shape-top\" aria-hidden=\"true\" data-negative=\"false\">\n\t\t\t<svg xmlns=\"http:\/\/www.w3.org\/2000\/svg\" viewBox=\"0 0 2600 131.1\" preserveAspectRatio=\"none\">\n\t<path class=\"elementor-shape-fill\" d=\"M0 0L2600 0 2600 69.1 0 0z\"\/>\n\t<path class=\"elementor-shape-fill\" style=\"opacity:0.5\" d=\"M0 0L2600 0 2600 69.1 0 69.1z\"\/>\n\t<path class=\"elementor-shape-fill\" style=\"opacity:0.25\" d=\"M2600 0L0 0 0 130.1 2600 69.1z\"\/>\n<\/svg>\t\t<\/div>\n\t\t\t\t<div class=\"elementor-shape elementor-shape-bottom\" aria-hidden=\"true\" data-negative=\"false\">\n\t\t\t<svg xmlns=\"http:\/\/www.w3.org\/2000\/svg\" viewBox=\"0 0 1000 100\" preserveAspectRatio=\"none\">\n\t<path class=\"elementor-shape-fill\" d=\"M0,6V0h1000v100L0,6z\"\/>\n<\/svg>\t\t<\/div>\n\t\t\t\t\t<div class=\"elementor-container elementor-column-gap-default\">\n\t\t\t\t\t<div class=\"elementor-column elementor-col-100 elementor-top-column elementor-element elementor-element-682c06b2 elementor-invisible\" data-id=\"682c06b2\" data-element_type=\"column\" data-settings=\"{&quot;animation&quot;:&quot;fadeIn&quot;}\">\n\t\t\t<div class=\"elementor-widget-wrap elementor-element-populated\">\n\t\t\t\t\t\t<div class=\"elementor-element elementor-element-7b320195 elementor-invisible elementor-widget elementor-widget-heading\" data-id=\"7b320195\" data-element_type=\"widget\" data-settings=\"{&quot;_animation&quot;:&quot;fadeIn&quot;}\" data-widget_type=\"heading.default\">\n\t\t\t\t<div class=\"elementor-widget-container\">\n\t\t\t\t\t<h3 class=\"elementor-heading-title elementor-size-default\">Promoteurs<\/h3>\t\t\t\t<\/div>\n\t\t\t\t<\/div>\n\t\t\t\t<div class=\"elementor-element elementor-element-1a61f5a elementor-invisible elementor-widget elementor-widget-heading\" data-id=\"1a61f5a\" data-element_type=\"widget\" data-settings=\"{&quot;_animation&quot;:&quot;fadeInDown&quot;}\" data-widget_type=\"heading.default\">\n\t\t\t\t<div class=\"elementor-widget-container\">\n\t\t\t\t\t<h3 class=\"elementor-heading-title elementor-size-default\">\u00c0 la demande<\/h3>\t\t\t\t<\/div>\n\t\t\t\t<\/div>\n\t\t\t\t<div class=\"elementor-element elementor-element-11149db elementor-invisible elementor-widget elementor-widget-heading\" data-id=\"11149db\" data-element_type=\"widget\" data-settings=\"{&quot;_animation&quot;:&quot;fadeInDown&quot;}\" data-widget_type=\"heading.default\">\n\t\t\t\t<div class=\"elementor-widget-container\">\n\t\t\t\t\t<h3 class=\"elementor-heading-title elementor-size-default\">(NPS)<\/h3>\t\t\t\t<\/div>\n\t\t\t\t<\/div>\n\t\t\t\t\t<\/div>\n\t\t<\/div>\n\t\t\t\t\t<\/div>\n\t\t<\/section>\n\t\t\t\t<section class=\"elementor-section elementor-top-section elementor-element elementor-element-0ce4c1a elementor-section-boxed elementor-section-height-default elementor-section-height-default\" data-id=\"0ce4c1a\" data-element_type=\"section\">\n\t\t\t\t\t\t<div class=\"elementor-container elementor-column-gap-default\">\n\t\t\t\t\t<div class=\"elementor-column elementor-col-50 elementor-top-column elementor-element elementor-element-fbd752c\" data-id=\"fbd752c\" data-element_type=\"column\" data-settings=\"{&quot;animation&quot;:&quot;none&quot;}\">\n\t\t\t<div class=\"elementor-widget-wrap elementor-element-populated\">\n\t\t\t\t\t\t<div class=\"elementor-element elementor-element-baeef4f elementor-hidden-phone elementor-widget elementor-widget-image\" data-id=\"baeef4f\" data-element_type=\"widget\" data-widget_type=\"image.default\">\n\t\t\t\t<div class=\"elementor-widget-container\">\n\t\t\t\t\t\t\t\t\t\t\t\t\t\t\t<img fetchpriority=\"high\" decoding=\"async\" width=\"525\" height=\"452\" src=\"https:\/\/www.pollara.com\/wp-content\/uploads\/2026\/01\/netpromotor-1024x881.jpg\" class=\"attachment-large size-large wp-image-28668\" alt=\"\" srcset=\"https:\/\/www.pollara.com\/wp-content\/uploads\/2026\/01\/netpromotor-1024x881.jpg 1024w, https:\/\/www.pollara.com\/wp-content\/uploads\/2026\/01\/netpromotor-300x258.jpg 300w, https:\/\/www.pollara.com\/wp-content\/uploads\/2026\/01\/netpromotor-768x661.jpg 768w, https:\/\/www.pollara.com\/wp-content\/uploads\/2026\/01\/netpromotor-1536x1321.jpg 1536w, https:\/\/www.pollara.com\/wp-content\/uploads\/2026\/01\/netpromotor.jpg 1901w\" sizes=\"100vw\" \/>\t\t\t\t\t\t\t\t\t\t\t\t\t\t\t<\/div>\n\t\t\t\t<\/div>\n\t\t\t\t\t<\/div>\n\t\t<\/div>\n\t\t\t\t<div class=\"elementor-column elementor-col-50 elementor-top-column elementor-element elementor-element-f053617\" data-id=\"f053617\" data-element_type=\"column\">\n\t\t\t<div class=\"elementor-widget-wrap elementor-element-populated\">\n\t\t\t\t\t\t<div class=\"elementor-element elementor-element-161d4a5 elementor-widget elementor-widget-heading\" data-id=\"161d4a5\" data-element_type=\"widget\" data-widget_type=\"heading.default\">\n\t\t\t\t<div class=\"elementor-widget-container\">\n\t\t\t\t\t<h2 class=\"elementor-heading-title elementor-size-default\">Promoters On-Demand est le service d\u2019abonnement de suivi Net Promoter Score\u00ae de Pollara.<\/h2>\t\t\t\t<\/div>\n\t\t\t\t<\/div>\n\t\t\t\t<div class=\"elementor-element elementor-element-a534d70 elementor-widget elementor-widget-text-editor\" data-id=\"a534d70\" data-element_type=\"widget\" data-widget_type=\"text-editor.default\">\n\t\t\t\t<div class=\"elementor-widget-container\">\n\t\t\t\t\t\t\t\t\t<p>Connaissez toujours le NPS\u00ae de vos marques et des marques de vos concurrents en vous abonnant \u00e0 notre tableau de bord de suivi mensuel toujours en cours, s\u00e9curis\u00e9 et interactif.<\/p>\n<p>Avec des \u00e9ditions sp\u00e9ciales pour certains secteurs, qui fournissent des rep\u00e8res NPS\u00ae \u00e0 l\u2019\u00e9chelle de l\u2019industrie.<\/p><p>Seulement 11 000 $ par ann\u00e9e&nbsp;!<\/p>\n<p>Veuillez consulter notre prospectus principal \u2013 ou un prospectus sp\u00e9cial sp\u00e9cifique au secteur \u2013 pour plus de d\u00e9tails, ou contactez-nous pour nous faire part de vos questions \u00e0 <a href=\"mailto:information@pollara.com\">\n  <span style=\"text-decoration: underline;\">information@pollara.com<\/span>\n<\/a>.<\/p>\t\t\t\t\t\t\t\t<\/div>\n\t\t\t\t<\/div>\n\t\t\t\t<div class=\"elementor-element elementor-element-122772e elementor-hidden-desktop elementor-hidden-tablet elementor-widget elementor-widget-image\" data-id=\"122772e\" data-element_type=\"widget\" data-widget_type=\"image.default\">\n\t\t\t\t<div class=\"elementor-widget-container\">\n\t\t\t\t\t\t\t\t\t\t\t\t\t\t\t<img decoding=\"async\" width=\"525\" height=\"366\" src=\"https:\/\/www.pollara.com\/wp-content\/uploads\/2024\/04\/NetPromotorScreenshot-1-1024x714.jpg\" class=\"attachment-large size-large wp-image-23907\" alt=\"\" srcset=\"https:\/\/www.pollara.com\/wp-content\/uploads\/2024\/04\/NetPromotorScreenshot-1-1024x714.jpg 1024w, https:\/\/www.pollara.com\/wp-content\/uploads\/2024\/04\/NetPromotorScreenshot-1-300x209.jpg 300w, https:\/\/www.pollara.com\/wp-content\/uploads\/2024\/04\/NetPromotorScreenshot-1-768x535.jpg 768w, https:\/\/www.pollara.com\/wp-content\/uploads\/2024\/04\/NetPromotorScreenshot-1-1536x1071.jpg 1536w, https:\/\/www.pollara.com\/wp-content\/uploads\/2024\/04\/NetPromotorScreenshot-1.jpg 2046w\" sizes=\"100vw\" \/>\t\t\t\t\t\t\t\t\t\t\t\t\t\t\t<\/div>\n\t\t\t\t<\/div>\n\t\t\t\t<div class=\"elementor-element elementor-element-07e9454 elementor-widget elementor-widget-button\" data-id=\"07e9454\" data-element_type=\"widget\" data-widget_type=\"button.default\">\n\t\t\t\t<div class=\"elementor-widget-container\">\n\t\t\t\t\t\t\t\t\t<div class=\"elementor-button-wrapper\">\n\t\t\t\t\t<a class=\"elementor-button elementor-button-link elementor-size-lg\" href=\"https:\/\/www.pollara.com\/wp-content\/uploads\/2024\/05\/M8_Pollara-PromotersOD-PxF2.pdf\">\n\t\t\t\t\t\t<span class=\"elementor-button-content-wrapper\">\n\t\t\t\t\t\t<span class=\"elementor-button-icon\">\n\t\t\t\t<i aria-hidden=\"true\" class=\"far fa-file-pdf\"><\/i>\t\t\t<\/span>\n\t\t\t\t\t\t\t\t\t<span class=\"elementor-button-text\">Voir le prospectus principal<\/span>\n\t\t\t\t\t<\/span>\n\t\t\t\t\t<\/a>\n\t\t\t\t<\/div>\n\t\t\t\t\t\t\t\t<\/div>\n\t\t\t\t<\/div>\n\t\t\t\t<div class=\"elementor-element elementor-element-7ea1823 elementor-widget elementor-widget-button\" data-id=\"7ea1823\" data-element_type=\"widget\" data-widget_type=\"button.default\">\n\t\t\t\t<div class=\"elementor-widget-container\">\n\t\t\t\t\t\t\t\t\t<div class=\"elementor-button-wrapper\">\n\t\t\t\t\t<a class=\"elementor-button elementor-button-link elementor-size-lg\" href=\"https:\/\/www.pollara.com\/wp-content\/uploads\/2024\/05\/M8_Pollara-PromotersOD_Ins-PxF2.pdf\">\n\t\t\t\t\t\t<span class=\"elementor-button-content-wrapper\">\n\t\t\t\t\t\t<span class=\"elementor-button-icon\">\n\t\t\t\t<i aria-hidden=\"true\" class=\"far fa-file-pdf\"><\/i>\t\t\t<\/span>\n\t\t\t\t\t\t\t\t\t<span class=\"elementor-button-text\">Prospectus du secteur de l\u2019assurance<\/span>\n\t\t\t\t\t<\/span>\n\t\t\t\t\t<\/a>\n\t\t\t\t<\/div>\n\t\t\t\t\t\t\t\t<\/div>\n\t\t\t\t<\/div>\n\t\t\t\t\t<\/div>\n\t\t<\/div>\n\t\t\t\t\t<\/div>\n\t\t<\/section>\n\t\t\t\t<\/div>\n\t\t","protected":false},"excerpt":{"rendered":"<p>Promoteurs \u00c0 la demande (NPS) Promoters On-Demand est le service d\u2019abonnement de suivi Net Promoter Score\u00ae de Pollara. Connaissez toujours le NPS\u00ae de vos marques et des marques de vos concurrents en vous abonnant \u00e0 notre tableau de bord de suivi mensuel toujours en cours, s\u00e9curis\u00e9 et interactif. Avec des \u00e9ditions sp\u00e9ciales pour certains secteurs, &hellip; <\/p>\n<p class=\"link-more\"><a href=\"https:\/\/www.pollara.com\/fr-ca\/promoteurs-a-la-demande-nps\/\" class=\"more-link\">Continuer la lecture<span class=\"screen-reader-text\"> de &laquo; Promoteurs \u00e0 la demande (NPS) &raquo;<\/span><\/a><\/p>\n","protected":false},"author":23,"featured_media":0,"parent":0,"menu_order":0,"comment_status":"closed","ping_status":"closed","template":"elementor_header_footer","meta":{"footnotes":""},"class_list":["post-24422","page","type-page","status-publish","hentry"],"yoast_head":"<!-- This site is optimized with the Yoast SEO plugin v26.9 - https:\/\/yoast.com\/product\/yoast-seo-wordpress\/ -->\n<title>Promoteurs \u00e0 la demande (NPS) &#187; Pollara Strategic Insights<\/title>\n<meta name=\"description\" content=\"Promoters On-Demand est le service d\u2019abonnement de suivi Net Promoter Score\u00ae de Pollara. Connaissez toujours le NPS\u00ae de vos marques et des marques de vos concurrents en vous abonnant \u00e0 notre tableau de bord de suivi mensuel toujours en cours, s\u00e9curis\u00e9 et interactif. Avec des \u00e9ditions sp\u00e9ciales pour certains secteurs, qui fournissent des rep\u00e8res NPS\u00ae \u00e0 l\u2019\u00e9chelle de l\u2019industrie. Seulement 11 000 $ par ann\u00e9e\u00a0!\" \/>\n<meta name=\"robots\" content=\"index, follow, max-snippet:-1, max-image-preview:large, max-video-preview:-1\" \/>\n<link rel=\"canonical\" href=\"https:\/\/www.pollara.com\/fr-ca\/promoteurs-a-la-demande-nps\/\" \/>\n<meta property=\"og:locale\" content=\"fr_CA\" \/>\n<meta property=\"og:type\" content=\"article\" \/>\n<meta property=\"og:title\" content=\"Promoteurs Sur demande (NPS)\" \/>\n<meta property=\"og:description\" content=\"Connaissez toujours le NPS\u00ae de vos marques et des marques de vos concurrents en vous abonnant \u00e0 notre tableau de bord de suivi mensuel toujours en cours, s\u00e9curis\u00e9 et interactif.\" \/>\n<meta property=\"og:url\" content=\"https:\/\/www.pollara.com\/fr-ca\/promoteurs-a-la-demande-nps\/\" \/>\n<meta property=\"og:site_name\" content=\"Pollara Strategic Insights\" \/>\n<meta property=\"article:publisher\" content=\"https:\/\/www.facebook.com\/PollaraStrategicInsights\/\" \/>\n<meta property=\"article:modified_time\" content=\"2026-01-14T19:26:57+00:00\" \/>\n<meta property=\"og:image\" content=\"https:\/\/www.pollara.com\/wp-content\/uploads\/2024\/04\/NetPromotor_websquarish.jpg\" \/>\n<meta name=\"twitter:card\" content=\"summary_large_image\" \/>\n<meta name=\"twitter:title\" content=\"Promoteurs Sur demande (NPS)\" \/>\n<meta name=\"twitter:description\" content=\"Connaissez toujours le NPS\u00ae de vos marques et des marques de vos concurrents en vous abonnant \u00e0 notre tableau de bord de suivi mensuel toujours en cours, s\u00e9curis\u00e9 et interactif.\" \/>\n<meta name=\"twitter:image\" content=\"https:\/\/www.pollara.com\/wp-content\/uploads\/2024\/04\/NetPromotor_websquarish.jpg\" \/>\n<meta name=\"twitter:site\" content=\"@Pollara\" \/>\n<meta name=\"twitter:label1\" content=\"Estimation du temps de lecture\" \/>\n\t<meta name=\"twitter:data1\" content=\"1 minute\" \/>\n<script type=\"application\/ld+json\" class=\"yoast-schema-graph\">{\"@context\":\"https:\/\/schema.org\",\"@graph\":[{\"@type\":\"WebPage\",\"@id\":\"https:\/\/www.pollara.com\/fr-ca\/promoteurs-a-la-demande-nps\/\",\"url\":\"https:\/\/www.pollara.com\/fr-ca\/promoteurs-a-la-demande-nps\/\",\"name\":\"Promoteurs \u00e0 la demande (NPS) &#187; Pollara Strategic Insights\",\"isPartOf\":{\"@id\":\"https:\/\/www.pollara.com\/fr-ca\/#website\"},\"primaryImageOfPage\":{\"@id\":\"https:\/\/www.pollara.com\/fr-ca\/promoteurs-a-la-demande-nps\/#primaryimage\"},\"image\":{\"@id\":\"https:\/\/www.pollara.com\/fr-ca\/promoteurs-a-la-demande-nps\/#primaryimage\"},\"thumbnailUrl\":\"https:\/\/www.pollara.com\/wp-content\/uploads\/2026\/01\/netpromotor-1024x881.jpg?wsr\",\"datePublished\":\"2024-04-17T18:37:28+00:00\",\"dateModified\":\"2026-01-14T19:26:57+00:00\",\"description\":\"Promoters On-Demand est le service d\u2019abonnement de suivi Net Promoter Score\u00ae de Pollara. Connaissez toujours le NPS\u00ae de vos marques et des marques de vos concurrents en vous abonnant \u00e0 notre tableau de bord de suivi mensuel toujours en cours, s\u00e9curis\u00e9 et interactif. Avec des \u00e9ditions sp\u00e9ciales pour certains secteurs, qui fournissent des rep\u00e8res NPS\u00ae \u00e0 l\u2019\u00e9chelle de l\u2019industrie. Seulement 11 000 $ par ann\u00e9e\u00a0!\",\"inLanguage\":\"fr-CA\",\"potentialAction\":[{\"@type\":\"ReadAction\",\"target\":[\"https:\/\/www.pollara.com\/fr-ca\/promoteurs-a-la-demande-nps\/\"]}]},{\"@type\":\"ImageObject\",\"inLanguage\":\"fr-CA\",\"@id\":\"https:\/\/www.pollara.com\/fr-ca\/promoteurs-a-la-demande-nps\/#primaryimage\",\"url\":\"https:\/\/www.pollara.com\/wp-content\/uploads\/2026\/01\/netpromotor-1024x881.jpg?wsr\",\"contentUrl\":\"https:\/\/www.pollara.com\/wp-content\/uploads\/2026\/01\/netpromotor-1024x881.jpg?wsr\"},{\"@type\":\"WebSite\",\"@id\":\"https:\/\/www.pollara.com\/fr-ca\/#website\",\"url\":\"https:\/\/www.pollara.com\/fr-ca\/\",\"name\":\"Pollara Strategic Insights\",\"description\":\"Canada\u2019s most senior, experienced research project leaders\",\"publisher\":{\"@id\":\"https:\/\/www.pollara.com\/fr-ca\/#organization\"},\"potentialAction\":[{\"@type\":\"SearchAction\",\"target\":{\"@type\":\"EntryPoint\",\"urlTemplate\":\"https:\/\/www.pollara.com\/fr-ca\/?s={search_term_string}\"},\"query-input\":{\"@type\":\"PropertyValueSpecification\",\"valueRequired\":true,\"valueName\":\"search_term_string\"}}],\"inLanguage\":\"fr-CA\"},{\"@type\":\"Organization\",\"@id\":\"https:\/\/www.pollara.com\/fr-ca\/#organization\",\"name\":\"Pollara Strategic Insights\",\"url\":\"https:\/\/www.pollara.com\/fr-ca\/\",\"logo\":{\"@type\":\"ImageObject\",\"inLanguage\":\"fr-CA\",\"@id\":\"https:\/\/www.pollara.com\/fr-ca\/#\/schema\/logo\/image\/\",\"url\":\"https:\/\/www.pollara.com\/wp-content\/uploads\/2017\/12\/pollara-1.svg\",\"contentUrl\":\"https:\/\/www.pollara.com\/wp-content\/uploads\/2017\/12\/pollara-1.svg\",\"width\":1,\"height\":1,\"caption\":\"Pollara Strategic Insights\"},\"image\":{\"@id\":\"https:\/\/www.pollara.com\/fr-ca\/#\/schema\/logo\/image\/\"},\"sameAs\":[\"https:\/\/www.facebook.com\/PollaraStrategicInsights\/\",\"https:\/\/x.com\/Pollara\",\"https:\/\/www.instagram.com\/pollarastrategicinsights\/\",\"https:\/\/www.linkedin.com\/company\/pollarastrategicinsights\/\"]}]}<\/script>\n<!-- \/ Yoast SEO plugin. -->","yoast_head_json":{"title":"Promoteurs \u00e0 la demande (NPS) &#187; Pollara Strategic Insights","description":"Promoters On-Demand est le service d\u2019abonnement de suivi Net Promoter Score\u00ae de Pollara. Connaissez toujours le NPS\u00ae de vos marques et des marques de vos concurrents en vous abonnant \u00e0 notre tableau de bord de suivi mensuel toujours en cours, s\u00e9curis\u00e9 et interactif. Avec des \u00e9ditions sp\u00e9ciales pour certains secteurs, qui fournissent des rep\u00e8res NPS\u00ae \u00e0 l\u2019\u00e9chelle de l\u2019industrie. Seulement 11 000 $ par ann\u00e9e\u00a0!","robots":{"index":"index","follow":"follow","max-snippet":"max-snippet:-1","max-image-preview":"max-image-preview:large","max-video-preview":"max-video-preview:-1"},"canonical":"https:\/\/www.pollara.com\/fr-ca\/promoteurs-a-la-demande-nps\/","og_locale":"fr_CA","og_type":"article","og_title":"Promoteurs Sur demande (NPS)","og_description":"Connaissez toujours le NPS\u00ae de vos marques et des marques de vos concurrents en vous abonnant \u00e0 notre tableau de bord de suivi mensuel toujours en cours, s\u00e9curis\u00e9 et interactif.","og_url":"https:\/\/www.pollara.com\/fr-ca\/promoteurs-a-la-demande-nps\/","og_site_name":"Pollara Strategic Insights","article_publisher":"https:\/\/www.facebook.com\/PollaraStrategicInsights\/","article_modified_time":"2026-01-14T19:26:57+00:00","og_image":[{"url":"https:\/\/www.pollara.com\/wp-content\/uploads\/2024\/04\/NetPromotor_websquarish.jpg","type":"","width":"","height":""}],"twitter_card":"summary_large_image","twitter_title":"Promoteurs Sur demande (NPS)","twitter_description":"Connaissez toujours le NPS\u00ae de vos marques et des marques de vos concurrents en vous abonnant \u00e0 notre tableau de bord de suivi mensuel toujours en cours, s\u00e9curis\u00e9 et interactif.","twitter_image":"https:\/\/www.pollara.com\/wp-content\/uploads\/2024\/04\/NetPromotor_websquarish.jpg","twitter_site":"@Pollara","twitter_misc":{"Estimation du temps de lecture":"1 minute"},"schema":{"@context":"https:\/\/schema.org","@graph":[{"@type":"WebPage","@id":"https:\/\/www.pollara.com\/fr-ca\/promoteurs-a-la-demande-nps\/","url":"https:\/\/www.pollara.com\/fr-ca\/promoteurs-a-la-demande-nps\/","name":"Promoteurs \u00e0 la demande (NPS) &#187; Pollara Strategic Insights","isPartOf":{"@id":"https:\/\/www.pollara.com\/fr-ca\/#website"},"primaryImageOfPage":{"@id":"https:\/\/www.pollara.com\/fr-ca\/promoteurs-a-la-demande-nps\/#primaryimage"},"image":{"@id":"https:\/\/www.pollara.com\/fr-ca\/promoteurs-a-la-demande-nps\/#primaryimage"},"thumbnailUrl":"https:\/\/www.pollara.com\/wp-content\/uploads\/2026\/01\/netpromotor-1024x881.jpg?wsr","datePublished":"2024-04-17T18:37:28+00:00","dateModified":"2026-01-14T19:26:57+00:00","description":"Promoters On-Demand est le service d\u2019abonnement de suivi Net Promoter Score\u00ae de Pollara. Connaissez toujours le NPS\u00ae de vos marques et des marques de vos concurrents en vous abonnant \u00e0 notre tableau de bord de suivi mensuel toujours en cours, s\u00e9curis\u00e9 et interactif. Avec des \u00e9ditions sp\u00e9ciales pour certains secteurs, qui fournissent des rep\u00e8res NPS\u00ae \u00e0 l\u2019\u00e9chelle de l\u2019industrie. Seulement 11 000 $ par ann\u00e9e\u00a0!","inLanguage":"fr-CA","potentialAction":[{"@type":"ReadAction","target":["https:\/\/www.pollara.com\/fr-ca\/promoteurs-a-la-demande-nps\/"]}]},{"@type":"ImageObject","inLanguage":"fr-CA","@id":"https:\/\/www.pollara.com\/fr-ca\/promoteurs-a-la-demande-nps\/#primaryimage","url":"https:\/\/www.pollara.com\/wp-content\/uploads\/2026\/01\/netpromotor-1024x881.jpg?wsr","contentUrl":"https:\/\/www.pollara.com\/wp-content\/uploads\/2026\/01\/netpromotor-1024x881.jpg?wsr"},{"@type":"WebSite","@id":"https:\/\/www.pollara.com\/fr-ca\/#website","url":"https:\/\/www.pollara.com\/fr-ca\/","name":"Pollara Strategic Insights","description":"Canada\u2019s most senior, experienced research project leaders","publisher":{"@id":"https:\/\/www.pollara.com\/fr-ca\/#organization"},"potentialAction":[{"@type":"SearchAction","target":{"@type":"EntryPoint","urlTemplate":"https:\/\/www.pollara.com\/fr-ca\/?s={search_term_string}"},"query-input":{"@type":"PropertyValueSpecification","valueRequired":true,"valueName":"search_term_string"}}],"inLanguage":"fr-CA"},{"@type":"Organization","@id":"https:\/\/www.pollara.com\/fr-ca\/#organization","name":"Pollara Strategic Insights","url":"https:\/\/www.pollara.com\/fr-ca\/","logo":{"@type":"ImageObject","inLanguage":"fr-CA","@id":"https:\/\/www.pollara.com\/fr-ca\/#\/schema\/logo\/image\/","url":"https:\/\/www.pollara.com\/wp-content\/uploads\/2017\/12\/pollara-1.svg","contentUrl":"https:\/\/www.pollara.com\/wp-content\/uploads\/2017\/12\/pollara-1.svg","width":1,"height":1,"caption":"Pollara Strategic Insights"},"image":{"@id":"https:\/\/www.pollara.com\/fr-ca\/#\/schema\/logo\/image\/"},"sameAs":["https:\/\/www.facebook.com\/PollaraStrategicInsights\/","https:\/\/x.com\/Pollara","https:\/\/www.instagram.com\/pollarastrategicinsights\/","https:\/\/www.linkedin.com\/company\/pollarastrategicinsights\/"]}]}},"jetpack_sharing_enabled":true,"_links":{"self":[{"href":"https:\/\/www.pollara.com\/fr-ca\/wp-json\/wp\/v2\/pages\/24422","targetHints":{"allow":["GET"]}}],"collection":[{"href":"https:\/\/www.pollara.com\/fr-ca\/wp-json\/wp\/v2\/pages"}],"about":[{"href":"https:\/\/www.pollara.com\/fr-ca\/wp-json\/wp\/v2\/types\/page"}],"author":[{"embeddable":true,"href":"https:\/\/www.pollara.com\/fr-ca\/wp-json\/wp\/v2\/users\/23"}],"replies":[{"embeddable":true,"href":"https:\/\/www.pollara.com\/fr-ca\/wp-json\/wp\/v2\/comments?post=24422"}],"version-history":[{"count":2,"href":"https:\/\/www.pollara.com\/fr-ca\/wp-json\/wp\/v2\/pages\/24422\/revisions"}],"predecessor-version":[{"id":28672,"href":"https:\/\/www.pollara.com\/fr-ca\/wp-json\/wp\/v2\/pages\/24422\/revisions\/28672"}],"wp:attachment":[{"href":"https:\/\/www.pollara.com\/fr-ca\/wp-json\/wp\/v2\/media?parent=24422"}],"curies":[{"name":"wp","href":"https:\/\/api.w.org\/{rel}","templated":true}]}}