{"id":24450,"date":"2021-08-30T17:07:44","date_gmt":"2021-08-30T21:07:44","guid":{"rendered":"https:\/\/www.pollara.com\/mccainrsvp_confirm\/"},"modified":"2024-07-02T19:37:17","modified_gmt":"2024-07-02T23:37:17","slug":"mccainrsvp_confirm","status":"publish","type":"page","link":"https:\/\/www.pollara.com\/fr-ca\/mccainrsvp_confirm\/","title":{"rendered":"McCainRSVP_confirm"},"content":{"rendered":"\t\t<div data-elementor-type=\"wp-page\" data-elementor-id=\"24450\" class=\"elementor elementor-24450 elementor-18135\" data-elementor-post-type=\"page\">\n\t\t\t\t\t\t<section class=\"elementor-section elementor-top-section elementor-element elementor-element-4566c33e elementor-section-height-min-height elementor-section-content-middle elementor-section-boxed elementor-section-height-default elementor-section-items-middle\" data-id=\"4566c33e\" data-element_type=\"section\" data-settings=\"{&quot;background_background&quot;:&quot;classic&quot;}\">\n\t\t\t\t\t\t\t<div class=\"elementor-background-overlay\"><\/div>\n\t\t\t\t\t\t\t<div class=\"elementor-container elementor-column-gap-wider\">\n\t\t\t\t\t<div class=\"elementor-column elementor-col-100 elementor-top-column elementor-element elementor-element-2a855ec5\" data-id=\"2a855ec5\" data-element_type=\"column\">\n\t\t\t<div class=\"elementor-widget-wrap elementor-element-populated\">\n\t\t\t\t\t\t<div class=\"elementor-element elementor-element-dc7d156 elementor-widget elementor-widget-image\" data-id=\"dc7d156\" data-element_type=\"widget\" data-widget_type=\"image.default\">\n\t\t\t\t<div class=\"elementor-widget-container\">\n\t\t\t\t\t\t\t\t\t\t\t\t\t\t\t<img fetchpriority=\"high\" decoding=\"async\" width=\"300\" height=\"177\" src=\"https:\/\/www.pollara.com\/wp-content\/uploads\/2021\/08\/McCainLogoSM-300x177.png\" class=\"attachment-medium size-medium wp-image-23578\" alt=\"\" srcset=\"https:\/\/www.pollara.com\/wp-content\/uploads\/2021\/08\/McCainLogoSM-300x177.png 300w, https:\/\/www.pollara.com\/wp-content\/uploads\/2021\/08\/McCainLogoSM.png 416w\" sizes=\"100vw\" \/>\t\t\t\t\t\t\t\t\t\t\t\t\t\t\t<\/div>\n\t\t\t\t<\/div>\n\t\t\t\t<div class=\"elementor-element elementor-element-b160b59 elementor-widget elementor-widget-heading\" data-id=\"b160b59\" data-element_type=\"widget\" data-widget_type=\"heading.default\">\n\t\t\t\t<div class=\"elementor-widget-container\">\n\t\t\t\t\t<h2 class=\"elementor-heading-title elementor-size-default\">Au plaisir de vous y voir&nbsp;!<\/h2>\t\t\t\t<\/div>\n\t\t\t\t<\/div>\n\t\t\t\t<div class=\"elementor-element elementor-element-10b53ea1 elementor-widget elementor-widget-heading\" data-id=\"10b53ea1\" data-element_type=\"widget\" data-widget_type=\"heading.default\">\n\t\t\t\t<div class=\"elementor-widget-container\">\n\t\t\t\t\t<p class=\"elementor-heading-title elementor-size-default\">Un lien Zoom sera envoy\u00e9 \u00e0 votre adresse e-mail avant le 5 octobre<\/p>\t\t\t\t<\/div>\n\t\t\t\t<\/div>\n\t\t\t\t<div class=\"elementor-element elementor-element-a4ddd60 elementor-widget elementor-widget-text-editor\" data-id=\"a4ddd60\" data-element_type=\"widget\" data-widget_type=\"text-editor.default\">\n\t\t\t\t<div class=\"elementor-widget-container\">\n\t\t\t\t\t\t\t\t\t<p>Si vous avez d\u2019autres questions, veuillez communiquer avec <a href=\"mailto:Jessica.MCGHIE@mccain.co.uk\">Jessica McGhie<\/a> \u00e0 <a href=\"mailto:Jessica.MCGHIE@mccain.co.uk\" target=\"_blank\" rel=\"noopener noreferrer\">Jessica.MCGHIE@mccain.co.uk<\/a>.<b><\/b><\/p>\n<p>Pour en savoir plus sur nos engagements en mati\u00e8re de d\u00e9veloppement durable, visitez <a href=\"http:\/\/www.mccain.com\/sustainability\">www.mccain.com\/sustainability<\/a><strong>. <\/strong> <strong> <\/strong><\/p>\n\t\t\t\t\t\t\t\t<\/div>\n\t\t\t\t<\/div>\n\t\t\t\t\t<\/div>\n\t\t<\/div>\n\t\t\t\t\t<\/div>\n\t\t<\/section>\n\t\t\t\t<\/div>\n\t\t","protected":false},"excerpt":{"rendered":"<p>Au plaisir de vous y voir&nbsp;! Un lien Zoom sera envoy\u00e9 \u00e0 votre adresse e-mail avant le 5 octobre Si vous avez d\u2019autres questions, veuillez communiquer avec Jessica McGhie \u00e0 Jessica.MCGHIE@mccain.co.uk. Pour en savoir plus sur nos engagements en mati\u00e8re de d\u00e9veloppement durable, visitez www.mccain.com\/sustainability.<\/p>\n","protected":false},"author":23,"featured_media":0,"parent":0,"menu_order":0,"comment_status":"closed","ping_status":"closed","template":"elementor_header_footer","meta":{"footnotes":""},"class_list":["post-24450","page","type-page","status-publish","hentry"],"yoast_head":"<!-- This site is optimized with the Yoast SEO plugin v26.9 - https:\/\/yoast.com\/product\/yoast-seo-wordpress\/ -->\n<title>McCainRSVP_confirm &#187; Pollara Strategic Insights<\/title>\n<meta name=\"robots\" content=\"index, follow, max-snippet:-1, max-image-preview:large, max-video-preview:-1\" \/>\n<link rel=\"canonical\" href=\"https:\/\/www.pollara.com\/fr-ca\/mccainrsvp_confirm\/\" \/>\n<meta property=\"og:locale\" content=\"fr_CA\" \/>\n<meta property=\"og:type\" content=\"article\" \/>\n<meta property=\"og:title\" content=\"McCainRSVP_confirm &#187; Pollara Strategic Insights\" \/>\n<meta property=\"og:description\" content=\"Au plaisir de vous y voir&nbsp;! Un lien Zoom sera envoy\u00e9 \u00e0 votre adresse e-mail avant le 5 octobre Si vous avez d\u2019autres questions, veuillez communiquer avec Jessica McGhie \u00e0 Jessica.MCGHIE@mccain.co.uk. Pour en savoir plus sur nos engagements en mati\u00e8re de d\u00e9veloppement durable, visitez www.mccain.com\/sustainability.\" \/>\n<meta property=\"og:url\" content=\"https:\/\/www.pollara.com\/fr-ca\/mccainrsvp_confirm\/\" \/>\n<meta property=\"og:site_name\" content=\"Pollara Strategic Insights\" \/>\n<meta property=\"article:publisher\" content=\"https:\/\/www.facebook.com\/PollaraStrategicInsights\/\" \/>\n<meta property=\"article:modified_time\" content=\"2024-07-02T23:37:17+00:00\" \/>\n<meta property=\"og:image\" content=\"https:\/\/www.pollara.com\/wp-content\/uploads\/2021\/08\/McCainLogoSM-300x177.png\" \/>\n<meta name=\"twitter:card\" content=\"summary_large_image\" \/>\n<meta name=\"twitter:site\" content=\"@Pollara\" \/>\n<script type=\"application\/ld+json\" class=\"yoast-schema-graph\">{\"@context\":\"https:\/\/schema.org\",\"@graph\":[{\"@type\":\"WebPage\",\"@id\":\"https:\/\/www.pollara.com\/fr-ca\/mccainrsvp_confirm\/\",\"url\":\"https:\/\/www.pollara.com\/fr-ca\/mccainrsvp_confirm\/\",\"name\":\"McCainRSVP_confirm &#187; Pollara Strategic Insights\",\"isPartOf\":{\"@id\":\"https:\/\/www.pollara.com\/fr-ca\/#website\"},\"primaryImageOfPage\":{\"@id\":\"https:\/\/www.pollara.com\/fr-ca\/mccainrsvp_confirm\/#primaryimage\"},\"image\":{\"@id\":\"https:\/\/www.pollara.com\/fr-ca\/mccainrsvp_confirm\/#primaryimage\"},\"thumbnailUrl\":\"https:\/\/www.pollara.com\/wp-content\/uploads\/2021\/08\/McCainLogoSM-300x177.png\",\"datePublished\":\"2021-08-30T21:07:44+00:00\",\"dateModified\":\"2024-07-02T23:37:17+00:00\",\"inLanguage\":\"fr-CA\",\"potentialAction\":[{\"@type\":\"ReadAction\",\"target\":[\"https:\/\/www.pollara.com\/fr-ca\/mccainrsvp_confirm\/\"]}]},{\"@type\":\"ImageObject\",\"inLanguage\":\"fr-CA\",\"@id\":\"https:\/\/www.pollara.com\/fr-ca\/mccainrsvp_confirm\/#primaryimage\",\"url\":\"https:\/\/www.pollara.com\/wp-content\/uploads\/2021\/08\/McCainLogoSM-300x177.png\",\"contentUrl\":\"https:\/\/www.pollara.com\/wp-content\/uploads\/2021\/08\/McCainLogoSM-300x177.png\"},{\"@type\":\"WebSite\",\"@id\":\"https:\/\/www.pollara.com\/fr-ca\/#website\",\"url\":\"https:\/\/www.pollara.com\/fr-ca\/\",\"name\":\"Pollara Strategic Insights\",\"description\":\"Canada\u2019s most senior, experienced research project leaders\",\"publisher\":{\"@id\":\"https:\/\/www.pollara.com\/fr-ca\/#organization\"},\"potentialAction\":[{\"@type\":\"SearchAction\",\"target\":{\"@type\":\"EntryPoint\",\"urlTemplate\":\"https:\/\/www.pollara.com\/fr-ca\/?s={search_term_string}\"},\"query-input\":{\"@type\":\"PropertyValueSpecification\",\"valueRequired\":true,\"valueName\":\"search_term_string\"}}],\"inLanguage\":\"fr-CA\"},{\"@type\":\"Organization\",\"@id\":\"https:\/\/www.pollara.com\/fr-ca\/#organization\",\"name\":\"Pollara Strategic Insights\",\"url\":\"https:\/\/www.pollara.com\/fr-ca\/\",\"logo\":{\"@type\":\"ImageObject\",\"inLanguage\":\"fr-CA\",\"@id\":\"https:\/\/www.pollara.com\/fr-ca\/#\/schema\/logo\/image\/\",\"url\":\"https:\/\/www.pollara.com\/wp-content\/uploads\/2017\/12\/pollara-1.svg\",\"contentUrl\":\"https:\/\/www.pollara.com\/wp-content\/uploads\/2017\/12\/pollara-1.svg\",\"width\":1,\"height\":1,\"caption\":\"Pollara Strategic Insights\"},\"image\":{\"@id\":\"https:\/\/www.pollara.com\/fr-ca\/#\/schema\/logo\/image\/\"},\"sameAs\":[\"https:\/\/www.facebook.com\/PollaraStrategicInsights\/\",\"https:\/\/x.com\/Pollara\",\"https:\/\/www.instagram.com\/pollarastrategicinsights\/\",\"https:\/\/www.linkedin.com\/company\/pollarastrategicinsights\/\"]}]}<\/script>\n<!-- \/ Yoast SEO plugin. -->","yoast_head_json":{"title":"McCainRSVP_confirm &#187; Pollara Strategic Insights","robots":{"index":"index","follow":"follow","max-snippet":"max-snippet:-1","max-image-preview":"max-image-preview:large","max-video-preview":"max-video-preview:-1"},"canonical":"https:\/\/www.pollara.com\/fr-ca\/mccainrsvp_confirm\/","og_locale":"fr_CA","og_type":"article","og_title":"McCainRSVP_confirm &#187; Pollara Strategic Insights","og_description":"Au plaisir de vous y voir&nbsp;! Un lien Zoom sera envoy\u00e9 \u00e0 votre adresse e-mail avant le 5 octobre Si vous avez d\u2019autres questions, veuillez communiquer avec Jessica McGhie \u00e0 Jessica.MCGHIE@mccain.co.uk. Pour en savoir plus sur nos engagements en mati\u00e8re de d\u00e9veloppement durable, visitez www.mccain.com\/sustainability.","og_url":"https:\/\/www.pollara.com\/fr-ca\/mccainrsvp_confirm\/","og_site_name":"Pollara Strategic Insights","article_publisher":"https:\/\/www.facebook.com\/PollaraStrategicInsights\/","article_modified_time":"2024-07-02T23:37:17+00:00","og_image":[{"url":"https:\/\/www.pollara.com\/wp-content\/uploads\/2021\/08\/McCainLogoSM-300x177.png","type":"","width":"","height":""}],"twitter_card":"summary_large_image","twitter_site":"@Pollara","schema":{"@context":"https:\/\/schema.org","@graph":[{"@type":"WebPage","@id":"https:\/\/www.pollara.com\/fr-ca\/mccainrsvp_confirm\/","url":"https:\/\/www.pollara.com\/fr-ca\/mccainrsvp_confirm\/","name":"McCainRSVP_confirm &#187; Pollara Strategic Insights","isPartOf":{"@id":"https:\/\/www.pollara.com\/fr-ca\/#website"},"primaryImageOfPage":{"@id":"https:\/\/www.pollara.com\/fr-ca\/mccainrsvp_confirm\/#primaryimage"},"image":{"@id":"https:\/\/www.pollara.com\/fr-ca\/mccainrsvp_confirm\/#primaryimage"},"thumbnailUrl":"https:\/\/www.pollara.com\/wp-content\/uploads\/2021\/08\/McCainLogoSM-300x177.png","datePublished":"2021-08-30T21:07:44+00:00","dateModified":"2024-07-02T23:37:17+00:00","inLanguage":"fr-CA","potentialAction":[{"@type":"ReadAction","target":["https:\/\/www.pollara.com\/fr-ca\/mccainrsvp_confirm\/"]}]},{"@type":"ImageObject","inLanguage":"fr-CA","@id":"https:\/\/www.pollara.com\/fr-ca\/mccainrsvp_confirm\/#primaryimage","url":"https:\/\/www.pollara.com\/wp-content\/uploads\/2021\/08\/McCainLogoSM-300x177.png","contentUrl":"https:\/\/www.pollara.com\/wp-content\/uploads\/2021\/08\/McCainLogoSM-300x177.png"},{"@type":"WebSite","@id":"https:\/\/www.pollara.com\/fr-ca\/#website","url":"https:\/\/www.pollara.com\/fr-ca\/","name":"Pollara Strategic Insights","description":"Canada\u2019s most senior, experienced research project leaders","publisher":{"@id":"https:\/\/www.pollara.com\/fr-ca\/#organization"},"potentialAction":[{"@type":"SearchAction","target":{"@type":"EntryPoint","urlTemplate":"https:\/\/www.pollara.com\/fr-ca\/?s={search_term_string}"},"query-input":{"@type":"PropertyValueSpecification","valueRequired":true,"valueName":"search_term_string"}}],"inLanguage":"fr-CA"},{"@type":"Organization","@id":"https:\/\/www.pollara.com\/fr-ca\/#organization","name":"Pollara Strategic Insights","url":"https:\/\/www.pollara.com\/fr-ca\/","logo":{"@type":"ImageObject","inLanguage":"fr-CA","@id":"https:\/\/www.pollara.com\/fr-ca\/#\/schema\/logo\/image\/","url":"https:\/\/www.pollara.com\/wp-content\/uploads\/2017\/12\/pollara-1.svg","contentUrl":"https:\/\/www.pollara.com\/wp-content\/uploads\/2017\/12\/pollara-1.svg","width":1,"height":1,"caption":"Pollara Strategic Insights"},"image":{"@id":"https:\/\/www.pollara.com\/fr-ca\/#\/schema\/logo\/image\/"},"sameAs":["https:\/\/www.facebook.com\/PollaraStrategicInsights\/","https:\/\/x.com\/Pollara","https:\/\/www.instagram.com\/pollarastrategicinsights\/","https:\/\/www.linkedin.com\/company\/pollarastrategicinsights\/"]}]}},"jetpack_sharing_enabled":true,"_links":{"self":[{"href":"https:\/\/www.pollara.com\/fr-ca\/wp-json\/wp\/v2\/pages\/24450","targetHints":{"allow":["GET"]}}],"collection":[{"href":"https:\/\/www.pollara.com\/fr-ca\/wp-json\/wp\/v2\/pages"}],"about":[{"href":"https:\/\/www.pollara.com\/fr-ca\/wp-json\/wp\/v2\/types\/page"}],"author":[{"embeddable":true,"href":"https:\/\/www.pollara.com\/fr-ca\/wp-json\/wp\/v2\/users\/23"}],"replies":[{"embeddable":true,"href":"https:\/\/www.pollara.com\/fr-ca\/wp-json\/wp\/v2\/comments?post=24450"}],"version-history":[{"count":1,"href":"https:\/\/www.pollara.com\/fr-ca\/wp-json\/wp\/v2\/pages\/24450\/revisions"}],"predecessor-version":[{"id":24453,"href":"https:\/\/www.pollara.com\/fr-ca\/wp-json\/wp\/v2\/pages\/24450\/revisions\/24453"}],"wp:attachment":[{"href":"https:\/\/www.pollara.com\/fr-ca\/wp-json\/wp\/v2\/media?parent=24450"}],"curies":[{"name":"wp","href":"https:\/\/api.w.org\/{rel}","templated":true}]}}