{"id":24463,"date":"2021-05-26T11:01:53","date_gmt":"2021-05-26T15:01:53","guid":{"rendered":"https:\/\/www.pollara.com\/carrieres\/"},"modified":"2024-07-02T19:37:17","modified_gmt":"2024-07-02T23:37:17","slug":"carrieres","status":"publish","type":"page","link":"https:\/\/www.pollara.com\/fr-ca\/carrieres\/","title":{"rendered":"Carri\u00e8res"},"content":{"rendered":"\t\t<div data-elementor-type=\"wp-page\" data-elementor-id=\"24463\" class=\"elementor elementor-24463 elementor-17783\" data-elementor-post-type=\"page\">\n\t\t\t\t\t\t<section class=\"elementor-section elementor-top-section elementor-element elementor-element-46bead2b elementor-section-height-min-height elementor-section-boxed elementor-section-height-default elementor-section-items-middle\" data-id=\"46bead2b\" data-element_type=\"section\" data-settings=\"{&quot;background_background&quot;:&quot;classic&quot;,&quot;shape_divider_bottom&quot;:&quot;tilt&quot;,&quot;shape_divider_top&quot;:&quot;opacity-tilt&quot;}\">\n\t\t\t\t\t\t\t<div class=\"elementor-background-overlay\"><\/div>\n\t\t\t\t\t\t<div class=\"elementor-shape elementor-shape-top\" aria-hidden=\"true\" data-negative=\"false\">\n\t\t\t<svg xmlns=\"http:\/\/www.w3.org\/2000\/svg\" viewBox=\"0 0 2600 131.1\" preserveAspectRatio=\"none\">\n\t<path class=\"elementor-shape-fill\" d=\"M0 0L2600 0 2600 69.1 0 0z\"\/>\n\t<path class=\"elementor-shape-fill\" style=\"opacity:0.5\" d=\"M0 0L2600 0 2600 69.1 0 69.1z\"\/>\n\t<path class=\"elementor-shape-fill\" style=\"opacity:0.25\" d=\"M2600 0L0 0 0 130.1 2600 69.1z\"\/>\n<\/svg>\t\t<\/div>\n\t\t\t\t<div class=\"elementor-shape elementor-shape-bottom\" aria-hidden=\"true\" data-negative=\"false\">\n\t\t\t<svg xmlns=\"http:\/\/www.w3.org\/2000\/svg\" viewBox=\"0 0 1000 100\" preserveAspectRatio=\"none\">\n\t<path class=\"elementor-shape-fill\" d=\"M0,6V0h1000v100L0,6z\"\/>\n<\/svg>\t\t<\/div>\n\t\t\t\t\t<div class=\"elementor-container elementor-column-gap-default\">\n\t\t\t\t\t<div class=\"elementor-column elementor-col-100 elementor-top-column elementor-element elementor-element-682c06b2 elementor-invisible\" data-id=\"682c06b2\" data-element_type=\"column\" data-settings=\"{&quot;animation&quot;:&quot;fadeIn&quot;}\">\n\t\t\t<div class=\"elementor-widget-wrap elementor-element-populated\">\n\t\t\t\t\t\t<div class=\"elementor-element elementor-element-7b320195 elementor-invisible elementor-widget elementor-widget-heading\" data-id=\"7b320195\" data-element_type=\"widget\" data-settings=\"{&quot;_animation&quot;:&quot;fadeIn&quot;}\" data-widget_type=\"heading.default\">\n\t\t\t\t<div class=\"elementor-widget-container\">\n\t\t\t\t\t<h3 class=\"elementor-heading-title elementor-size-default\">Carri\u00e8res chez<\/h3>\t\t\t\t<\/div>\n\t\t\t\t<\/div>\n\t\t\t\t<div class=\"elementor-element elementor-element-1a61f5a elementor-invisible elementor-widget elementor-widget-heading\" data-id=\"1a61f5a\" data-element_type=\"widget\" data-settings=\"{&quot;_animation&quot;:&quot;fadeInDown&quot;}\" data-widget_type=\"heading.default\">\n\t\t\t\t<div class=\"elementor-widget-container\">\n\t\t\t\t\t<h3 class=\"elementor-heading-title elementor-size-default\">Aper\u00e7us strat\u00e9giques de Pollara<\/h3>\t\t\t\t<\/div>\n\t\t\t\t<\/div>\n\t\t\t\t\t<\/div>\n\t\t<\/div>\n\t\t\t\t\t<\/div>\n\t\t<\/section>\n\t\t\t\t<section class=\"elementor-section elementor-top-section elementor-element elementor-element-0ce4c1a elementor-section-boxed elementor-section-height-default elementor-section-height-default\" data-id=\"0ce4c1a\" data-element_type=\"section\">\n\t\t\t\t\t\t<div class=\"elementor-container elementor-column-gap-default\">\n\t\t\t\t\t<div class=\"elementor-column elementor-col-100 elementor-top-column elementor-element elementor-element-fbd752c\" data-id=\"fbd752c\" data-element_type=\"column\" data-settings=\"{&quot;animation&quot;:&quot;none&quot;}\">\n\t\t\t<div class=\"elementor-widget-wrap elementor-element-populated\">\n\t\t\t\t\t\t<div class=\"elementor-element elementor-element-161d4a5 elementor-widget elementor-widget-heading\" data-id=\"161d4a5\" data-element_type=\"widget\" data-widget_type=\"heading.default\">\n\t\t\t\t<div class=\"elementor-widget-container\">\n\t\t\t\t\t<h2 class=\"elementor-heading-title elementor-size-default\">Possibilit\u00e9s actuelles<\/h2>\t\t\t\t<\/div>\n\t\t\t\t<\/div>\n\t\t\t\t<div class=\"elementor-element elementor-element-a534d70 elementor-widget elementor-widget-text-editor\" data-id=\"a534d70\" data-element_type=\"widget\" data-widget_type=\"text-editor.default\">\n\t\t\t\t<div class=\"elementor-widget-container\">\n\t\t\t\t\t\t\t\t\t<h3 style=\"text-align: left;\"><strong>Offre d\u2019emploi, mars 2024 : Gestionnaire principal de la recherche \u00e0 Ottawa<\/strong><\/h3>\n<p>\u00cates-vous chercheur dans la r\u00e9gion d\u2019Ottawa&nbsp;? Pollara Strategic Insights embauche un gestionnaire principal de la recherche bilingue pour se joindre \u00e0 leur incroyable \u00e9quipe \u00e0 Ottawa.<\/p>\n<p>Consultez l\u2019offre d\u2019emploi et postulez via LinkedIn&nbsp;:<\/p>\n\t\t\t\t\t\t\t\t<\/div>\n\t\t\t\t<\/div>\n\t\t\t\t<div class=\"elementor-element elementor-element-7ea1823 elementor-widget elementor-widget-button\" data-id=\"7ea1823\" data-element_type=\"widget\" data-widget_type=\"button.default\">\n\t\t\t\t<div class=\"elementor-widget-container\">\n\t\t\t\t\t\t\t\t\t<div class=\"elementor-button-wrapper\">\n\t\t\t\t\t<a class=\"elementor-button elementor-button-link elementor-size-lg\" href=\"https:\/\/www.linkedin.com\/jobs\/view\/3842513244\">\n\t\t\t\t\t\t<span class=\"elementor-button-content-wrapper\">\n\t\t\t\t\t\t<span class=\"elementor-button-icon\">\n\t\t\t\t<i aria-hidden=\"true\" class=\"fab fa-linkedin\"><\/i>\t\t\t<\/span>\n\t\t\t\t\t\t\t\t\t<span class=\"elementor-button-text\">Postulez via Linkedin<\/span>\n\t\t\t\t\t<\/span>\n\t\t\t\t\t<\/a>\n\t\t\t\t<\/div>\n\t\t\t\t\t\t\t\t<\/div>\n\t\t\t\t<\/div>\n\t\t\t\t<div class=\"elementor-element elementor-element-3a75b86 elementor-widget elementor-widget-spacer\" data-id=\"3a75b86\" data-element_type=\"widget\" data-widget_type=\"spacer.default\">\n\t\t\t\t<div class=\"elementor-widget-container\">\n\t\t\t\t\t\t\t<div class=\"elementor-spacer\">\n\t\t\t<div class=\"elementor-spacer-inner\"><\/div>\n\t\t<\/div>\n\t\t\t\t\t\t<\/div>\n\t\t\t\t<\/div>\n\t\t\t\t<div class=\"elementor-element elementor-element-e8f5ab0 elementor-widget elementor-widget-heading\" data-id=\"e8f5ab0\" data-element_type=\"widget\" data-widget_type=\"heading.default\">\n\t\t\t\t<div class=\"elementor-widget-container\">\n\t\t\t\t\t<h2 class=\"elementor-heading-title elementor-size-default\">Carri\u00e8res chez Pollara Strategic Insights<\/h2>\t\t\t\t<\/div>\n\t\t\t\t<\/div>\n\t\t\t\t<div class=\"elementor-element elementor-element-0bbec81 elementor-widget elementor-widget-text-editor\" data-id=\"0bbec81\" data-element_type=\"widget\" data-widget_type=\"text-editor.default\">\n\t\t\t\t<div class=\"elementor-widget-container\">\n\t\t\t\t\t\t\t\t\t<div style=\"text-align: left;\" align=\"justify\">Avez-vous une passion pour la compr\u00e9hension des gens &#8211; qu\u2019il s\u2019agisse de consommateurs, d\u2019intervenants, d\u2019influenceurs ou de membres du public&nbsp;? \u00cates-vous impatient d\u2019aller au-del\u00e0 de vos clients en appliquant votre r\u00e9activit\u00e9, votre cr\u00e9ativit\u00e9 et votre expertise afin de d\u00e9velopper un partenariat solide et b\u00e9n\u00e9fique avec eux&nbsp;? Aimez-vous d\u00e9couvrir les courants sous-jacents influents sous la surface des donn\u00e9es de premi\u00e8re ligne et identifier les segments cibles cl\u00e9s et ce qui les motive &#8211; en fournissant des conseils strat\u00e9giques clairs, exploitables et r\u00e9alistes qui ont un impact b\u00e9n\u00e9fique sur les d\u00e9cisions et les plans des clients&nbsp;?<\/div>\n<div style=\"text-align: left;\" align=\"justify\"> <\/div>\n<div style=\"text-align: left;\" align=\"justify\">Ensuite, envisagez de rejoindre Pollara.<\/div>\n<div style=\"text-align: left;\" align=\"justify\"> <\/div>\n<div style=\"text-align: left;\" align=\"justify\">Vous travaillerez avec des entreprises et des marques de premier plan, soutenues par une \u00e9quipe de chercheurs passionn\u00e9s, engag\u00e9s, intelligents, collaboratifs, diversifi\u00e9s, amicaux et accueillants. Vous ferez partie de la croissance et du succ\u00e8s de notre entreprise, en partageant et en lan\u00e7ant vos id\u00e9es de nouveaux produits et mod\u00e8les, ainsi qu\u2019en apprenant de nouvelles approches de pointe pour la conception de projets et l\u2019analyse de la recherche.<\/div>\n\t\t\t\t\t\t\t\t<\/div>\n\t\t\t\t<\/div>\n\t\t\t\t<div class=\"elementor-element elementor-element-4a2c957 elementor-widget elementor-widget-heading\" data-id=\"4a2c957\" data-element_type=\"widget\" data-widget_type=\"heading.default\">\n\t\t\t\t<div class=\"elementor-widget-container\">\n\t\t\t\t\t<h2 class=\"elementor-heading-title elementor-size-default\">Embrasser la diversit\u00e9 et l\u2019inclusion<\/h2>\t\t\t\t<\/div>\n\t\t\t\t<\/div>\n\t\t\t\t<div class=\"elementor-element elementor-element-ecdfb3c elementor-widget elementor-widget-text-editor\" data-id=\"ecdfb3c\" data-element_type=\"widget\" data-widget_type=\"text-editor.default\">\n\t\t\t\t<div class=\"elementor-widget-container\">\n\t\t\t\t\t\t\t\t\t<div style=\"text-align: left;\" align=\"justify\">Pollara croit qu\u2019une main-d\u2019\u0153uvre diversifi\u00e9e est une force. Les ant\u00e9c\u00e9dents, les exp\u00e9riences et les perspectives uniques de chaque employ\u00e9 am\u00e9liorent et contribuent au tissu de notre main-d\u2019\u0153uvre, \u00e0 la pertinence et \u00e0 l\u2019efficacit\u00e9 de nos solutions de recherche et \u00e0 nos relations professionnelles avec nos clients, nos r\u00e9pondants et nos fournisseurs.<\/p>\n<\/div>\n<div style=\"text-align: left;\" align=\"justify\">Nous nous engageons \u00e0 attirer, \u00e0 d\u00e9velopper et \u00e0 retenir les personnes les plus talentueuses, peu importe leur origine ethnoculturelle ou racialis\u00e9e, leur orientation sexuelle, leur identit\u00e9 de genre, leur religion, leur \u00e2ge et leurs capacit\u00e9s physiques. Ces pratiques sont fondamentales pour le succ\u00e8s de notre entreprise et de notre soci\u00e9t\u00e9.<\/div>\n<div style=\"text-align: left;\" align=\"justify\"> <\/div>\n<div style=\"text-align: left;\" align=\"justify\">Notre engagement \u00e0 respecter, soutenir et accueillir la diversit\u00e9 est int\u00e9gr\u00e9 dans tous les aspects de nos activit\u00e9s et de notre culture d\u2019entreprise. Nous ne tol\u00e9rons pas la discrimination ou l\u2019intol\u00e9rance sous quelque forme que ce soit. Gr\u00e2ce au strict respect de ces engagements ainsi qu\u2019\u00e0 des processus et \u00e0 une surveillance rigoureux, nous favorisons une culture de travail inclusive et solidaire qui respecte et valorise toujours les divers ant\u00e9c\u00e9dents de tous nos employ\u00e9s, sans exception.<\/div>\n\t\t\t\t\t\t\t\t<\/div>\n\t\t\t\t<\/div>\n\t\t\t\t\t<\/div>\n\t\t<\/div>\n\t\t\t\t\t<\/div>\n\t\t<\/section>\n\t\t\t\t<\/div>\n\t\t","protected":false},"excerpt":{"rendered":"<p>Carri\u00e8res chez Aper\u00e7us strat\u00e9giques de Pollara Possibilit\u00e9s actuelles Offre d\u2019emploi, mars 2024 : Gestionnaire principal de la recherche \u00e0 Ottawa \u00cates-vous chercheur dans la r\u00e9gion d\u2019Ottawa&nbsp;? Pollara Strategic Insights embauche un gestionnaire principal de la recherche bilingue pour se joindre \u00e0 leur incroyable \u00e9quipe \u00e0 Ottawa. Consultez l\u2019offre d\u2019emploi et postulez via LinkedIn&nbsp;: Postulez via &hellip; <\/p>\n<p class=\"link-more\"><a href=\"https:\/\/www.pollara.com\/fr-ca\/carrieres\/\" class=\"more-link\">Continuer la lecture<span class=\"screen-reader-text\"> de &laquo; Carri\u00e8res &raquo;<\/span><\/a><\/p>\n","protected":false},"author":23,"featured_media":0,"parent":0,"menu_order":0,"comment_status":"closed","ping_status":"closed","template":"elementor_header_footer","meta":{"footnotes":""},"class_list":["post-24463","page","type-page","status-publish","hentry"],"yoast_head":"<!-- This site is optimized with the Yoast SEO plugin v26.9 - https:\/\/yoast.com\/product\/yoast-seo-wordpress\/ -->\n<title>Carri\u00e8res &#187; Pollara Strategic Insights<\/title>\n<meta name=\"description\" content=\"Vous travaillerez avec des entreprises et des marques de premier plan, soutenues par une \u00e9quipe de chercheurs passionn\u00e9s, engag\u00e9s, intelligents, collaboratifs, diversifi\u00e9s, amicaux et accueillants. Vous ferez partie de la croissance et du succ\u00e8s de notre entreprise, en partageant et en lan\u00e7ant vos id\u00e9es de nouveaux produits et mod\u00e8les, ainsi qu\u2019en apprenant de nouvelles approches de pointe pour la conception de projets et l\u2019analyse de la recherche.\" \/>\n<meta name=\"robots\" content=\"index, follow, max-snippet:-1, max-image-preview:large, max-video-preview:-1\" \/>\n<link rel=\"canonical\" href=\"https:\/\/www.pollara.com\/fr-ca\/carrieres\/\" \/>\n<meta property=\"og:locale\" content=\"fr_CA\" \/>\n<meta property=\"og:type\" content=\"article\" \/>\n<meta property=\"og:title\" content=\"Carri\u00e8res chez Pollara Strategic Insights\" \/>\n<meta property=\"og:description\" content=\"Avez-vous une passion pour la compr\u00e9hension des gens - qu\u2019il s\u2019agisse de consommateurs, d\u2019intervenants, d\u2019influenceurs ou de membres du public\u00a0? \u00cates-vous impatient d\u2019aller au-del\u00e0 de vos clients en appliquant votre r\u00e9activit\u00e9, votre cr\u00e9ativit\u00e9 et votre expertise afin de d\u00e9velopper un partenariat solide et b\u00e9n\u00e9fique avec eux\u00a0?\" \/>\n<meta property=\"og:url\" content=\"https:\/\/www.pollara.com\/fr-ca\/carrieres\/\" \/>\n<meta property=\"og:site_name\" content=\"Pollara Strategic Insights\" \/>\n<meta property=\"article:publisher\" content=\"https:\/\/www.facebook.com\/PollaraStrategicInsights\/\" \/>\n<meta property=\"article:modified_time\" content=\"2024-07-02T23:37:17+00:00\" \/>\n<meta property=\"og:image\" content=\"https:\/\/www.pollara.com\/wp-content\/uploads\/2021\/05\/PollaraRedsign-Employment3.jpg\" \/>\n<meta name=\"twitter:card\" content=\"summary_large_image\" \/>\n<meta name=\"twitter:title\" content=\"Carri\u00e8res chez Pollara Strategic Insights\" \/>\n<meta name=\"twitter:description\" content=\"Avez-vous une passion pour la compr\u00e9hension des gens - qu\u2019il s\u2019agisse de consommateurs, d\u2019intervenants, d\u2019influenceurs ou de membres du public\u00a0? \u00cates-vous impatient d\u2019aller au-del\u00e0 de vos clients en appliquant votre r\u00e9activit\u00e9, votre cr\u00e9ativit\u00e9 et votre expertise afin de d\u00e9velopper un partenariat solide et b\u00e9n\u00e9fique avec eux\u00a0?\" \/>\n<meta name=\"twitter:image\" content=\"https:\/\/www.pollara.com\/wp-content\/uploads\/2021\/05\/PollaraRedsign-Employment3.jpg\" \/>\n<meta name=\"twitter:site\" content=\"@Pollara\" \/>\n<meta name=\"twitter:label1\" content=\"Estimation du temps de lecture\" \/>\n\t<meta name=\"twitter:data1\" content=\"2 minutes\" \/>\n<script type=\"application\/ld+json\" class=\"yoast-schema-graph\">{\"@context\":\"https:\/\/schema.org\",\"@graph\":[{\"@type\":\"WebPage\",\"@id\":\"https:\/\/www.pollara.com\/fr-ca\/carrieres\/\",\"url\":\"https:\/\/www.pollara.com\/fr-ca\/carrieres\/\",\"name\":\"Carri\u00e8res &#187; Pollara Strategic Insights\",\"isPartOf\":{\"@id\":\"https:\/\/www.pollara.com\/fr-ca\/#website\"},\"datePublished\":\"2021-05-26T15:01:53+00:00\",\"dateModified\":\"2024-07-02T23:37:17+00:00\",\"description\":\"Vous travaillerez avec des entreprises et des marques de premier plan, soutenues par une \u00e9quipe de chercheurs passionn\u00e9s, engag\u00e9s, intelligents, collaboratifs, diversifi\u00e9s, amicaux et accueillants. Vous ferez partie de la croissance et du succ\u00e8s de notre entreprise, en partageant et en lan\u00e7ant vos id\u00e9es de nouveaux produits et mod\u00e8les, ainsi qu\u2019en apprenant de nouvelles approches de pointe pour la conception de projets et l\u2019analyse de la recherche.\",\"inLanguage\":\"fr-CA\",\"potentialAction\":[{\"@type\":\"ReadAction\",\"target\":[\"https:\/\/www.pollara.com\/fr-ca\/carrieres\/\"]}]},{\"@type\":\"WebSite\",\"@id\":\"https:\/\/www.pollara.com\/fr-ca\/#website\",\"url\":\"https:\/\/www.pollara.com\/fr-ca\/\",\"name\":\"Pollara Strategic Insights\",\"description\":\"Canada\u2019s most senior, experienced research project leaders\",\"publisher\":{\"@id\":\"https:\/\/www.pollara.com\/fr-ca\/#organization\"},\"potentialAction\":[{\"@type\":\"SearchAction\",\"target\":{\"@type\":\"EntryPoint\",\"urlTemplate\":\"https:\/\/www.pollara.com\/fr-ca\/?s={search_term_string}\"},\"query-input\":{\"@type\":\"PropertyValueSpecification\",\"valueRequired\":true,\"valueName\":\"search_term_string\"}}],\"inLanguage\":\"fr-CA\"},{\"@type\":\"Organization\",\"@id\":\"https:\/\/www.pollara.com\/fr-ca\/#organization\",\"name\":\"Pollara Strategic Insights\",\"url\":\"https:\/\/www.pollara.com\/fr-ca\/\",\"logo\":{\"@type\":\"ImageObject\",\"inLanguage\":\"fr-CA\",\"@id\":\"https:\/\/www.pollara.com\/fr-ca\/#\/schema\/logo\/image\/\",\"url\":\"https:\/\/www.pollara.com\/wp-content\/uploads\/2017\/12\/pollara-1.svg\",\"contentUrl\":\"https:\/\/www.pollara.com\/wp-content\/uploads\/2017\/12\/pollara-1.svg\",\"width\":1,\"height\":1,\"caption\":\"Pollara Strategic Insights\"},\"image\":{\"@id\":\"https:\/\/www.pollara.com\/fr-ca\/#\/schema\/logo\/image\/\"},\"sameAs\":[\"https:\/\/www.facebook.com\/PollaraStrategicInsights\/\",\"https:\/\/x.com\/Pollara\",\"https:\/\/www.instagram.com\/pollarastrategicinsights\/\",\"https:\/\/www.linkedin.com\/company\/pollarastrategicinsights\/\"]}]}<\/script>\n<!-- \/ Yoast SEO plugin. -->","yoast_head_json":{"title":"Carri\u00e8res &#187; Pollara Strategic Insights","description":"Vous travaillerez avec des entreprises et des marques de premier plan, soutenues par une \u00e9quipe de chercheurs passionn\u00e9s, engag\u00e9s, intelligents, collaboratifs, diversifi\u00e9s, amicaux et accueillants. Vous ferez partie de la croissance et du succ\u00e8s de notre entreprise, en partageant et en lan\u00e7ant vos id\u00e9es de nouveaux produits et mod\u00e8les, ainsi qu\u2019en apprenant de nouvelles approches de pointe pour la conception de projets et l\u2019analyse de la recherche.","robots":{"index":"index","follow":"follow","max-snippet":"max-snippet:-1","max-image-preview":"max-image-preview:large","max-video-preview":"max-video-preview:-1"},"canonical":"https:\/\/www.pollara.com\/fr-ca\/carrieres\/","og_locale":"fr_CA","og_type":"article","og_title":"Carri\u00e8res chez Pollara Strategic Insights","og_description":"Avez-vous une passion pour la compr\u00e9hension des gens - qu\u2019il s\u2019agisse de consommateurs, d\u2019intervenants, d\u2019influenceurs ou de membres du public\u00a0? \u00cates-vous impatient d\u2019aller au-del\u00e0 de vos clients en appliquant votre r\u00e9activit\u00e9, votre cr\u00e9ativit\u00e9 et votre expertise afin de d\u00e9velopper un partenariat solide et b\u00e9n\u00e9fique avec eux\u00a0?","og_url":"https:\/\/www.pollara.com\/fr-ca\/carrieres\/","og_site_name":"Pollara Strategic Insights","article_publisher":"https:\/\/www.facebook.com\/PollaraStrategicInsights\/","article_modified_time":"2024-07-02T23:37:17+00:00","og_image":[{"url":"https:\/\/www.pollara.com\/wp-content\/uploads\/2021\/05\/PollaraRedsign-Employment3.jpg","type":"","width":"","height":""}],"twitter_card":"summary_large_image","twitter_title":"Carri\u00e8res chez Pollara Strategic Insights","twitter_description":"Avez-vous une passion pour la compr\u00e9hension des gens - qu\u2019il s\u2019agisse de consommateurs, d\u2019intervenants, d\u2019influenceurs ou de membres du public\u00a0? \u00cates-vous impatient d\u2019aller au-del\u00e0 de vos clients en appliquant votre r\u00e9activit\u00e9, votre cr\u00e9ativit\u00e9 et votre expertise afin de d\u00e9velopper un partenariat solide et b\u00e9n\u00e9fique avec eux\u00a0?","twitter_image":"https:\/\/www.pollara.com\/wp-content\/uploads\/2021\/05\/PollaraRedsign-Employment3.jpg","twitter_site":"@Pollara","twitter_misc":{"Estimation du temps de lecture":"2 minutes"},"schema":{"@context":"https:\/\/schema.org","@graph":[{"@type":"WebPage","@id":"https:\/\/www.pollara.com\/fr-ca\/carrieres\/","url":"https:\/\/www.pollara.com\/fr-ca\/carrieres\/","name":"Carri\u00e8res &#187; Pollara Strategic Insights","isPartOf":{"@id":"https:\/\/www.pollara.com\/fr-ca\/#website"},"datePublished":"2021-05-26T15:01:53+00:00","dateModified":"2024-07-02T23:37:17+00:00","description":"Vous travaillerez avec des entreprises et des marques de premier plan, soutenues par une \u00e9quipe de chercheurs passionn\u00e9s, engag\u00e9s, intelligents, collaboratifs, diversifi\u00e9s, amicaux et accueillants. Vous ferez partie de la croissance et du succ\u00e8s de notre entreprise, en partageant et en lan\u00e7ant vos id\u00e9es de nouveaux produits et mod\u00e8les, ainsi qu\u2019en apprenant de nouvelles approches de pointe pour la conception de projets et l\u2019analyse de la recherche.","inLanguage":"fr-CA","potentialAction":[{"@type":"ReadAction","target":["https:\/\/www.pollara.com\/fr-ca\/carrieres\/"]}]},{"@type":"WebSite","@id":"https:\/\/www.pollara.com\/fr-ca\/#website","url":"https:\/\/www.pollara.com\/fr-ca\/","name":"Pollara Strategic Insights","description":"Canada\u2019s most senior, experienced research project leaders","publisher":{"@id":"https:\/\/www.pollara.com\/fr-ca\/#organization"},"potentialAction":[{"@type":"SearchAction","target":{"@type":"EntryPoint","urlTemplate":"https:\/\/www.pollara.com\/fr-ca\/?s={search_term_string}"},"query-input":{"@type":"PropertyValueSpecification","valueRequired":true,"valueName":"search_term_string"}}],"inLanguage":"fr-CA"},{"@type":"Organization","@id":"https:\/\/www.pollara.com\/fr-ca\/#organization","name":"Pollara Strategic Insights","url":"https:\/\/www.pollara.com\/fr-ca\/","logo":{"@type":"ImageObject","inLanguage":"fr-CA","@id":"https:\/\/www.pollara.com\/fr-ca\/#\/schema\/logo\/image\/","url":"https:\/\/www.pollara.com\/wp-content\/uploads\/2017\/12\/pollara-1.svg","contentUrl":"https:\/\/www.pollara.com\/wp-content\/uploads\/2017\/12\/pollara-1.svg","width":1,"height":1,"caption":"Pollara Strategic Insights"},"image":{"@id":"https:\/\/www.pollara.com\/fr-ca\/#\/schema\/logo\/image\/"},"sameAs":["https:\/\/www.facebook.com\/PollaraStrategicInsights\/","https:\/\/x.com\/Pollara","https:\/\/www.instagram.com\/pollarastrategicinsights\/","https:\/\/www.linkedin.com\/company\/pollarastrategicinsights\/"]}]}},"jetpack_sharing_enabled":true,"_links":{"self":[{"href":"https:\/\/www.pollara.com\/fr-ca\/wp-json\/wp\/v2\/pages\/24463","targetHints":{"allow":["GET"]}}],"collection":[{"href":"https:\/\/www.pollara.com\/fr-ca\/wp-json\/wp\/v2\/pages"}],"about":[{"href":"https:\/\/www.pollara.com\/fr-ca\/wp-json\/wp\/v2\/types\/page"}],"author":[{"embeddable":true,"href":"https:\/\/www.pollara.com\/fr-ca\/wp-json\/wp\/v2\/users\/23"}],"replies":[{"embeddable":true,"href":"https:\/\/www.pollara.com\/fr-ca\/wp-json\/wp\/v2\/comments?post=24463"}],"version-history":[{"count":1,"href":"https:\/\/www.pollara.com\/fr-ca\/wp-json\/wp\/v2\/pages\/24463\/revisions"}],"predecessor-version":[{"id":24466,"href":"https:\/\/www.pollara.com\/fr-ca\/wp-json\/wp\/v2\/pages\/24463\/revisions\/24466"}],"wp:attachment":[{"href":"https:\/\/www.pollara.com\/fr-ca\/wp-json\/wp\/v2\/media?parent=24463"}],"curies":[{"name":"wp","href":"https:\/\/api.w.org\/{rel}","templated":true}]}}