{"id":24481,"date":"2020-03-09T16:46:52","date_gmt":"2020-03-09T20:46:52","guid":{"rendered":"https:\/\/www.pollara.com\/modelisation-dequations-structurelles\/"},"modified":"2024-07-02T19:37:24","modified_gmt":"2024-07-02T23:37:24","slug":"modelisation-dequations-structurelles","status":"publish","type":"page","link":"https:\/\/www.pollara.com\/fr-ca\/modelisation-dequations-structurelles\/","title":{"rendered":"Mod\u00e9lisation d\u2019\u00e9quations structurelles"},"content":{"rendered":"\t\t<div data-elementor-type=\"wp-page\" data-elementor-id=\"24481\" class=\"elementor elementor-24481 elementor-16601\" data-elementor-post-type=\"page\">\n\t\t\t\t\t\t<section class=\"elementor-section elementor-top-section elementor-element elementor-element-b4b0fba elementor-section-height-min-height elementor-section-content-middle elementor-section-boxed elementor-section-height-default elementor-section-items-middle\" data-id=\"b4b0fba\" data-element_type=\"section\" data-settings=\"{&quot;background_background&quot;:&quot;classic&quot;,&quot;shape_divider_bottom&quot;:&quot;tilt&quot;,&quot;shape_divider_top&quot;:&quot;opacity-tilt&quot;}\">\n\t\t\t\t\t\t\t<div class=\"elementor-background-overlay\"><\/div>\n\t\t\t\t\t\t<div class=\"elementor-shape elementor-shape-top\" aria-hidden=\"true\" data-negative=\"false\">\n\t\t\t<svg xmlns=\"http:\/\/www.w3.org\/2000\/svg\" viewBox=\"0 0 2600 131.1\" preserveAspectRatio=\"none\">\n\t<path class=\"elementor-shape-fill\" d=\"M0 0L2600 0 2600 69.1 0 0z\"\/>\n\t<path class=\"elementor-shape-fill\" style=\"opacity:0.5\" d=\"M0 0L2600 0 2600 69.1 0 69.1z\"\/>\n\t<path class=\"elementor-shape-fill\" style=\"opacity:0.25\" d=\"M2600 0L0 0 0 130.1 2600 69.1z\"\/>\n<\/svg>\t\t<\/div>\n\t\t\t\t<div class=\"elementor-shape elementor-shape-bottom\" aria-hidden=\"true\" data-negative=\"false\">\n\t\t\t<svg xmlns=\"http:\/\/www.w3.org\/2000\/svg\" viewBox=\"0 0 1000 100\" preserveAspectRatio=\"none\">\n\t<path class=\"elementor-shape-fill\" d=\"M0,6V0h1000v100L0,6z\"\/>\n<\/svg>\t\t<\/div>\n\t\t\t\t\t<div class=\"elementor-container elementor-column-gap-default\">\n\t\t\t\t\t<div class=\"elementor-column elementor-col-100 elementor-top-column elementor-element elementor-element-988865b\" data-id=\"988865b\" data-element_type=\"column\">\n\t\t\t<div class=\"elementor-widget-wrap elementor-element-populated\">\n\t\t\t\t\t\t<div class=\"elementor-element elementor-element-36426a9 elementor-widget elementor-widget-menu-anchor\" data-id=\"36426a9\" data-element_type=\"widget\" data-widget_type=\"menu-anchor.default\">\n\t\t\t\t<div class=\"elementor-widget-container\">\n\t\t\t\t\t\t\t<div class=\"elementor-menu-anchor\" id=\"sem\"><\/div>\n\t\t\t\t\t\t<\/div>\n\t\t\t\t<\/div>\n\t\t\t\t<div class=\"elementor-element elementor-element-f60d0d7 elementor-widget elementor-widget-heading\" data-id=\"f60d0d7\" data-element_type=\"widget\" data-widget_type=\"heading.default\">\n\t\t\t\t<div class=\"elementor-widget-container\">\n\t\t\t\t\t<h2 class=\"elementor-heading-title elementor-size-default\">Mod\u00e9lisation d\u2019\u00e9quations structurelles\n<\/h2>\t\t\t\t<\/div>\n\t\t\t\t<\/div>\n\t\t\t\t<div class=\"elementor-element elementor-element-093f9ac elementor-widget elementor-widget-heading\" data-id=\"093f9ac\" data-element_type=\"widget\" data-widget_type=\"heading.default\">\n\t\t\t\t<div class=\"elementor-widget-container\">\n\t\t\t\t\t<h2 class=\"elementor-heading-title elementor-size-default\">Une marque a de nombreux attributs et diff\u00e9rentes personnes appr\u00e9cient ces attributs diff\u00e9remment.\n\n<\/h2>\t\t\t\t<\/div>\n\t\t\t\t<\/div>\n\t\t\t\t<div class=\"elementor-element elementor-element-6dc9cd9 elementor-widget elementor-widget-text-editor\" data-id=\"6dc9cd9\" data-element_type=\"widget\" data-widget_type=\"text-editor.default\">\n\t\t\t\t<div class=\"elementor-widget-container\">\n\t\t\t\t\t\t\t\t\t<p>La mod\u00e9lisation par \u00e9quations structurelles, bien que complexe, nous permet en fin de compte de synth\u00e9tiser un vaste ensemble de donn\u00e9es dans une feuille de route exploitable. La mod\u00e9lisation d\u2019\u00e9quations structurelles permet de simplifier et de visualiser comment diff\u00e9rents segments r\u00e9agissent aux attributs de votre marque et comment les processus de pens\u00e9e \u00e9motionnels et rationnels des gens peuvent \u00eatre efficacement canalis\u00e9s pour augmenter la valeur de la marque.<\/p>\n<p>La mod\u00e9lisation d\u2019\u00e9quations structurelles est une approche de la mod\u00e9lisation des donn\u00e9es qui utilise une analyse de r\u00e9gression et des algorithmes it\u00e9ratifs pour produire une carte des voies de d\u00e9cision du public en ce qui concerne votre marque.<\/p>\n\t\t\t\t\t\t\t\t<\/div>\n\t\t\t\t<\/div>\n\t\t\t\t<div class=\"elementor-element elementor-element-4d001c1 elementor-widget elementor-widget-image\" data-id=\"4d001c1\" data-element_type=\"widget\" data-widget_type=\"image.default\">\n\t\t\t\t<div class=\"elementor-widget-container\">\n\t\t\t\t\t\t\t\t\t\t\t\t\t\t\t<img fetchpriority=\"high\" decoding=\"async\" width=\"525\" height=\"199\" src=\"https:\/\/www.pollara.com\/wp-content\/uploads\/2020\/03\/SEM-1024x389.png?wsr\" class=\"attachment-large size-large wp-image-23389\" alt=\"\" srcset=\"https:\/\/www.pollara.com\/wp-content\/uploads\/2020\/03\/SEM-1024x389.png 1024w, https:\/\/www.pollara.com\/wp-content\/uploads\/2020\/03\/SEM-300x114.png 300w, https:\/\/www.pollara.com\/wp-content\/uploads\/2020\/03\/SEM-768x292.png 768w, https:\/\/www.pollara.com\/wp-content\/uploads\/2020\/03\/SEM-1536x583.png 1536w, https:\/\/www.pollara.com\/wp-content\/uploads\/2020\/03\/SEM-2048x778.png 2048w\" sizes=\"100vw\" \/>\t\t\t\t\t\t\t\t\t\t\t\t\t\t\t<\/div>\n\t\t\t\t<\/div>\n\t\t\t\t\t<\/div>\n\t\t<\/div>\n\t\t\t\t\t<\/div>\n\t\t<\/section>\n\t\t\t\t<\/div>\n\t\t","protected":false},"excerpt":{"rendered":"<p>Mod\u00e9lisation d\u2019\u00e9quations structurelles Une marque a de nombreux attributs et diff\u00e9rentes personnes appr\u00e9cient ces attributs diff\u00e9remment. La mod\u00e9lisation par \u00e9quations structurelles, bien que complexe, nous permet en fin de compte de synth\u00e9tiser un vaste ensemble de donn\u00e9es dans une feuille de route exploitable. La mod\u00e9lisation d\u2019\u00e9quations structurelles permet de simplifier et de visualiser comment diff\u00e9rents &hellip; <\/p>\n<p class=\"link-more\"><a href=\"https:\/\/www.pollara.com\/fr-ca\/modelisation-dequations-structurelles\/\" class=\"more-link\">Continuer la lecture<span class=\"screen-reader-text\"> de &laquo; Mod\u00e9lisation d\u2019\u00e9quations structurelles &raquo;<\/span><\/a><\/p>\n","protected":false},"author":29,"featured_media":0,"parent":0,"menu_order":0,"comment_status":"closed","ping_status":"closed","template":"elementor_header_footer","meta":{"footnotes":""},"class_list":["post-24481","page","type-page","status-publish","hentry"],"yoast_head":"<!-- This site is optimized with the Yoast SEO plugin v26.9 - https:\/\/yoast.com\/product\/yoast-seo-wordpress\/ -->\n<title>Mod\u00e9lisation d\u2019\u00e9quations structurelles &#187; Pollara Strategic Insights<\/title>\n<meta name=\"robots\" content=\"index, follow, max-snippet:-1, max-image-preview:large, max-video-preview:-1\" \/>\n<link rel=\"canonical\" href=\"https:\/\/www.pollara.com\/fr-ca\/modelisation-dequations-structurelles\/\" \/>\n<meta property=\"og:locale\" content=\"fr_CA\" \/>\n<meta property=\"og:type\" content=\"article\" \/>\n<meta property=\"og:title\" content=\"Mod\u00e9lisation d\u2019\u00e9quations structurelles &#187; Pollara Strategic Insights\" \/>\n<meta property=\"og:description\" content=\"Mod\u00e9lisation d\u2019\u00e9quations structurelles Une marque a de nombreux attributs et diff\u00e9rentes personnes appr\u00e9cient ces attributs diff\u00e9remment. La mod\u00e9lisation par \u00e9quations structurelles, bien que complexe, nous permet en fin de compte de synth\u00e9tiser un vaste ensemble de donn\u00e9es dans une feuille de route exploitable. La mod\u00e9lisation d\u2019\u00e9quations structurelles permet de simplifier et de visualiser comment diff\u00e9rents &hellip; Continuer la lecture de &laquo; Mod\u00e9lisation d\u2019\u00e9quations structurelles &raquo;\" \/>\n<meta property=\"og:url\" content=\"https:\/\/www.pollara.com\/fr-ca\/modelisation-dequations-structurelles\/\" \/>\n<meta property=\"og:site_name\" content=\"Pollara Strategic Insights\" \/>\n<meta property=\"article:publisher\" content=\"https:\/\/www.facebook.com\/PollaraStrategicInsights\/\" \/>\n<meta property=\"article:modified_time\" content=\"2024-07-02T23:37:24+00:00\" \/>\n<meta property=\"og:image\" content=\"https:\/\/www.pollara.com\/wp-content\/uploads\/2020\/03\/SEM-1024x389.png\" \/>\n<meta name=\"twitter:card\" content=\"summary_large_image\" \/>\n<meta name=\"twitter:site\" content=\"@Pollara\" \/>\n<meta name=\"twitter:label1\" content=\"Estimation du temps de lecture\" \/>\n\t<meta name=\"twitter:data1\" content=\"1 minute\" \/>\n<script type=\"application\/ld+json\" class=\"yoast-schema-graph\">{\"@context\":\"https:\/\/schema.org\",\"@graph\":[{\"@type\":\"WebPage\",\"@id\":\"https:\/\/www.pollara.com\/fr-ca\/modelisation-dequations-structurelles\/\",\"url\":\"https:\/\/www.pollara.com\/fr-ca\/modelisation-dequations-structurelles\/\",\"name\":\"Mod\u00e9lisation d\u2019\u00e9quations structurelles &#187; Pollara Strategic Insights\",\"isPartOf\":{\"@id\":\"https:\/\/www.pollara.com\/fr-ca\/#website\"},\"primaryImageOfPage\":{\"@id\":\"https:\/\/www.pollara.com\/fr-ca\/modelisation-dequations-structurelles\/#primaryimage\"},\"image\":{\"@id\":\"https:\/\/www.pollara.com\/fr-ca\/modelisation-dequations-structurelles\/#primaryimage\"},\"thumbnailUrl\":\"https:\/\/www.pollara.com\/wp-content\/uploads\/2020\/03\/SEM-1024x389.png\",\"datePublished\":\"2020-03-09T20:46:52+00:00\",\"dateModified\":\"2024-07-02T23:37:24+00:00\",\"inLanguage\":\"fr-CA\",\"potentialAction\":[{\"@type\":\"ReadAction\",\"target\":[\"https:\/\/www.pollara.com\/fr-ca\/modelisation-dequations-structurelles\/\"]}]},{\"@type\":\"ImageObject\",\"inLanguage\":\"fr-CA\",\"@id\":\"https:\/\/www.pollara.com\/fr-ca\/modelisation-dequations-structurelles\/#primaryimage\",\"url\":\"https:\/\/www.pollara.com\/wp-content\/uploads\/2020\/03\/SEM-1024x389.png\",\"contentUrl\":\"https:\/\/www.pollara.com\/wp-content\/uploads\/2020\/03\/SEM-1024x389.png\"},{\"@type\":\"WebSite\",\"@id\":\"https:\/\/www.pollara.com\/fr-ca\/#website\",\"url\":\"https:\/\/www.pollara.com\/fr-ca\/\",\"name\":\"Pollara Strategic Insights\",\"description\":\"Canada\u2019s most senior, experienced research project leaders\",\"publisher\":{\"@id\":\"https:\/\/www.pollara.com\/fr-ca\/#organization\"},\"potentialAction\":[{\"@type\":\"SearchAction\",\"target\":{\"@type\":\"EntryPoint\",\"urlTemplate\":\"https:\/\/www.pollara.com\/fr-ca\/?s={search_term_string}\"},\"query-input\":{\"@type\":\"PropertyValueSpecification\",\"valueRequired\":true,\"valueName\":\"search_term_string\"}}],\"inLanguage\":\"fr-CA\"},{\"@type\":\"Organization\",\"@id\":\"https:\/\/www.pollara.com\/fr-ca\/#organization\",\"name\":\"Pollara Strategic Insights\",\"url\":\"https:\/\/www.pollara.com\/fr-ca\/\",\"logo\":{\"@type\":\"ImageObject\",\"inLanguage\":\"fr-CA\",\"@id\":\"https:\/\/www.pollara.com\/fr-ca\/#\/schema\/logo\/image\/\",\"url\":\"https:\/\/www.pollara.com\/wp-content\/uploads\/2017\/12\/pollara-1.svg\",\"contentUrl\":\"https:\/\/www.pollara.com\/wp-content\/uploads\/2017\/12\/pollara-1.svg\",\"width\":1,\"height\":1,\"caption\":\"Pollara Strategic Insights\"},\"image\":{\"@id\":\"https:\/\/www.pollara.com\/fr-ca\/#\/schema\/logo\/image\/\"},\"sameAs\":[\"https:\/\/www.facebook.com\/PollaraStrategicInsights\/\",\"https:\/\/x.com\/Pollara\",\"https:\/\/www.instagram.com\/pollarastrategicinsights\/\",\"https:\/\/www.linkedin.com\/company\/pollarastrategicinsights\/\"]}]}<\/script>\n<!-- \/ Yoast SEO plugin. -->","yoast_head_json":{"title":"Mod\u00e9lisation d\u2019\u00e9quations structurelles &#187; Pollara Strategic Insights","robots":{"index":"index","follow":"follow","max-snippet":"max-snippet:-1","max-image-preview":"max-image-preview:large","max-video-preview":"max-video-preview:-1"},"canonical":"https:\/\/www.pollara.com\/fr-ca\/modelisation-dequations-structurelles\/","og_locale":"fr_CA","og_type":"article","og_title":"Mod\u00e9lisation d\u2019\u00e9quations structurelles &#187; Pollara Strategic Insights","og_description":"Mod\u00e9lisation d\u2019\u00e9quations structurelles Une marque a de nombreux attributs et diff\u00e9rentes personnes appr\u00e9cient ces attributs diff\u00e9remment. La mod\u00e9lisation par \u00e9quations structurelles, bien que complexe, nous permet en fin de compte de synth\u00e9tiser un vaste ensemble de donn\u00e9es dans une feuille de route exploitable. La mod\u00e9lisation d\u2019\u00e9quations structurelles permet de simplifier et de visualiser comment diff\u00e9rents &hellip; Continuer la lecture de &laquo; Mod\u00e9lisation d\u2019\u00e9quations structurelles &raquo;","og_url":"https:\/\/www.pollara.com\/fr-ca\/modelisation-dequations-structurelles\/","og_site_name":"Pollara Strategic Insights","article_publisher":"https:\/\/www.facebook.com\/PollaraStrategicInsights\/","article_modified_time":"2024-07-02T23:37:24+00:00","og_image":[{"url":"https:\/\/www.pollara.com\/wp-content\/uploads\/2020\/03\/SEM-1024x389.png","type":"","width":"","height":""}],"twitter_card":"summary_large_image","twitter_site":"@Pollara","twitter_misc":{"Estimation du temps de lecture":"1 minute"},"schema":{"@context":"https:\/\/schema.org","@graph":[{"@type":"WebPage","@id":"https:\/\/www.pollara.com\/fr-ca\/modelisation-dequations-structurelles\/","url":"https:\/\/www.pollara.com\/fr-ca\/modelisation-dequations-structurelles\/","name":"Mod\u00e9lisation d\u2019\u00e9quations structurelles &#187; Pollara Strategic Insights","isPartOf":{"@id":"https:\/\/www.pollara.com\/fr-ca\/#website"},"primaryImageOfPage":{"@id":"https:\/\/www.pollara.com\/fr-ca\/modelisation-dequations-structurelles\/#primaryimage"},"image":{"@id":"https:\/\/www.pollara.com\/fr-ca\/modelisation-dequations-structurelles\/#primaryimage"},"thumbnailUrl":"https:\/\/www.pollara.com\/wp-content\/uploads\/2020\/03\/SEM-1024x389.png","datePublished":"2020-03-09T20:46:52+00:00","dateModified":"2024-07-02T23:37:24+00:00","inLanguage":"fr-CA","potentialAction":[{"@type":"ReadAction","target":["https:\/\/www.pollara.com\/fr-ca\/modelisation-dequations-structurelles\/"]}]},{"@type":"ImageObject","inLanguage":"fr-CA","@id":"https:\/\/www.pollara.com\/fr-ca\/modelisation-dequations-structurelles\/#primaryimage","url":"https:\/\/www.pollara.com\/wp-content\/uploads\/2020\/03\/SEM-1024x389.png","contentUrl":"https:\/\/www.pollara.com\/wp-content\/uploads\/2020\/03\/SEM-1024x389.png"},{"@type":"WebSite","@id":"https:\/\/www.pollara.com\/fr-ca\/#website","url":"https:\/\/www.pollara.com\/fr-ca\/","name":"Pollara Strategic Insights","description":"Canada\u2019s most senior, experienced research project leaders","publisher":{"@id":"https:\/\/www.pollara.com\/fr-ca\/#organization"},"potentialAction":[{"@type":"SearchAction","target":{"@type":"EntryPoint","urlTemplate":"https:\/\/www.pollara.com\/fr-ca\/?s={search_term_string}"},"query-input":{"@type":"PropertyValueSpecification","valueRequired":true,"valueName":"search_term_string"}}],"inLanguage":"fr-CA"},{"@type":"Organization","@id":"https:\/\/www.pollara.com\/fr-ca\/#organization","name":"Pollara Strategic Insights","url":"https:\/\/www.pollara.com\/fr-ca\/","logo":{"@type":"ImageObject","inLanguage":"fr-CA","@id":"https:\/\/www.pollara.com\/fr-ca\/#\/schema\/logo\/image\/","url":"https:\/\/www.pollara.com\/wp-content\/uploads\/2017\/12\/pollara-1.svg","contentUrl":"https:\/\/www.pollara.com\/wp-content\/uploads\/2017\/12\/pollara-1.svg","width":1,"height":1,"caption":"Pollara Strategic Insights"},"image":{"@id":"https:\/\/www.pollara.com\/fr-ca\/#\/schema\/logo\/image\/"},"sameAs":["https:\/\/www.facebook.com\/PollaraStrategicInsights\/","https:\/\/x.com\/Pollara","https:\/\/www.instagram.com\/pollarastrategicinsights\/","https:\/\/www.linkedin.com\/company\/pollarastrategicinsights\/"]}]}},"jetpack_sharing_enabled":true,"_links":{"self":[{"href":"https:\/\/www.pollara.com\/fr-ca\/wp-json\/wp\/v2\/pages\/24481","targetHints":{"allow":["GET"]}}],"collection":[{"href":"https:\/\/www.pollara.com\/fr-ca\/wp-json\/wp\/v2\/pages"}],"about":[{"href":"https:\/\/www.pollara.com\/fr-ca\/wp-json\/wp\/v2\/types\/page"}],"author":[{"embeddable":true,"href":"https:\/\/www.pollara.com\/fr-ca\/wp-json\/wp\/v2\/users\/29"}],"replies":[{"embeddable":true,"href":"https:\/\/www.pollara.com\/fr-ca\/wp-json\/wp\/v2\/comments?post=24481"}],"version-history":[{"count":1,"href":"https:\/\/www.pollara.com\/fr-ca\/wp-json\/wp\/v2\/pages\/24481\/revisions"}],"predecessor-version":[{"id":24482,"href":"https:\/\/www.pollara.com\/fr-ca\/wp-json\/wp\/v2\/pages\/24481\/revisions\/24482"}],"wp:attachment":[{"href":"https:\/\/www.pollara.com\/fr-ca\/wp-json\/wp\/v2\/media?parent=24481"}],"curies":[{"name":"wp","href":"https:\/\/api.w.org\/{rel}","templated":true}]}}