{"id":26347,"date":"2025-03-31T07:57:31","date_gmt":"2025-03-31T11:57:31","guid":{"rendered":"https:\/\/www.pollara.com\/special-election-federale-2025\/"},"modified":"2026-01-14T14:15:48","modified_gmt":"2026-01-14T19:15:48","slug":"echocle-observatoire-des-marques","status":"publish","type":"page","link":"https:\/\/www.pollara.com\/fr-ca\/echocle-observatoire-des-marques\/","title":{"rendered":"KeyCast | Le tableau de bord des indicateurs cl\u00e9s"},"content":{"rendered":"\t\t<div data-elementor-type=\"wp-page\" data-elementor-id=\"26347\" class=\"elementor elementor-26347 elementor-26314\" data-elementor-post-type=\"page\">\n\t\t\t\t<div class=\"elementor-element elementor-element-1b1bdde e-con-full animated-fast e-flex elementor-invisible e-con e-parent\" data-id=\"1b1bdde\" data-element_type=\"container\" data-settings=\"{&quot;background_background&quot;:&quot;classic&quot;,&quot;shape_divider_bottom&quot;:&quot;opacity-tilt&quot;,&quot;shape_divider_top&quot;:&quot;opacity-tilt&quot;,&quot;animation&quot;:&quot;fadeIn&quot;}\">\n\t\t\t\t<div class=\"elementor-shape elementor-shape-top\" aria-hidden=\"true\" data-negative=\"false\">\n\t\t\t<svg xmlns=\"http:\/\/www.w3.org\/2000\/svg\" viewBox=\"0 0 2600 131.1\" preserveAspectRatio=\"none\">\n\t<path class=\"elementor-shape-fill\" d=\"M0 0L2600 0 2600 69.1 0 0z\"\/>\n\t<path class=\"elementor-shape-fill\" style=\"opacity:0.5\" d=\"M0 0L2600 0 2600 69.1 0 69.1z\"\/>\n\t<path class=\"elementor-shape-fill\" style=\"opacity:0.25\" d=\"M2600 0L0 0 0 130.1 2600 69.1z\"\/>\n<\/svg>\t\t<\/div>\n\t\t\t\t<div class=\"elementor-shape elementor-shape-bottom\" aria-hidden=\"true\" data-negative=\"false\">\n\t\t\t<svg xmlns=\"http:\/\/www.w3.org\/2000\/svg\" viewBox=\"0 0 2600 131.1\" preserveAspectRatio=\"none\">\n\t<path class=\"elementor-shape-fill\" d=\"M0 0L2600 0 2600 69.1 0 0z\"\/>\n\t<path class=\"elementor-shape-fill\" style=\"opacity:0.5\" d=\"M0 0L2600 0 2600 69.1 0 69.1z\"\/>\n\t<path class=\"elementor-shape-fill\" style=\"opacity:0.25\" d=\"M2600 0L0 0 0 130.1 2600 69.1z\"\/>\n<\/svg>\t\t<\/div>\n\t\t\t\t<\/div>\n\t\t<div class=\"elementor-element elementor-element-18b2356 e-con-full e-flex e-con e-parent\" data-id=\"18b2356\" data-element_type=\"container\">\n\t\t<div class=\"elementor-element elementor-element-0b96893 e-con-full e-flex elementor-invisible e-con e-child\" data-id=\"0b96893\" data-element_type=\"container\" data-settings=\"{&quot;animation&quot;:&quot;fadeIn&quot;,&quot;animation_delay&quot;:200}\">\n\t\t\t\t<div class=\"elementor-element elementor-element-a8ecb91 elementor-widget elementor-widget-heading\" data-id=\"a8ecb91\" data-element_type=\"widget\" data-widget_type=\"heading.default\">\n\t\t\t\t<div class=\"elementor-widget-container\">\n\t\t\t\t\t<h2 class=\"elementor-heading-title elementor-size-default\">KeyCast<\/h2>\t\t\t\t<\/div>\n\t\t\t\t<\/div>\n\t\t\t\t<div class=\"elementor-element elementor-element-03809d4 elementor-widget elementor-widget-heading\" data-id=\"03809d4\" data-element_type=\"widget\" data-widget_type=\"heading.default\">\n\t\t\t\t<div class=\"elementor-widget-container\">\n\t\t\t\t\t<h2 class=\"elementor-heading-title elementor-size-default\">Le tableau de bord des indicateurs cl\u00e9s<\/h2>\t\t\t\t<\/div>\n\t\t\t\t<\/div>\n\t\t\t\t<div class=\"elementor-element elementor-element-9cce4b5 elementor-widget__width-initial trackerbody elementor-invisible elementor-widget elementor-widget-text-editor\" data-id=\"9cce4b5\" data-element_type=\"widget\" id=\"mandateParagraph\" data-settings=\"{&quot;_animation&quot;:&quot;fadeIn&quot;,&quot;_animation_delay&quot;:300}\" data-widget_type=\"text-editor.default\">\n\t\t\t\t<div class=\"elementor-widget-container\">\n\t\t\t\t\t\t\t\t\t<p class=\"x_MsoNormal\"><span lang=\"EN-US\">\u00c0 une \u00e9poque de tumulte et de changement, il est primordial que les entreprises et les gouvernements aient une ligne de mire permanente sur l\u2019\u00e9tat d\u2019esprit des Canadiens en ce qui concerne les principaux indicateurs de consommation, financiers, \u00e9conomiques, politiques et de r\u00e9putation.  <\/span><\/p><p class=\"x_MsoNormal\"><span lang=\"EN-US\">Que pensent-ils des d\u00e9fis auxquels nous sommes confront\u00e9s et quels sont leurs points faibles?  <\/span><\/p><ul><li style=\"list-style-type: none;\"><ul><li class=\"x_MsoNormal\"><span lang=\"EN-US\">Se sentent-ils en s\u00e9curit\u00e9 quant \u00e0 leurs finances, leurs investissements et leur emploi?  <\/span><\/li><li class=\"x_MsoNormal\"><span lang=\"EN-US\">Modifient-ils leurs habitudes de d\u00e9penses et comment?  <\/span><\/li><li class=\"x_MsoNormal\"><span lang=\"EN-US\">Leur point de vue sur votre entreprise et vos concurrents change-t-il?  <\/span><\/li><li class=\"x_MsoNormal\"><span lang=\"EN-US\">Modifient-ils leur soutien politique?  <\/span><\/li><li class=\"x_MsoNormal\"><span lang=\"EN-US\">Sont-ils satisfaits de ce qu\u2019ils voient des entreprises et des gouvernements, et quelles sont leurs demandes?<\/span><\/li><\/ul><\/li><\/ul><p class=\"x_MsoNormal\"><span lang=\"EN-US\">Le service d\u2019abonnement KeyCast de Pollara vous permet d\u2019avoir toujours \u00e0 port\u00e9e de main des donn\u00e9es de suivi \u00e0 jour sur ces indicateurs cl\u00e9s, via des mises \u00e0 jour mensuelles, accessibles sur un tableau de bord en ligne s\u00e9curis\u00e9.<\/span><\/p>\t\t\t\t\t\t\t\t<\/div>\n\t\t\t\t<\/div>\n\t\t\t\t<div class=\"elementor-element elementor-element-f9085c1 elementor-widget elementor-widget-image\" data-id=\"f9085c1\" data-element_type=\"widget\" data-widget_type=\"image.default\">\n\t\t\t\t<div class=\"elementor-widget-container\">\n\t\t\t\t\t\t\t\t\t\t\t\t\t\t\t<img decoding=\"async\" src=\"https:\/\/www.pollara.com\/wp-content\/uploads\/2025\/04\/Monitor_xtraWide.jpg\" title=\"Monitor_xtraWide\" alt=\"Monitor_xtraWide\" loading=\"lazy\" \/>\t\t\t\t\t\t\t\t\t\t\t\t\t\t\t<\/div>\n\t\t\t\t<\/div>\n\t\t\t\t<div class=\"elementor-element elementor-element-72de894 elementor-widget__width-initial trackerbody elementor-invisible elementor-widget elementor-widget-text-editor\" data-id=\"72de894\" data-element_type=\"widget\" data-settings=\"{&quot;_animation&quot;:&quot;fadeIn&quot;,&quot;_animation_delay&quot;:300}\" data-widget_type=\"text-editor.default\">\n\t\t\t\t<div class=\"elementor-widget-container\">\n\t\t\t\t\t\t\t\t\t<p class=\"x_MsoNormal\"><span lang=\"EN-US\">KeyCast est un tableau de bord de suivi toujours actif, s\u00e9curis\u00e9 et interactif qui fournit des mises \u00e0 jour <u>mensuelles<\/u> sur les indicateurs cl\u00e9s dont vous avez besoin pour prendre de meilleures d\u00e9cisions.<\/span><\/p><p class=\"x_MsoNormal\"><span lang=\"EN-US\">Seulement 12 000 $ pour 12 mois.<\/span><\/p><p class=\"x_MsoNormal\"><span lang=\"EN-US\"><span style=\"text-decoration: underline;\"><a href=\"https:\/\/www.pollara.com\/wp-content\/uploads\/2025\/04\/Pollara-KeyCast-PxF1.pdf\" data-wplink-edit=\"true\">Consultez notre prospectus<\/a><\/span> pour plus d\u2019informations, ou <span style=\"text-decoration: underline;\"><a href=\"mailto:craigworden@pollara.com?subject=Interested%20in%20subscribing%20to%20Pollara's%20KeyCast\" target=\"_blank\" rel=\"noopener noreferrer\">contactez-nous pour vous abonner<\/a><\/span>.<\/span><\/p>\t\t\t\t\t\t\t\t<\/div>\n\t\t\t\t<\/div>\n\t\t\t\t<\/div>\n\t\t\t\t<\/div>\n\t\t<div class=\"elementor-element elementor-element-7508ff7 e-con-full e-flex e-con e-parent\" data-id=\"7508ff7\" data-element_type=\"container\">\n\t\t\t\t<div class=\"elementor-element elementor-element-bffbf67 elementor-widget elementor-widget-button\" data-id=\"bffbf67\" data-element_type=\"widget\" data-widget_type=\"button.default\">\n\t\t\t\t<div class=\"elementor-widget-container\">\n\t\t\t\t\t\t\t\t\t<div class=\"elementor-button-wrapper\">\n\t\t\t\t\t<a class=\"elementor-button elementor-button-link elementor-size-lg\" href=\"https:\/\/www.pollara.com\/wp-content\/uploads\/2025\/04\/Pollara-KeyCast-PxF1.pdf\">\n\t\t\t\t\t\t<span class=\"elementor-button-content-wrapper\">\n\t\t\t\t\t\t<span class=\"elementor-button-icon\">\n\t\t\t\t<i aria-hidden=\"true\" class=\"far fa-file-pdf\"><\/i>\t\t\t<\/span>\n\t\t\t\t\t\t\t\t\t<span class=\"elementor-button-text\">Voir le prospectus<\/span>\n\t\t\t\t\t<\/span>\n\t\t\t\t\t<\/a>\n\t\t\t\t<\/div>\n\t\t\t\t\t\t\t\t<\/div>\n\t\t\t\t<\/div>\n\t\t\t\t<\/div>\n\t\t\t\t<\/div>\n\t\t","protected":false},"excerpt":{"rendered":"<p>KeyCast Le tableau de bord des indicateurs cl\u00e9s \u00c0 une \u00e9poque de tumulte et de changement, il est primordial que les entreprises et les gouvernements aient une ligne de mire permanente sur l\u2019\u00e9tat d\u2019esprit des Canadiens en ce qui concerne les principaux indicateurs de consommation, financiers, \u00e9conomiques, politiques et de r\u00e9putation. Que pensent-ils des d\u00e9fis &hellip; <\/p>\n<p class=\"link-more\"><a href=\"https:\/\/www.pollara.com\/fr-ca\/echocle-observatoire-des-marques\/\" class=\"more-link\">Continuer la lecture<span class=\"screen-reader-text\"> de &laquo; KeyCast | Le tableau de bord des indicateurs cl\u00e9s &raquo;<\/span><\/a><\/p>\n","protected":false},"author":23,"featured_media":26603,"parent":0,"menu_order":0,"comment_status":"closed","ping_status":"closed","template":"elementor_header_footer","meta":{"footnotes":""},"class_list":["post-26347","page","type-page","status-publish","has-post-thumbnail","hentry"],"yoast_head":"<!-- This site is optimized with the Yoast SEO plugin v26.9 - https:\/\/yoast.com\/product\/yoast-seo-wordpress\/ -->\n<title>KeyCast | Le tableau de bord des indicateurs cl\u00e9s &#187; Pollara Strategic Insights<\/title>\n<meta name=\"robots\" content=\"index, follow, max-snippet:-1, max-image-preview:large, max-video-preview:-1\" \/>\n<link rel=\"canonical\" href=\"https:\/\/www.pollara.com\/fr-ca\/echocle-observatoire-des-marques\/\" \/>\n<meta property=\"og:locale\" content=\"fr_CA\" \/>\n<meta property=\"og:type\" content=\"article\" \/>\n<meta property=\"og:title\" content=\"KeyCast | Le tableau de bord des indicateurs cl\u00e9s\" \/>\n<meta property=\"og:description\" content=\"Service d\u2019abonnement au tableau de bord des indicateurs cl\u00e9s de Pollara\" \/>\n<meta property=\"og:url\" content=\"https:\/\/www.pollara.com\/fr-ca\/echocle-observatoire-des-marques\/\" \/>\n<meta property=\"og:site_name\" content=\"Pollara Strategic Insights\" \/>\n<meta property=\"article:publisher\" content=\"https:\/\/www.facebook.com\/PollaraStrategicInsights\/\" \/>\n<meta property=\"article:modified_time\" content=\"2026-01-14T19:15:48+00:00\" \/>\n<meta property=\"og:image\" content=\"https:\/\/www.pollara.com\/wp-content\/uploads\/2025\/03\/Web-Squarish-federalelection2025.jpg\" \/>\n<meta name=\"twitter:card\" content=\"summary_large_image\" \/>\n<meta name=\"twitter:title\" content=\"KeyCast | Le tableau de bord des indicateurs cl\u00e9s\" \/>\n<meta name=\"twitter:description\" content=\"Service d\u2019abonnement au tableau de bord des indicateurs cl\u00e9s de Pollara\" \/>\n<meta name=\"twitter:image\" content=\"https:\/\/www.pollara.com\/wp-content\/uploads\/2025\/03\/Web-Squarish-federalelection2025.jpg\" \/>\n<meta name=\"twitter:site\" content=\"@Pollara\" \/>\n<meta name=\"twitter:label1\" content=\"Estimation du temps de lecture\" \/>\n\t<meta name=\"twitter:data1\" content=\"2 minutes\" \/>\n<script type=\"application\/ld+json\" class=\"yoast-schema-graph\">{\"@context\":\"https:\/\/schema.org\",\"@graph\":[{\"@type\":\"WebPage\",\"@id\":\"https:\/\/www.pollara.com\/fr-ca\/echocle-observatoire-des-marques\/\",\"url\":\"https:\/\/www.pollara.com\/fr-ca\/echocle-observatoire-des-marques\/\",\"name\":\"KeyCast | Le tableau de bord des indicateurs cl\u00e9s &#187; Pollara Strategic Insights\",\"isPartOf\":{\"@id\":\"https:\/\/www.pollara.com\/fr-ca\/#website\"},\"primaryImageOfPage\":{\"@id\":\"https:\/\/www.pollara.com\/fr-ca\/echocle-observatoire-des-marques\/#primaryimage\"},\"image\":{\"@id\":\"https:\/\/www.pollara.com\/fr-ca\/echocle-observatoire-des-marques\/#primaryimage\"},\"thumbnailUrl\":\"https:\/\/www.pollara.com\/wp-content\/uploads\/2025\/04\/Monitor_xtraWide.jpg?wsr\",\"datePublished\":\"2025-03-31T11:57:31+00:00\",\"dateModified\":\"2026-01-14T19:15:48+00:00\",\"inLanguage\":\"fr-CA\",\"potentialAction\":[{\"@type\":\"ReadAction\",\"target\":[\"https:\/\/www.pollara.com\/fr-ca\/echocle-observatoire-des-marques\/\"]}]},{\"@type\":\"ImageObject\",\"inLanguage\":\"fr-CA\",\"@id\":\"https:\/\/www.pollara.com\/fr-ca\/echocle-observatoire-des-marques\/#primaryimage\",\"url\":\"https:\/\/www.pollara.com\/wp-content\/uploads\/2025\/04\/Monitor_xtraWide.jpg?wsr\",\"contentUrl\":\"https:\/\/www.pollara.com\/wp-content\/uploads\/2025\/04\/Monitor_xtraWide.jpg?wsr\",\"width\":1830,\"height\":767},{\"@type\":\"WebSite\",\"@id\":\"https:\/\/www.pollara.com\/fr-ca\/#website\",\"url\":\"https:\/\/www.pollara.com\/fr-ca\/\",\"name\":\"Pollara Strategic Insights\",\"description\":\"Canada\u2019s most senior, experienced research project leaders\",\"publisher\":{\"@id\":\"https:\/\/www.pollara.com\/fr-ca\/#organization\"},\"potentialAction\":[{\"@type\":\"SearchAction\",\"target\":{\"@type\":\"EntryPoint\",\"urlTemplate\":\"https:\/\/www.pollara.com\/fr-ca\/?s={search_term_string}\"},\"query-input\":{\"@type\":\"PropertyValueSpecification\",\"valueRequired\":true,\"valueName\":\"search_term_string\"}}],\"inLanguage\":\"fr-CA\"},{\"@type\":\"Organization\",\"@id\":\"https:\/\/www.pollara.com\/fr-ca\/#organization\",\"name\":\"Pollara Strategic Insights\",\"url\":\"https:\/\/www.pollara.com\/fr-ca\/\",\"logo\":{\"@type\":\"ImageObject\",\"inLanguage\":\"fr-CA\",\"@id\":\"https:\/\/www.pollara.com\/fr-ca\/#\/schema\/logo\/image\/\",\"url\":\"https:\/\/www.pollara.com\/wp-content\/uploads\/2017\/12\/pollara-1.svg\",\"contentUrl\":\"https:\/\/www.pollara.com\/wp-content\/uploads\/2017\/12\/pollara-1.svg\",\"width\":1,\"height\":1,\"caption\":\"Pollara Strategic Insights\"},\"image\":{\"@id\":\"https:\/\/www.pollara.com\/fr-ca\/#\/schema\/logo\/image\/\"},\"sameAs\":[\"https:\/\/www.facebook.com\/PollaraStrategicInsights\/\",\"https:\/\/x.com\/Pollara\",\"https:\/\/www.instagram.com\/pollarastrategicinsights\/\",\"https:\/\/www.linkedin.com\/company\/pollarastrategicinsights\/\"]}]}<\/script>\n<!-- \/ Yoast SEO plugin. -->","yoast_head_json":{"title":"KeyCast | Le tableau de bord des indicateurs cl\u00e9s &#187; Pollara Strategic Insights","robots":{"index":"index","follow":"follow","max-snippet":"max-snippet:-1","max-image-preview":"max-image-preview:large","max-video-preview":"max-video-preview:-1"},"canonical":"https:\/\/www.pollara.com\/fr-ca\/echocle-observatoire-des-marques\/","og_locale":"fr_CA","og_type":"article","og_title":"KeyCast | Le tableau de bord des indicateurs cl\u00e9s","og_description":"Service d\u2019abonnement au tableau de bord des indicateurs cl\u00e9s de Pollara","og_url":"https:\/\/www.pollara.com\/fr-ca\/echocle-observatoire-des-marques\/","og_site_name":"Pollara Strategic Insights","article_publisher":"https:\/\/www.facebook.com\/PollaraStrategicInsights\/","article_modified_time":"2026-01-14T19:15:48+00:00","og_image":[{"url":"https:\/\/www.pollara.com\/wp-content\/uploads\/2025\/03\/Web-Squarish-federalelection2025.jpg","type":"","width":"","height":""}],"twitter_card":"summary_large_image","twitter_title":"KeyCast | Le tableau de bord des indicateurs cl\u00e9s","twitter_description":"Service d\u2019abonnement au tableau de bord des indicateurs cl\u00e9s de Pollara","twitter_image":"https:\/\/www.pollara.com\/wp-content\/uploads\/2025\/03\/Web-Squarish-federalelection2025.jpg","twitter_site":"@Pollara","twitter_misc":{"Estimation du temps de lecture":"2 minutes"},"schema":{"@context":"https:\/\/schema.org","@graph":[{"@type":"WebPage","@id":"https:\/\/www.pollara.com\/fr-ca\/echocle-observatoire-des-marques\/","url":"https:\/\/www.pollara.com\/fr-ca\/echocle-observatoire-des-marques\/","name":"KeyCast | Le tableau de bord des indicateurs cl\u00e9s &#187; Pollara Strategic Insights","isPartOf":{"@id":"https:\/\/www.pollara.com\/fr-ca\/#website"},"primaryImageOfPage":{"@id":"https:\/\/www.pollara.com\/fr-ca\/echocle-observatoire-des-marques\/#primaryimage"},"image":{"@id":"https:\/\/www.pollara.com\/fr-ca\/echocle-observatoire-des-marques\/#primaryimage"},"thumbnailUrl":"https:\/\/www.pollara.com\/wp-content\/uploads\/2025\/04\/Monitor_xtraWide.jpg?wsr","datePublished":"2025-03-31T11:57:31+00:00","dateModified":"2026-01-14T19:15:48+00:00","inLanguage":"fr-CA","potentialAction":[{"@type":"ReadAction","target":["https:\/\/www.pollara.com\/fr-ca\/echocle-observatoire-des-marques\/"]}]},{"@type":"ImageObject","inLanguage":"fr-CA","@id":"https:\/\/www.pollara.com\/fr-ca\/echocle-observatoire-des-marques\/#primaryimage","url":"https:\/\/www.pollara.com\/wp-content\/uploads\/2025\/04\/Monitor_xtraWide.jpg?wsr","contentUrl":"https:\/\/www.pollara.com\/wp-content\/uploads\/2025\/04\/Monitor_xtraWide.jpg?wsr","width":1830,"height":767},{"@type":"WebSite","@id":"https:\/\/www.pollara.com\/fr-ca\/#website","url":"https:\/\/www.pollara.com\/fr-ca\/","name":"Pollara Strategic Insights","description":"Canada\u2019s most senior, experienced research project leaders","publisher":{"@id":"https:\/\/www.pollara.com\/fr-ca\/#organization"},"potentialAction":[{"@type":"SearchAction","target":{"@type":"EntryPoint","urlTemplate":"https:\/\/www.pollara.com\/fr-ca\/?s={search_term_string}"},"query-input":{"@type":"PropertyValueSpecification","valueRequired":true,"valueName":"search_term_string"}}],"inLanguage":"fr-CA"},{"@type":"Organization","@id":"https:\/\/www.pollara.com\/fr-ca\/#organization","name":"Pollara Strategic Insights","url":"https:\/\/www.pollara.com\/fr-ca\/","logo":{"@type":"ImageObject","inLanguage":"fr-CA","@id":"https:\/\/www.pollara.com\/fr-ca\/#\/schema\/logo\/image\/","url":"https:\/\/www.pollara.com\/wp-content\/uploads\/2017\/12\/pollara-1.svg","contentUrl":"https:\/\/www.pollara.com\/wp-content\/uploads\/2017\/12\/pollara-1.svg","width":1,"height":1,"caption":"Pollara Strategic Insights"},"image":{"@id":"https:\/\/www.pollara.com\/fr-ca\/#\/schema\/logo\/image\/"},"sameAs":["https:\/\/www.facebook.com\/PollaraStrategicInsights\/","https:\/\/x.com\/Pollara","https:\/\/www.instagram.com\/pollarastrategicinsights\/","https:\/\/www.linkedin.com\/company\/pollarastrategicinsights\/"]}]}},"jetpack_sharing_enabled":true,"_links":{"self":[{"href":"https:\/\/www.pollara.com\/fr-ca\/wp-json\/wp\/v2\/pages\/26347","targetHints":{"allow":["GET"]}}],"collection":[{"href":"https:\/\/www.pollara.com\/fr-ca\/wp-json\/wp\/v2\/pages"}],"about":[{"href":"https:\/\/www.pollara.com\/fr-ca\/wp-json\/wp\/v2\/types\/page"}],"author":[{"embeddable":true,"href":"https:\/\/www.pollara.com\/fr-ca\/wp-json\/wp\/v2\/users\/23"}],"replies":[{"embeddable":true,"href":"https:\/\/www.pollara.com\/fr-ca\/wp-json\/wp\/v2\/comments?post=26347"}],"version-history":[{"count":51,"href":"https:\/\/www.pollara.com\/fr-ca\/wp-json\/wp\/v2\/pages\/26347\/revisions"}],"predecessor-version":[{"id":28657,"href":"https:\/\/www.pollara.com\/fr-ca\/wp-json\/wp\/v2\/pages\/26347\/revisions\/28657"}],"wp:featuredmedia":[{"embeddable":true,"href":"https:\/\/www.pollara.com\/fr-ca\/wp-json\/wp\/v2\/media\/26603"}],"wp:attachment":[{"href":"https:\/\/www.pollara.com\/fr-ca\/wp-json\/wp\/v2\/media?parent=26347"}],"curies":[{"name":"wp","href":"https:\/\/api.w.org\/{rel}","templated":true}]}}