{"id":27957,"date":"2025-08-30T09:39:36","date_gmt":"2025-08-30T13:39:36","guid":{"rendered":"https:\/\/www.pollara.com\/lequipe\/biographie-andre-turcotte-ph-d\/"},"modified":"2025-09-26T11:02:15","modified_gmt":"2025-09-26T15:02:15","slug":"biographie-andre-turcotte-ph-d","status":"publish","type":"page","link":"https:\/\/www.pollara.com\/fr-ca\/biographie-andre-turcotte-ph-d\/","title":{"rendered":"Biographie : Andr\u00e9 Turcotte, Ph.D"},"content":{"rendered":"\t\t<div data-elementor-type=\"wp-page\" data-elementor-id=\"27957\" class=\"elementor elementor-27957 elementor-27650\" data-elementor-post-type=\"page\">\n\t\t\t\t<div class=\"elementor-element elementor-element-8cd9b97 elementor-hidden-desktop e-flex e-con-boxed e-con e-parent\" data-id=\"8cd9b97\" data-element_type=\"container\" data-settings=\"{&quot;background_background&quot;:&quot;classic&quot;}\">\n\t\t\t\t\t<div class=\"e-con-inner\">\n\t\t\t\t\t<\/div>\n\t\t\t\t<\/div>\n\t\t<div class=\"elementor-element elementor-element-50a09390 e-con-full e-flex elementor-invisible e-con e-parent\" data-id=\"50a09390\" data-element_type=\"container\" id=\"BioParent\" data-settings=\"{&quot;shape_divider_bottom&quot;:&quot;tilt&quot;,&quot;motion_fx_motion_fx_scrolling&quot;:&quot;yes&quot;,&quot;animation&quot;:&quot;zoomInUp&quot;,&quot;motion_fx_devices&quot;:[&quot;desktop&quot;,&quot;tablet&quot;,&quot;mobile&quot;]}\">\n\t\t\t\t<div class=\"elementor-shape elementor-shape-bottom\" aria-hidden=\"true\" data-negative=\"false\">\n\t\t\t<svg xmlns=\"http:\/\/www.w3.org\/2000\/svg\" viewBox=\"0 0 1000 100\" preserveAspectRatio=\"none\">\n\t<path class=\"elementor-shape-fill\" d=\"M0,6V0h1000v100L0,6z\"\/>\n<\/svg>\t\t<\/div>\n\t\t<div class=\"elementor-element elementor-element-583034af e-con-full e-flex e-con e-child\" data-id=\"583034af\" data-element_type=\"container\" id=\"Picturehalf\" data-settings=\"{&quot;background_background&quot;:&quot;classic&quot;}\">\n\t\t\t\t<\/div>\n\t\t<div class=\"elementor-element elementor-element-16363b14 e-con-full e-flex e-con e-child\" data-id=\"16363b14\" data-element_type=\"container\" id=\"Biohalf\" data-settings=\"{&quot;background_background&quot;:&quot;classic&quot;}\">\n\t\t<div class=\"elementor-element elementor-element-2704a994 e-con-full e-flex elementor-invisible e-con e-child\" data-id=\"2704a994\" data-element_type=\"container\" id=\"Biohalf\" data-settings=\"{&quot;animation&quot;:&quot;fadeInLeft&quot;,&quot;animation_delay&quot;:100}\">\n\t\t\t\t<div class=\"elementor-element elementor-element-d1161e1 elementor-widget-mobile__width-inherit elementor-widget elementor-widget-heading\" data-id=\"d1161e1\" data-element_type=\"widget\" data-widget_type=\"heading.default\">\n\t\t\t\t<div class=\"elementor-widget-container\">\n\t\t\t\t\t<h2 class=\"elementor-heading-title elementor-size-default\">Andr\u00e9 Turcotte, Ph.D<\/h2>\t\t\t\t<\/div>\n\t\t\t\t<\/div>\n\t\t\t\t<div class=\"elementor-element elementor-element-763f31e2 elementor-widget elementor-widget-text-editor\" data-id=\"763f31e2\" data-element_type=\"widget\" id=\"biobody\" data-widget_type=\"text-editor.default\">\n\t\t\t\t<div class=\"elementor-widget-container\">\n\t\t\t\t\t\t\t\t\t<p>Andr\u00e9 poss\u00e8de plus de vingt-cinq ans d\u2019exp\u00e9rience dans la recherche sur l\u2019opinion publique et les affaires publiques. Au cours de cette p\u00e9riode, il a men\u00e9 des projets de recherche sur l\u2019opinion publique \u00e0 partir de divers points de vue. Il a commenc\u00e9 sa carri\u00e8re au sein de l\u2019organisation Gallup et a eu l\u2019occasion d\u2019\u00eatre le co\u00e9diteur du rapport Gallup au Canada. Il s\u2019est ensuite impliqu\u00e9 dans les sondages politiques et a fourni des conseils strat\u00e9giques aux chefs et aux partis de tous les ordres de gouvernement au Canada. Plus r\u00e9cemment, il a \u00e9t\u00e9 chef de la recherche sur l\u2019auditoire \u00e0 la Soci\u00e9t\u00e9 Radio-Canada (SRC) avant d\u2019\u00eatre directeur chez Navigator.<\/p>\n\n<p>Andr\u00e9 a fourni des conseils en recherche sur l\u2019opinion publique \u00e0 de nombreuses entreprises de premier plan du secteur priv\u00e9 au Canada ainsi qu\u2019\u00e0 plusieurs organisations gouvernementales. Ses conseils sont ax\u00e9s sur l\u2019int\u00e9gration d\u2019approches quantitatives et qualitatives avanc\u00e9es pour isoler les principales tendances de l\u2019opinion publique dans le but de mettre en \u0153uvre des strat\u00e9gies sp\u00e9cifiques r\u00e9alisables. L\u2019une de ses principales forces est sa vaste exp\u00e9rience dans la conduite de centaines de groupes de discussion et d\u2019entrevues d\u2019\u00e9lite en fran\u00e7ais et en anglais.<\/p>\n\nAndr\u00e9 Turcotte est \u00e9galement professeur agr\u00e9g\u00e9 \u00e0 l\u2019\u00c9cole de journalisme et de communication de l\u2019Universit\u00e9 Carleton. Ses conf\u00e9rences, publications et pr\u00e9sentations \u00e0 des conf\u00e9rences portent sur les derni\u00e8res applications dans les m\u00e9thodes de recherche qualitatives et quantitatives, les communications strat\u00e9giques, le marketing politique et la recherche appliqu\u00e9e sur l\u2019opinion publique. Il a r\u00e9cemment publi\u00e9 Political Marketing Alchemy&nbsp;: The State of Opinion Research (Palgrave 2022). Entre 2002 et 2015, il a \u00e9t\u00e9 codirecteur du Centre d\u2019enqu\u00eate de l\u2019Universit\u00e9 Carleton, o\u00f9 il a fait partie de l\u2019\u00e9quipe canadienne au sein du Programme d\u2019enqu\u00eate sociale internationale (ISSP). Avant d\u2019enseigner \u00e0 l\u2019Universit\u00e9 Carleton, Andr\u00e9 a \u00e9galement enseign\u00e9 \u00e0 l\u2019Universit\u00e9 McMaster, \u00e0 l\u2019Universit\u00e9 de Toronto et \u00e0 l\u2019Universit\u00e9 Concordia.<\/p>\t\t\t\t\t\t\t\t<\/div>\n\t\t\t\t<\/div>\n\t\t\t\t<div class=\"elementor-element elementor-element-327b5d4c elementor-tablet-align-center elementor-mobile-align-justify elementor-align-left elementor-widget elementor-widget-button\" data-id=\"327b5d4c\" data-element_type=\"widget\" data-widget_type=\"button.default\">\n\t\t\t\t<div class=\"elementor-widget-container\">\n\t\t\t\t\t\t\t\t\t<div class=\"elementor-button-wrapper\">\n\t\t\t\t\t<a class=\"elementor-button elementor-button-link elementor-size-lg\" href=\"mailto:andreturcotte@pollara.com\">\n\t\t\t\t\t\t<span class=\"elementor-button-content-wrapper\">\n\t\t\t\t\t\t<span class=\"elementor-button-icon\">\n\t\t\t\t<i aria-hidden=\"true\" class=\"fas fa-envelope\"><\/i>\t\t\t<\/span>\n\t\t\t\t\t\t\t\t\t<span class=\"elementor-button-text\">Courriel<\/span>\n\t\t\t\t\t<\/span>\n\t\t\t\t\t<\/a>\n\t\t\t\t<\/div>\n\t\t\t\t\t\t\t\t<\/div>\n\t\t\t\t<\/div>\n\t\t\t\t<\/div>\n\t\t\t\t<\/div>\n\t\t\t\t<\/div>\n\t\t\t\t<\/div>\n\t\t","protected":false},"excerpt":{"rendered":"<p>Andr\u00e9 Turcotte, Ph.D Andr\u00e9 poss\u00e8de plus de vingt-cinq ans d\u2019exp\u00e9rience dans la recherche sur l\u2019opinion publique et les affaires publiques. Au cours de cette p\u00e9riode, il a men\u00e9 des projets de recherche sur l\u2019opinion publique \u00e0 partir de divers points de vue. Il a commenc\u00e9 sa carri\u00e8re au sein de l\u2019organisation Gallup et a eu &hellip; <\/p>\n<p class=\"link-more\"><a href=\"https:\/\/www.pollara.com\/fr-ca\/biographie-andre-turcotte-ph-d\/\" class=\"more-link\">Continuer la lecture<span class=\"screen-reader-text\"> de &laquo; Biographie : Andr\u00e9 Turcotte, Ph.D &raquo;<\/span><\/a><\/p>\n","protected":false},"author":23,"featured_media":0,"parent":0,"menu_order":0,"comment_status":"closed","ping_status":"closed","template":"elementor_header_footer","meta":{"footnotes":""},"class_list":["post-27957","page","type-page","status-publish","hentry"],"yoast_head":"<!-- This site is optimized with the Yoast SEO plugin v26.9 - https:\/\/yoast.com\/product\/yoast-seo-wordpress\/ -->\n<title>Biographie : Andr\u00e9 Turcotte, Ph.D &#187; Pollara Strategic Insights<\/title>\n<meta name=\"robots\" content=\"index, follow, max-snippet:-1, max-image-preview:large, max-video-preview:-1\" \/>\n<link rel=\"canonical\" href=\"https:\/\/www.pollara.com\/fr-ca\/biographie-andre-turcotte-ph-d\/\" \/>\n<meta property=\"og:locale\" content=\"fr_CA\" \/>\n<meta property=\"og:type\" content=\"article\" \/>\n<meta property=\"og:title\" content=\"Biographie : Andr\u00e9 Turcotte, Ph.D &#187; Pollara Strategic Insights\" \/>\n<meta property=\"og:description\" content=\"Andr\u00e9 Turcotte, Ph.D Andr\u00e9 poss\u00e8de plus de vingt-cinq ans d\u2019exp\u00e9rience dans la recherche sur l\u2019opinion publique et les affaires publiques. Au cours de cette p\u00e9riode, il a men\u00e9 des projets de recherche sur l\u2019opinion publique \u00e0 partir de divers points de vue. Il a commenc\u00e9 sa carri\u00e8re au sein de l\u2019organisation Gallup et a eu &hellip; Continuer la lecture de &laquo; Biographie : Andr\u00e9 Turcotte, Ph.D &raquo;\" \/>\n<meta property=\"og:url\" content=\"https:\/\/www.pollara.com\/fr-ca\/biographie-andre-turcotte-ph-d\/\" \/>\n<meta property=\"og:site_name\" content=\"Pollara Strategic Insights\" \/>\n<meta property=\"article:publisher\" content=\"https:\/\/www.facebook.com\/PollaraStrategicInsights\/\" \/>\n<meta property=\"article:modified_time\" content=\"2025-09-26T15:02:15+00:00\" \/>\n<meta name=\"twitter:card\" content=\"summary_large_image\" \/>\n<meta name=\"twitter:site\" content=\"@Pollara\" \/>\n<meta name=\"twitter:label1\" content=\"Estimation du temps de lecture\" \/>\n\t<meta name=\"twitter:data1\" content=\"2 minutes\" \/>\n<script type=\"application\/ld+json\" class=\"yoast-schema-graph\">{\"@context\":\"https:\/\/schema.org\",\"@graph\":[{\"@type\":\"WebPage\",\"@id\":\"https:\/\/www.pollara.com\/fr-ca\/biographie-andre-turcotte-ph-d\/\",\"url\":\"https:\/\/www.pollara.com\/fr-ca\/biographie-andre-turcotte-ph-d\/\",\"name\":\"Biographie : Andr\u00e9 Turcotte, Ph.D &#187; Pollara Strategic Insights\",\"isPartOf\":{\"@id\":\"https:\/\/www.pollara.com\/fr-ca\/#website\"},\"datePublished\":\"2025-08-30T13:39:36+00:00\",\"dateModified\":\"2025-09-26T15:02:15+00:00\",\"inLanguage\":\"fr-CA\",\"potentialAction\":[{\"@type\":\"ReadAction\",\"target\":[\"https:\/\/www.pollara.com\/fr-ca\/biographie-andre-turcotte-ph-d\/\"]}]},{\"@type\":\"WebSite\",\"@id\":\"https:\/\/www.pollara.com\/fr-ca\/#website\",\"url\":\"https:\/\/www.pollara.com\/fr-ca\/\",\"name\":\"Pollara Strategic Insights\",\"description\":\"Canada\u2019s most senior, experienced research project leaders\",\"publisher\":{\"@id\":\"https:\/\/www.pollara.com\/fr-ca\/#organization\"},\"potentialAction\":[{\"@type\":\"SearchAction\",\"target\":{\"@type\":\"EntryPoint\",\"urlTemplate\":\"https:\/\/www.pollara.com\/fr-ca\/?s={search_term_string}\"},\"query-input\":{\"@type\":\"PropertyValueSpecification\",\"valueRequired\":true,\"valueName\":\"search_term_string\"}}],\"inLanguage\":\"fr-CA\"},{\"@type\":\"Organization\",\"@id\":\"https:\/\/www.pollara.com\/fr-ca\/#organization\",\"name\":\"Pollara Strategic Insights\",\"url\":\"https:\/\/www.pollara.com\/fr-ca\/\",\"logo\":{\"@type\":\"ImageObject\",\"inLanguage\":\"fr-CA\",\"@id\":\"https:\/\/www.pollara.com\/fr-ca\/#\/schema\/logo\/image\/\",\"url\":\"https:\/\/www.pollara.com\/wp-content\/uploads\/2017\/12\/pollara-1.svg\",\"contentUrl\":\"https:\/\/www.pollara.com\/wp-content\/uploads\/2017\/12\/pollara-1.svg\",\"width\":1,\"height\":1,\"caption\":\"Pollara Strategic Insights\"},\"image\":{\"@id\":\"https:\/\/www.pollara.com\/fr-ca\/#\/schema\/logo\/image\/\"},\"sameAs\":[\"https:\/\/www.facebook.com\/PollaraStrategicInsights\/\",\"https:\/\/x.com\/Pollara\",\"https:\/\/www.instagram.com\/pollarastrategicinsights\/\",\"https:\/\/www.linkedin.com\/company\/pollarastrategicinsights\/\"]}]}<\/script>\n<!-- \/ Yoast SEO plugin. -->","yoast_head_json":{"title":"Biographie : Andr\u00e9 Turcotte, Ph.D &#187; Pollara Strategic Insights","robots":{"index":"index","follow":"follow","max-snippet":"max-snippet:-1","max-image-preview":"max-image-preview:large","max-video-preview":"max-video-preview:-1"},"canonical":"https:\/\/www.pollara.com\/fr-ca\/biographie-andre-turcotte-ph-d\/","og_locale":"fr_CA","og_type":"article","og_title":"Biographie : Andr\u00e9 Turcotte, Ph.D &#187; Pollara Strategic Insights","og_description":"Andr\u00e9 Turcotte, Ph.D Andr\u00e9 poss\u00e8de plus de vingt-cinq ans d\u2019exp\u00e9rience dans la recherche sur l\u2019opinion publique et les affaires publiques. Au cours de cette p\u00e9riode, il a men\u00e9 des projets de recherche sur l\u2019opinion publique \u00e0 partir de divers points de vue. Il a commenc\u00e9 sa carri\u00e8re au sein de l\u2019organisation Gallup et a eu &hellip; Continuer la lecture de &laquo; Biographie : Andr\u00e9 Turcotte, Ph.D &raquo;","og_url":"https:\/\/www.pollara.com\/fr-ca\/biographie-andre-turcotte-ph-d\/","og_site_name":"Pollara Strategic Insights","article_publisher":"https:\/\/www.facebook.com\/PollaraStrategicInsights\/","article_modified_time":"2025-09-26T15:02:15+00:00","twitter_card":"summary_large_image","twitter_site":"@Pollara","twitter_misc":{"Estimation du temps de lecture":"2 minutes"},"schema":{"@context":"https:\/\/schema.org","@graph":[{"@type":"WebPage","@id":"https:\/\/www.pollara.com\/fr-ca\/biographie-andre-turcotte-ph-d\/","url":"https:\/\/www.pollara.com\/fr-ca\/biographie-andre-turcotte-ph-d\/","name":"Biographie : Andr\u00e9 Turcotte, Ph.D &#187; Pollara Strategic Insights","isPartOf":{"@id":"https:\/\/www.pollara.com\/fr-ca\/#website"},"datePublished":"2025-08-30T13:39:36+00:00","dateModified":"2025-09-26T15:02:15+00:00","inLanguage":"fr-CA","potentialAction":[{"@type":"ReadAction","target":["https:\/\/www.pollara.com\/fr-ca\/biographie-andre-turcotte-ph-d\/"]}]},{"@type":"WebSite","@id":"https:\/\/www.pollara.com\/fr-ca\/#website","url":"https:\/\/www.pollara.com\/fr-ca\/","name":"Pollara Strategic Insights","description":"Canada\u2019s most senior, experienced research project leaders","publisher":{"@id":"https:\/\/www.pollara.com\/fr-ca\/#organization"},"potentialAction":[{"@type":"SearchAction","target":{"@type":"EntryPoint","urlTemplate":"https:\/\/www.pollara.com\/fr-ca\/?s={search_term_string}"},"query-input":{"@type":"PropertyValueSpecification","valueRequired":true,"valueName":"search_term_string"}}],"inLanguage":"fr-CA"},{"@type":"Organization","@id":"https:\/\/www.pollara.com\/fr-ca\/#organization","name":"Pollara Strategic Insights","url":"https:\/\/www.pollara.com\/fr-ca\/","logo":{"@type":"ImageObject","inLanguage":"fr-CA","@id":"https:\/\/www.pollara.com\/fr-ca\/#\/schema\/logo\/image\/","url":"https:\/\/www.pollara.com\/wp-content\/uploads\/2017\/12\/pollara-1.svg","contentUrl":"https:\/\/www.pollara.com\/wp-content\/uploads\/2017\/12\/pollara-1.svg","width":1,"height":1,"caption":"Pollara Strategic Insights"},"image":{"@id":"https:\/\/www.pollara.com\/fr-ca\/#\/schema\/logo\/image\/"},"sameAs":["https:\/\/www.facebook.com\/PollaraStrategicInsights\/","https:\/\/x.com\/Pollara","https:\/\/www.instagram.com\/pollarastrategicinsights\/","https:\/\/www.linkedin.com\/company\/pollarastrategicinsights\/"]}]}},"jetpack_sharing_enabled":true,"_links":{"self":[{"href":"https:\/\/www.pollara.com\/fr-ca\/wp-json\/wp\/v2\/pages\/27957","targetHints":{"allow":["GET"]}}],"collection":[{"href":"https:\/\/www.pollara.com\/fr-ca\/wp-json\/wp\/v2\/pages"}],"about":[{"href":"https:\/\/www.pollara.com\/fr-ca\/wp-json\/wp\/v2\/types\/page"}],"author":[{"embeddable":true,"href":"https:\/\/www.pollara.com\/fr-ca\/wp-json\/wp\/v2\/users\/23"}],"replies":[{"embeddable":true,"href":"https:\/\/www.pollara.com\/fr-ca\/wp-json\/wp\/v2\/comments?post=27957"}],"version-history":[{"count":1,"href":"https:\/\/www.pollara.com\/fr-ca\/wp-json\/wp\/v2\/pages\/27957\/revisions"}],"predecessor-version":[{"id":27959,"href":"https:\/\/www.pollara.com\/fr-ca\/wp-json\/wp\/v2\/pages\/27957\/revisions\/27959"}],"wp:attachment":[{"href":"https:\/\/www.pollara.com\/fr-ca\/wp-json\/wp\/v2\/media?parent=27957"}],"curies":[{"name":"wp","href":"https:\/\/api.w.org\/{rel}","templated":true}]}}