{"id":28895,"date":"2025-08-13T16:15:09","date_gmt":"2025-08-13T20:15:09","guid":{"rendered":"https:\/\/www.pollara.com\/lequipe\/biographie-craig-worden\/"},"modified":"2026-04-29T17:18:02","modified_gmt":"2026-04-29T21:18:02","slug":"biographie-craig-worden","status":"publish","type":"page","link":"https:\/\/www.pollara.com\/fr-ca\/biographie-craig-worden\/","title":{"rendered":"Biographie : Craig Worden"},"content":{"rendered":"\t\t<div data-elementor-type=\"wp-page\" data-elementor-id=\"28895\" class=\"elementor elementor-28895 elementor-27443\" data-elementor-post-type=\"page\">\n\t\t\t\t<div class=\"elementor-element elementor-element-670170ee elementor-hidden-desktop e-flex e-con-boxed e-con e-parent\" data-id=\"670170ee\" data-element_type=\"container\" data-settings=\"{&quot;background_background&quot;:&quot;classic&quot;}\">\n\t\t\t\t\t<div class=\"e-con-inner\">\n\t\t\t\t\t<\/div>\n\t\t\t\t<\/div>\n\t\t<div class=\"elementor-element elementor-element-5c275896 e-con-full e-flex elementor-invisible e-con e-parent\" data-id=\"5c275896\" data-element_type=\"container\" id=\"BioParent\" data-settings=\"{&quot;shape_divider_bottom&quot;:&quot;tilt&quot;,&quot;motion_fx_motion_fx_scrolling&quot;:&quot;yes&quot;,&quot;animation&quot;:&quot;zoomInUp&quot;,&quot;motion_fx_devices&quot;:[&quot;desktop&quot;,&quot;tablet&quot;,&quot;mobile&quot;]}\">\n\t\t\t\t<div class=\"elementor-shape elementor-shape-bottom\" aria-hidden=\"true\" data-negative=\"false\">\n\t\t\t<svg xmlns=\"http:\/\/www.w3.org\/2000\/svg\" viewBox=\"0 0 1000 100\" preserveAspectRatio=\"none\">\n\t<path class=\"elementor-shape-fill\" d=\"M0,6V0h1000v100L0,6z\"\/>\n<\/svg>\t\t<\/div>\n\t\t<div class=\"elementor-element elementor-element-28388576 e-con-full e-flex e-con e-child\" data-id=\"28388576\" data-element_type=\"container\" id=\"Picturehalf\" data-settings=\"{&quot;background_background&quot;:&quot;classic&quot;}\">\n\t\t\t\t<\/div>\n\t\t<div class=\"elementor-element elementor-element-7c1c0848 e-con-full e-flex e-con e-child\" data-id=\"7c1c0848\" data-element_type=\"container\" id=\"Biohalf\" data-settings=\"{&quot;background_background&quot;:&quot;classic&quot;}\">\n\t\t<div class=\"elementor-element elementor-element-5f71d95f e-con-full e-flex elementor-invisible e-con e-child\" data-id=\"5f71d95f\" data-element_type=\"container\" data-settings=\"{&quot;animation&quot;:&quot;fadeInLeft&quot;,&quot;animation_delay&quot;:100}\">\n\t\t\t\t<div class=\"elementor-element elementor-element-246042e6 elementor-widget-mobile__width-inherit elementor-widget elementor-widget-heading\" data-id=\"246042e6\" data-element_type=\"widget\" data-widget_type=\"heading.default\">\n\t\t\t\t<div class=\"elementor-widget-container\">\n\t\t\t\t\t<h2 class=\"elementor-heading-title elementor-size-default\">Craig Worden<\/h2>\t\t\t\t<\/div>\n\t\t\t\t<\/div>\n\t\t\t\t<div class=\"elementor-element elementor-element-7ff1618 elementor-widget elementor-widget-heading\" data-id=\"7ff1618\" data-element_type=\"widget\" data-widget_type=\"heading.default\">\n\t\t\t\t<div class=\"elementor-widget-container\">\n\t\t\t\t\t<h2 class=\"elementor-heading-title elementor-size-default\">Pr\u00e9sident et chef de l\u2019innovation<\/h2>\t\t\t\t<\/div>\n\t\t\t\t<\/div>\n\t\t\t\t<div class=\"elementor-element elementor-element-129342f elementor-tablet-align-center elementor-mobile-align-justify elementor-align-left elementor-widget elementor-widget-button\" data-id=\"129342f\" data-element_type=\"widget\" data-widget_type=\"button.default\">\n\t\t\t\t<div class=\"elementor-widget-container\">\n\t\t\t\t\t\t\t\t\t<div class=\"elementor-button-wrapper\">\n\t\t\t\t\t<a class=\"elementor-button elementor-button-link elementor-size-lg\" href=\"https:\/\/www.pollara.com\/fr-ca\/personne-ressource\/?e=CW-5X5\">\n\t\t\t\t\t\t<span class=\"elementor-button-content-wrapper\">\n\t\t\t\t\t\t<span class=\"elementor-button-icon\">\n\t\t\t\t<i aria-hidden=\"true\" class=\"fas fa-envelope\"><\/i>\t\t\t<\/span>\n\t\t\t\t\t\t\t\t\t<span class=\"elementor-button-text\">Courriel<\/span>\n\t\t\t\t\t<\/span>\n\t\t\t\t\t<\/a>\n\t\t\t\t<\/div>\n\t\t\t\t\t\t\t\t<\/div>\n\t\t\t\t<\/div>\n\t\t\t\t<div class=\"elementor-element elementor-element-2eb2125e elementor-widget elementor-widget-text-editor\" data-id=\"2eb2125e\" data-element_type=\"widget\" id=\"biobody\" data-widget_type=\"text-editor.default\">\n\t\t\t\t<div class=\"elementor-widget-container\">\n\t\t\t\t\t\t\t\t\t<p>En plus de ses responsabilit\u00e9s de leadership d\u2019entreprise, Craig dirige les divisions de recherche de Pollara et le d\u00e9veloppement de nos m\u00e9thodologies de recherche, mod\u00e8les, produits et offres de services. Il offre des conseils concrets et perspicaces \u00e0 nos clients, appliquant l\u2019expertise acquise au cours de plus de 27 ans de recherche quantitative et qualitative pour un large \u00e9ventail de clients du secteur priv\u00e9, public et \u00e0 but non lucratif. Il s\u2019est engag\u00e9 avec enthousiasme \u00e0 fournir des solutions de recherche cr\u00e9atives et personnalis\u00e9es qui offrent aux clients une compr\u00e9hension claire et des recommandations strat\u00e9giques pour la meilleure voie \u00e0 suivre.<\/p>\n\n<p>Pour Craig, la recherche n\u2019est pas notre principal produit livrable \u2013 c\u2019est le fondement essentiel sur lequel nous fournissons notre valeur principale : des conseils perspicaces et un partenariat consultatif. Impliqu\u00e9 dans la conception et l\u2019analyse de bon nombre de nos projets, ses activit\u00e9s cl\u00e9s comprennent la direction d\u2019analyses de segmentation et de motivation personnalis\u00e9es ainsi que l\u2019insufflant des id\u00e9es avec l\u2019interpr\u00e9tation des v\u00e9t\u00e9rans, le contexte du monde r\u00e9el et des recommandations exploitables. Il est passionn\u00e9 par le fait de creuser sous la surface des r\u00e9sultats de premi\u00e8re ligne et d\u2019aider les clients \u00e0 identifier et \u00e0 atteindre leurs publics cl\u00e9s avec une bonne compr\u00e9hension des fondements \u00e9motionnels, des niveaux d\u2019engagement, de la persuadabilit\u00e9 et des principaux moteurs de ces segments.<\/p>\n\n<p>Craig est un professionnel certifi\u00e9 en analytique et analyses (CAIP) et si\u00e8ge actuellement au comit\u00e9 de recherche sur l\u2019opinion publique et au comit\u00e9 Cannabis Insights du Conseil canadien de recherche sur la recherche (CRIC). Au cours de sa carri\u00e8re, il a con\u00e7u et analys\u00e9 des centaines de sondages et anim\u00e9 des milliers de groupes de discussion. Il a commenc\u00e9 sa carri\u00e8re de chercheur chez Angus Reid Group\/Ipsos en 1999, a fond\u00e9 et g\u00e9r\u00e9 des pratiques de recherche en affaires publiques chez Leger et Angus Reid Strategies, et a finalement rejoint Pollara en 2008.<\/p>\n\n<p>Craig est apparu dans la presse \u00e9crite et audiovisuelle \u00e0 des centaines de reprises, fournissant des commentaires sur les tendances de l\u2019opinion publique, la politique et les \u00e9lections, et les techniques de recherche. Il d\u00e9tient un baccalaur\u00e9at sp\u00e9cialis\u00e9 en sciences politiques de l\u2019Universit\u00e9 Carleton et une ma\u00eetrise en sciences politiques de l\u2019Universit\u00e9 Brock. Il d\u00e9tient \u00e9galement un certificat en sensibilisation autochtone et en \u00e9ducation \u00e0 la r\u00e9conciliation de l\u2019Universit\u00e9 des Premi\u00e8res Nations du Canada. R\u00e9cemment, Craig a eu l\u2019honneur de recevoir un <a href=\"https:\/\/brocku.ca\/alumni\/awards\/alumni-brilliance-awards\/\"><span style=\"text-decoration: underline;\">Alumni Brilliance Award<\/span><\/a> de l\u2019Universit\u00e9 Brock.  <\/p>\t\t\t\t\t\t\t\t<\/div>\n\t\t\t\t<\/div>\n\t\t\t\t<div class=\"elementor-element elementor-element-51dc2fd3 elementor-tablet-align-center elementor-mobile-align-justify elementor-align-left elementor-widget elementor-widget-button\" data-id=\"51dc2fd3\" data-element_type=\"widget\" data-widget_type=\"button.default\">\n\t\t\t\t<div class=\"elementor-widget-container\">\n\t\t\t\t\t\t\t\t\t<div class=\"elementor-button-wrapper\">\n\t\t\t\t\t<a class=\"elementor-button elementor-button-link elementor-size-lg\" href=\"https:\/\/twitter.com\/craigworden?lang=en\">\n\t\t\t\t\t\t<span class=\"elementor-button-content-wrapper\">\n\t\t\t\t\t\t<span class=\"elementor-button-icon\">\n\t\t\t\t<i aria-hidden=\"true\" class=\"fab fa-x-twitter-square\"><\/i>\t\t\t<\/span>\n\t\t\t\t\t\t\t\t\t<span class=\"elementor-button-text\">@craigworden<\/span>\n\t\t\t\t\t<\/span>\n\t\t\t\t\t<\/a>\n\t\t\t\t<\/div>\n\t\t\t\t\t\t\t\t<\/div>\n\t\t\t\t<\/div>\n\t\t\t\t<div class=\"elementor-element elementor-element-2d185e87 elementor-tablet-align-center elementor-mobile-align-justify elementor-align-left elementor-widget elementor-widget-button\" data-id=\"2d185e87\" data-element_type=\"widget\" data-widget_type=\"button.default\">\n\t\t\t\t<div class=\"elementor-widget-container\">\n\t\t\t\t\t\t\t\t\t<div class=\"elementor-button-wrapper\">\n\t\t\t\t\t<a class=\"elementor-button elementor-button-link elementor-size-lg\" href=\"https:\/\/www.linkedin.com\/in\/craig-worden-caip-13b4a97\/\">\n\t\t\t\t\t\t<span class=\"elementor-button-content-wrapper\">\n\t\t\t\t\t\t<span class=\"elementor-button-icon\">\n\t\t\t\t<i aria-hidden=\"true\" class=\"fab fa-linkedin\"><\/i>\t\t\t<\/span>\n\t\t\t\t\t\t\t\t\t<span class=\"elementor-button-text\">Linkedin<\/span>\n\t\t\t\t\t<\/span>\n\t\t\t\t\t<\/a>\n\t\t\t\t<\/div>\n\t\t\t\t\t\t\t\t<\/div>\n\t\t\t\t<\/div>\n\t\t\t\t<\/div>\n\t\t\t\t<\/div>\n\t\t\t\t<\/div>\n\t\t<div class=\"elementor-element elementor-element-23c57b1 e-flex e-con-boxed e-con e-parent\" data-id=\"23c57b1\" data-element_type=\"container\" data-settings=\"{&quot;background_background&quot;:&quot;classic&quot;}\">\n\t\t\t\t\t<div class=\"e-con-inner\">\n\t\t\t\t<div class=\"elementor-element elementor-element-a1219a4 elementor-widget elementor-widget-heading\" data-id=\"a1219a4\" data-element_type=\"widget\" data-widget_type=\"heading.default\">\n\t\t\t\t<div class=\"elementor-widget-container\">\n\t\t\t\t\t<h1 class=\"elementor-heading-title elementor-size-default\">Contactez Craig Worden<\/h1>\t\t\t\t<\/div>\n\t\t\t\t<\/div>\n\t\t\t\t<div class=\"elementor-element elementor-element-edf4686 elementor-widget elementor-widget-text-editor\" data-id=\"edf4686\" data-element_type=\"widget\" data-widget_type=\"text-editor.default\">\n\t\t\t\t<div class=\"elementor-widget-container\">\n\t\t\t\t\t\t\t\t\t<p>Utilisez ce formulaire pour joindre Craig directement.<\/p>\t\t\t\t\t\t\t\t<\/div>\n\t\t\t\t<\/div>\n\t\t\t\t<div class=\"elementor-element elementor-element-2fec323 elementor-button-align-center elementor-widget elementor-widget-form\" data-id=\"2fec323\" data-element_type=\"widget\" data-settings=\"{&quot;step_next_label&quot;:&quot;Suivant&quot;,&quot;step_previous_label&quot;:&quot;Pr\\u00e9c\\u00e9dent&quot;,&quot;button_width&quot;:&quot;100&quot;,&quot;step_type&quot;:&quot;number_text&quot;,&quot;step_icon_shape&quot;:&quot;circle&quot;}\" data-widget_type=\"form.default\">\n\t\t\t\t<div class=\"elementor-widget-container\">\n\t\t\t\t\t\t\t<form class=\"elementor-form\" method=\"post\" name=\"Formulaire de contact\" novalidate=\"\">\n\t\t\t<input type=\"hidden\" name=\"post_id\" value=\"28895\"\/>\n\t\t\t<input type=\"hidden\" name=\"form_id\" value=\"2fec323\"\/>\n\t\t\t<input type=\"hidden\" name=\"referer_title\" value=\"Biographie : Craig Worden &#187; Pollara Strategic Insights\" \/>\n\n\t\t\t\t\t\t\t<input type=\"hidden\" name=\"queried_id\" value=\"28895\"\/>\n\t\t\t\n\t\t\t<div class=\"elementor-form-fields-wrapper elementor-labels-\">\n\t\t\t\t\t\t\t\t<div class=\"elementor-field-type-text elementor-field-group elementor-column elementor-field-group-name elementor-col-100\">\n\t\t\t\t\t\t\t\t\t\t\t\t<label for=\"form-field-name\" class=\"elementor-field-label elementor-screen-only\">\n\t\t\t\t\t\t\t\tNom\t\t\t\t\t\t\t<\/label>\n\t\t\t\t\t\t\t\t\t\t\t\t\t\t<input size=\"1\" type=\"text\" name=\"form_fields[name]\" id=\"form-field-name\" class=\"elementor-field elementor-size-sm  elementor-field-textual\" placeholder=\"Nom\">\n\t\t\t\t\t\t\t\t\t\t\t<\/div>\n\t\t\t\t\t\t\t\t<div class=\"elementor-field-type-email elementor-field-group elementor-column elementor-field-group-email elementor-col-50 elementor-field-required\">\n\t\t\t\t\t\t\t\t\t\t\t\t<label for=\"form-field-email\" class=\"elementor-field-label elementor-screen-only\">\n\t\t\t\t\t\t\t\tVotre courriel\t\t\t\t\t\t\t<\/label>\n\t\t\t\t\t\t\t\t\t\t\t\t\t\t<input size=\"1\" type=\"email\" name=\"form_fields[email]\" id=\"form-field-email\" class=\"elementor-field elementor-size-sm  elementor-field-textual\" placeholder=\"Votre courriel\" required=\"required\" aria-required=\"true\">\n\t\t\t\t\t\t\t\t\t\t\t<\/div>\n\t\t\t\t\t\t\t\t<div class=\"elementor-field-type-tel elementor-field-group elementor-column elementor-field-group-field_6c180a9 elementor-col-50 elementor-field-required\">\n\t\t\t\t\t\t\t\t\t\t\t\t<label for=\"form-field-field_6c180a9\" class=\"elementor-field-label elementor-screen-only\">\n\t\t\t\t\t\t\t\tNum\u00e9ro de t\u00e9l\u00e9phone\t\t\t\t\t\t\t<\/label>\n\t\t\t\t\t\t\t\t<input size=\"1\" type=\"tel\" name=\"form_fields[field_6c180a9]\" id=\"form-field-field_6c180a9\" class=\"elementor-field elementor-size-sm  elementor-field-textual\" placeholder=\"Num\u00e9ro de t\u00e9l\u00e9phone\" required=\"required\" aria-required=\"true\" pattern=\"[0-9()#&amp;+*-=.]+\" title=\"Seuls les caract\u00e8res de num\u00e9ros de t\u00e9l\u00e9phone (#, -, *, etc.) sont accept\u00e9s.\">\n\n\t\t\t\t\t\t<\/div>\n\t\t\t\t\t\t\t\t<div class=\"elementor-field-type-textarea elementor-field-group elementor-column elementor-field-group-message elementor-col-100\">\n\t\t\t\t\t\t\t\t\t\t\t\t<label for=\"form-field-message\" class=\"elementor-field-label elementor-screen-only\">\n\t\t\t\t\t\t\t\tLe message\t\t\t\t\t\t\t<\/label>\n\t\t\t\t\t\t<textarea class=\"elementor-field-textual elementor-field  elementor-size-sm\" name=\"form_fields[message]\" id=\"form-field-message\" rows=\"4\" placeholder=\"Le message\"><\/textarea>\t\t\t\t<\/div>\n\t\t\t\t\t\t\t\t<div class=\"elementor-field-group elementor-column elementor-field-type-submit elementor-col-100 e-form__buttons\">\n\t\t\t\t\t<button class=\"elementor-button elementor-size-sm\" type=\"submit\" id=\"mailformsendbutton\">\n\t\t\t\t\t\t<span class=\"elementor-button-content-wrapper\">\n\t\t\t\t\t\t\t\t\t\t\t\t\t\t\t\t\t\t\t\t\t\t<span class=\"elementor-button-text\">ENVOYER<\/span>\n\t\t\t\t\t\t\t\t\t\t\t\t\t<\/span>\n\t\t\t\t\t<\/button>\n\t\t\t\t<\/div>\n\t\t\t<\/div>\n\t\t<\/form>\n\t\t\t\t\t\t<\/div>\n\t\t\t\t<\/div>\n\t\t\t\t\t<\/div>\n\t\t\t\t<\/div>\n\t\t\t\t<\/div>\n\t\t","protected":false},"excerpt":{"rendered":"<p>Craig Worden Pr\u00e9sident et chef de l\u2019innovation Courriel En plus de ses responsabilit\u00e9s de leadership d\u2019entreprise, Craig dirige les divisions de recherche de Pollara et le d\u00e9veloppement de nos m\u00e9thodologies de recherche, mod\u00e8les, produits et offres de services. Il offre des conseils concrets et perspicaces \u00e0 nos clients, appliquant l\u2019expertise acquise au cours de plus &hellip; <\/p>\n<p class=\"link-more\"><a href=\"https:\/\/www.pollara.com\/fr-ca\/biographie-craig-worden\/\" class=\"more-link\">Continuer la lecture<span class=\"screen-reader-text\"> de &laquo; Biographie : Craig Worden &raquo;<\/span><\/a><\/p>\n","protected":false},"author":23,"featured_media":0,"parent":0,"menu_order":0,"comment_status":"closed","ping_status":"closed","template":"elementor_header_footer","meta":{"footnotes":""},"class_list":["post-28895","page","type-page","status-publish","hentry"],"yoast_head":"<!-- This site is optimized with the Yoast SEO plugin v26.9 - https:\/\/yoast.com\/product\/yoast-seo-wordpress\/ -->\n<title>Biographie : Craig Worden &#187; Pollara Strategic Insights<\/title>\n<meta name=\"robots\" content=\"index, follow, max-snippet:-1, max-image-preview:large, max-video-preview:-1\" \/>\n<link rel=\"canonical\" href=\"https:\/\/www.pollara.com\/fr-ca\/biographie-craig-worden\/\" \/>\n<meta property=\"og:locale\" content=\"fr_CA\" \/>\n<meta property=\"og:type\" content=\"article\" \/>\n<meta property=\"og:title\" content=\"Biographie : Craig Worden &#187; Pollara Strategic Insights\" \/>\n<meta property=\"og:description\" content=\"Craig Worden Pr\u00e9sident et chef de l\u2019innovation Courriel En plus de ses responsabilit\u00e9s de leadership d\u2019entreprise, Craig dirige les divisions de recherche de Pollara et le d\u00e9veloppement de nos m\u00e9thodologies de recherche, mod\u00e8les, produits et offres de services. Il offre des conseils concrets et perspicaces \u00e0 nos clients, appliquant l\u2019expertise acquise au cours de plus &hellip; Continuer la lecture de &laquo; Biographie : Craig Worden &raquo;\" \/>\n<meta property=\"og:url\" content=\"https:\/\/www.pollara.com\/fr-ca\/biographie-craig-worden\/\" \/>\n<meta property=\"og:site_name\" content=\"Pollara Strategic Insights\" \/>\n<meta property=\"article:publisher\" content=\"https:\/\/www.facebook.com\/PollaraStrategicInsights\/\" \/>\n<meta property=\"article:modified_time\" content=\"2026-04-29T21:18:02+00:00\" \/>\n<meta name=\"twitter:card\" content=\"summary_large_image\" \/>\n<meta name=\"twitter:site\" content=\"@Pollara\" \/>\n<meta name=\"twitter:label1\" content=\"Estimation du temps de lecture\" \/>\n\t<meta name=\"twitter:data1\" content=\"2 minutes\" \/>\n<script type=\"application\/ld+json\" class=\"yoast-schema-graph\">{\"@context\":\"https:\/\/schema.org\",\"@graph\":[{\"@type\":\"WebPage\",\"@id\":\"https:\/\/www.pollara.com\/fr-ca\/biographie-craig-worden\/\",\"url\":\"https:\/\/www.pollara.com\/fr-ca\/biographie-craig-worden\/\",\"name\":\"Biographie : Craig Worden &#187; Pollara Strategic Insights\",\"isPartOf\":{\"@id\":\"https:\/\/www.pollara.com\/fr-ca\/#website\"},\"datePublished\":\"2025-08-13T20:15:09+00:00\",\"dateModified\":\"2026-04-29T21:18:02+00:00\",\"inLanguage\":\"fr-CA\",\"potentialAction\":[{\"@type\":\"ReadAction\",\"target\":[\"https:\/\/www.pollara.com\/fr-ca\/biographie-craig-worden\/\"]}]},{\"@type\":\"WebSite\",\"@id\":\"https:\/\/www.pollara.com\/fr-ca\/#website\",\"url\":\"https:\/\/www.pollara.com\/fr-ca\/\",\"name\":\"Pollara Strategic Insights\",\"description\":\"Canada\u2019s most senior, experienced research project leaders\",\"publisher\":{\"@id\":\"https:\/\/www.pollara.com\/fr-ca\/#organization\"},\"potentialAction\":[{\"@type\":\"SearchAction\",\"target\":{\"@type\":\"EntryPoint\",\"urlTemplate\":\"https:\/\/www.pollara.com\/fr-ca\/?s={search_term_string}\"},\"query-input\":{\"@type\":\"PropertyValueSpecification\",\"valueRequired\":true,\"valueName\":\"search_term_string\"}}],\"inLanguage\":\"fr-CA\"},{\"@type\":\"Organization\",\"@id\":\"https:\/\/www.pollara.com\/fr-ca\/#organization\",\"name\":\"Pollara Strategic Insights\",\"url\":\"https:\/\/www.pollara.com\/fr-ca\/\",\"logo\":{\"@type\":\"ImageObject\",\"inLanguage\":\"fr-CA\",\"@id\":\"https:\/\/www.pollara.com\/fr-ca\/#\/schema\/logo\/image\/\",\"url\":\"https:\/\/www.pollara.com\/wp-content\/uploads\/2017\/12\/pollara-1.svg\",\"contentUrl\":\"https:\/\/www.pollara.com\/wp-content\/uploads\/2017\/12\/pollara-1.svg\",\"width\":1,\"height\":1,\"caption\":\"Pollara Strategic Insights\"},\"image\":{\"@id\":\"https:\/\/www.pollara.com\/fr-ca\/#\/schema\/logo\/image\/\"},\"sameAs\":[\"https:\/\/www.facebook.com\/PollaraStrategicInsights\/\",\"https:\/\/x.com\/Pollara\",\"https:\/\/www.instagram.com\/pollarastrategicinsights\/\",\"https:\/\/www.linkedin.com\/company\/pollarastrategicinsights\/\"]}]}<\/script>\n<!-- \/ Yoast SEO plugin. -->","yoast_head_json":{"title":"Biographie : Craig Worden &#187; Pollara Strategic Insights","robots":{"index":"index","follow":"follow","max-snippet":"max-snippet:-1","max-image-preview":"max-image-preview:large","max-video-preview":"max-video-preview:-1"},"canonical":"https:\/\/www.pollara.com\/fr-ca\/biographie-craig-worden\/","og_locale":"fr_CA","og_type":"article","og_title":"Biographie : Craig Worden &#187; Pollara Strategic Insights","og_description":"Craig Worden Pr\u00e9sident et chef de l\u2019innovation Courriel En plus de ses responsabilit\u00e9s de leadership d\u2019entreprise, Craig dirige les divisions de recherche de Pollara et le d\u00e9veloppement de nos m\u00e9thodologies de recherche, mod\u00e8les, produits et offres de services. Il offre des conseils concrets et perspicaces \u00e0 nos clients, appliquant l\u2019expertise acquise au cours de plus &hellip; Continuer la lecture de &laquo; Biographie : Craig Worden &raquo;","og_url":"https:\/\/www.pollara.com\/fr-ca\/biographie-craig-worden\/","og_site_name":"Pollara Strategic Insights","article_publisher":"https:\/\/www.facebook.com\/PollaraStrategicInsights\/","article_modified_time":"2026-04-29T21:18:02+00:00","twitter_card":"summary_large_image","twitter_site":"@Pollara","twitter_misc":{"Estimation du temps de lecture":"2 minutes"},"schema":{"@context":"https:\/\/schema.org","@graph":[{"@type":"WebPage","@id":"https:\/\/www.pollara.com\/fr-ca\/biographie-craig-worden\/","url":"https:\/\/www.pollara.com\/fr-ca\/biographie-craig-worden\/","name":"Biographie : Craig Worden &#187; Pollara Strategic Insights","isPartOf":{"@id":"https:\/\/www.pollara.com\/fr-ca\/#website"},"datePublished":"2025-08-13T20:15:09+00:00","dateModified":"2026-04-29T21:18:02+00:00","inLanguage":"fr-CA","potentialAction":[{"@type":"ReadAction","target":["https:\/\/www.pollara.com\/fr-ca\/biographie-craig-worden\/"]}]},{"@type":"WebSite","@id":"https:\/\/www.pollara.com\/fr-ca\/#website","url":"https:\/\/www.pollara.com\/fr-ca\/","name":"Pollara Strategic Insights","description":"Canada\u2019s most senior, experienced research project leaders","publisher":{"@id":"https:\/\/www.pollara.com\/fr-ca\/#organization"},"potentialAction":[{"@type":"SearchAction","target":{"@type":"EntryPoint","urlTemplate":"https:\/\/www.pollara.com\/fr-ca\/?s={search_term_string}"},"query-input":{"@type":"PropertyValueSpecification","valueRequired":true,"valueName":"search_term_string"}}],"inLanguage":"fr-CA"},{"@type":"Organization","@id":"https:\/\/www.pollara.com\/fr-ca\/#organization","name":"Pollara Strategic Insights","url":"https:\/\/www.pollara.com\/fr-ca\/","logo":{"@type":"ImageObject","inLanguage":"fr-CA","@id":"https:\/\/www.pollara.com\/fr-ca\/#\/schema\/logo\/image\/","url":"https:\/\/www.pollara.com\/wp-content\/uploads\/2017\/12\/pollara-1.svg","contentUrl":"https:\/\/www.pollara.com\/wp-content\/uploads\/2017\/12\/pollara-1.svg","width":1,"height":1,"caption":"Pollara Strategic Insights"},"image":{"@id":"https:\/\/www.pollara.com\/fr-ca\/#\/schema\/logo\/image\/"},"sameAs":["https:\/\/www.facebook.com\/PollaraStrategicInsights\/","https:\/\/x.com\/Pollara","https:\/\/www.instagram.com\/pollarastrategicinsights\/","https:\/\/www.linkedin.com\/company\/pollarastrategicinsights\/"]}]}},"jetpack_sharing_enabled":true,"_links":{"self":[{"href":"https:\/\/www.pollara.com\/fr-ca\/wp-json\/wp\/v2\/pages\/28895","targetHints":{"allow":["GET"]}}],"collection":[{"href":"https:\/\/www.pollara.com\/fr-ca\/wp-json\/wp\/v2\/pages"}],"about":[{"href":"https:\/\/www.pollara.com\/fr-ca\/wp-json\/wp\/v2\/types\/page"}],"author":[{"embeddable":true,"href":"https:\/\/www.pollara.com\/fr-ca\/wp-json\/wp\/v2\/users\/23"}],"replies":[{"embeddable":true,"href":"https:\/\/www.pollara.com\/fr-ca\/wp-json\/wp\/v2\/comments?post=28895"}],"version-history":[{"count":6,"href":"https:\/\/www.pollara.com\/fr-ca\/wp-json\/wp\/v2\/pages\/28895\/revisions"}],"predecessor-version":[{"id":29910,"href":"https:\/\/www.pollara.com\/fr-ca\/wp-json\/wp\/v2\/pages\/28895\/revisions\/29910"}],"wp:attachment":[{"href":"https:\/\/www.pollara.com\/fr-ca\/wp-json\/wp\/v2\/media?parent=28895"}],"curies":[{"name":"wp","href":"https:\/\/api.w.org\/{rel}","templated":true}]}}