{"id":28949,"date":"2026-02-05T00:34:05","date_gmt":"2026-02-05T05:34:05","guid":{"rendered":"https:\/\/www.pollara.com\/biographie\/"},"modified":"2026-04-21T17:44:31","modified_gmt":"2026-04-21T21:44:31","slug":"biographie","status":"publish","type":"page","link":"https:\/\/www.pollara.com\/fr-ca\/biographie\/","title":{"rendered":"Biographie : Phil Terrell"},"content":{"rendered":"\t\t<div data-elementor-type=\"wp-page\" data-elementor-id=\"28949\" class=\"elementor elementor-28949 elementor-28944\" data-elementor-post-type=\"page\">\n\t\t\t\t<div class=\"elementor-element elementor-element-61830866 elementor-hidden-desktop e-flex e-con-boxed e-con e-parent\" data-id=\"61830866\" data-element_type=\"container\" data-settings=\"{&quot;background_background&quot;:&quot;classic&quot;}\">\n\t\t\t\t\t<div class=\"e-con-inner\">\n\t\t\t\t\t<\/div>\n\t\t\t\t<\/div>\n\t\t<div class=\"elementor-element elementor-element-7a6ed264 e-con-full e-flex elementor-invisible e-con e-parent\" data-id=\"7a6ed264\" data-element_type=\"container\" id=\"BioParent\" data-settings=\"{&quot;shape_divider_bottom&quot;:&quot;tilt&quot;,&quot;motion_fx_motion_fx_scrolling&quot;:&quot;yes&quot;,&quot;animation&quot;:&quot;zoomInUp&quot;,&quot;motion_fx_devices&quot;:[&quot;desktop&quot;,&quot;tablet&quot;,&quot;mobile&quot;]}\">\n\t\t\t\t<div class=\"elementor-shape elementor-shape-bottom\" aria-hidden=\"true\" data-negative=\"false\">\n\t\t\t<svg xmlns=\"http:\/\/www.w3.org\/2000\/svg\" viewBox=\"0 0 1000 100\" preserveAspectRatio=\"none\">\n\t<path class=\"elementor-shape-fill\" d=\"M0,6V0h1000v100L0,6z\"\/>\n<\/svg>\t\t<\/div>\n\t\t<div class=\"elementor-element elementor-element-6038036b e-con-full e-flex e-con e-child\" data-id=\"6038036b\" data-element_type=\"container\" id=\"Picturehalf\" data-settings=\"{&quot;background_background&quot;:&quot;classic&quot;}\">\n\t\t\t\t<\/div>\n\t\t<div class=\"elementor-element elementor-element-650d6bb2 e-con-full e-flex e-con e-child\" data-id=\"650d6bb2\" data-element_type=\"container\" id=\"Biohalf\" data-settings=\"{&quot;background_background&quot;:&quot;classic&quot;}\">\n\t\t<div class=\"elementor-element elementor-element-a4faf3a e-con-full e-flex e-con e-child\" data-id=\"a4faf3a\" data-element_type=\"container\">\n\t\t\t\t<div class=\"elementor-element elementor-element-ccf7936 elementor-widget-mobile__width-inherit elementor-widget elementor-widget-heading\" data-id=\"ccf7936\" data-element_type=\"widget\" data-widget_type=\"heading.default\">\n\t\t\t\t<div class=\"elementor-widget-container\">\n\t\t\t\t\t<h2 class=\"elementor-heading-title elementor-size-default\">Phil Terrell<\/h2>\t\t\t\t<\/div>\n\t\t\t\t<\/div>\n\t\t\t\t<div class=\"elementor-element elementor-element-3d9eaeb elementor-widget elementor-widget-heading\" data-id=\"3d9eaeb\" data-element_type=\"widget\" data-widget_type=\"heading.default\">\n\t\t\t\t<div class=\"elementor-widget-container\">\n\t\t\t\t\t<h2 class=\"elementor-heading-title elementor-size-default\">Directeur de l\u2019infrastructure num\u00e9rique et de la conception<\/h2>\t\t\t\t<\/div>\n\t\t\t\t<\/div>\n\t\t\t\t<div class=\"elementor-element elementor-element-3bb3655 elementor-widget elementor-widget-text-editor\" data-id=\"3bb3655\" data-element_type=\"widget\" data-widget_type=\"text-editor.default\">\n\t\t\t\t<div class=\"elementor-widget-container\">\n\t\t\t\t\t\t\t\t\t<p>Phil met \u00e0 profit ses comp\u00e9tences uniques et vastes ainsi que ses talents \u2013 incluant le design graphique, l\u2019infrastructure web et l\u2019optimisation des m\u00e9dias sociaux \u2013 pour aider l\u2019\u00e9quipe de Pollara \u00e0 faire plus pour ses clients et \u00e0 avoir meilleure apparence en le faisant. Il augmente la qualit\u00e9 et la gamme de nos offres de recherche, et rend nos livrables plus convaincants et plus faciles \u00e0 comprendre.<\/p><p> <\/p><p>En tant que responsable des op\u00e9rations de recherche num\u00e9rique, Phil est l\u2019architecte et gestionnaire de notre plateforme d\u2019\u00e9chantillonnage MaxReach \u2013 un moteur d\u2019\u00e9chantillonnage de pointe dans l\u2019industrie qui sonde les r\u00e9pondants \u00e0 travers plusieurs m\u00e9thodes (par exemple, panels en ligne, sondages t\u00e9l\u00e9phoniques et m\u00e9dias sociaux) via un algorithme de ciblage propri\u00e9taire, offrant \u00e0 nos clients les \u00e9chantillons les plus repr\u00e9sentatifs de leurs publics cibles. Il met aussi en \u0153uvre des strat\u00e9gies de recrutement sur les r\u00e9seaux sociaux, concevant des cr\u00e9ations publicitaires qui maximisent l\u2019engagement des r\u00e9pondants tout en \u00e9vitant le biais de s\u00e9lection.<\/p><p> <\/p><p>En plus de ses responsabilit\u00e9s de gestion visuelle de marque, Phil dirige \u00e9galement le d\u00e9veloppement de nos plateformes de visualisation de donn\u00e9es, qui incluent des tableaux de bord interactifs et toujours actifs fournissant des r\u00e9sultats d\u2019enqu\u00eates en temps r\u00e9el \u2013 et utilisent souvent le SIG pour cartographier les r\u00e9sultats selon les juridictions g\u00e9ographiques et les donn\u00e9es d\u00e9mographiques.<\/p><p> <\/p><p>Pour les clients ayant des campagnes \u00e0 enjeux \u00e9lev\u00e9s, Phil peut concevoir des visuels et b\u00e2tir une infrastructure num\u00e9rique s\u00e9curis\u00e9e, incluant des sites web ainsi que des syst\u00e8mes complexes de commerce \u00e9lectronique et de dons. En tant que d\u00e9veloppeur full-stack, il utilise des bases de donn\u00e9es NoSQL comme MongoDB et Firebase pour d\u00e9ployer des plateformes web r\u00e9silientes.<\/p><p> <\/p><p>Phil a d\u2019abord rejoint Pollara \u00e0 la fin des ann\u00e9es 1990 en tant qu\u2019intervieweur, avant de passer au r\u00f4le de webmestre et sp\u00e9cialiste de la visualisation de donn\u00e9es. Par la suite, il a travaill\u00e9 pour les gouvernements provinciaux comme conseiller principal sur l\u2019impression, le web et les syst\u00e8mes d\u2019information, avant de retourner \u00e0 Pollara en 2019 pour diriger l\u2019\u00e9volution num\u00e9rique de l\u2019entreprise.  Phil est titulaire d\u2019un baccalaur\u00e9at sp\u00e9cialis\u00e9 en sciences, sociologie et psychologie de l\u2019Universit\u00e9 Trent.<\/p>\t\t\t\t\t\t\t\t<\/div>\n\t\t\t\t<\/div>\n\t\t\t\t<div class=\"elementor-element elementor-element-29943da elementor-tablet-align-center elementor-mobile-align-justify elementor-align-left elementor-widget elementor-widget-button\" data-id=\"29943da\" data-element_type=\"widget\" data-widget_type=\"button.default\">\n\t\t\t\t<div class=\"elementor-widget-container\">\n\t\t\t\t\t\t\t\t\t<div class=\"elementor-button-wrapper\">\n\t\t\t\t\t<a class=\"elementor-button elementor-button-link elementor-size-lg\" href=\"https:\/\/www.pollara.com\/fr-ca\/personne-ressource\/?e=pt-5X5\">\n\t\t\t\t\t\t<span class=\"elementor-button-content-wrapper\">\n\t\t\t\t\t\t<span class=\"elementor-button-icon\">\n\t\t\t\t<i aria-hidden=\"true\" class=\"fas fa-envelope\"><\/i>\t\t\t<\/span>\n\t\t\t\t\t\t\t\t\t<span class=\"elementor-button-text\">Courriel<\/span>\n\t\t\t\t\t<\/span>\n\t\t\t\t\t<\/a>\n\t\t\t\t<\/div>\n\t\t\t\t\t\t\t\t<\/div>\n\t\t\t\t<\/div>\n\t\t\t\t<div class=\"elementor-element elementor-element-8ec9422 elementor-tablet-align-center elementor-mobile-align-justify elementor-align-left elementor-widget elementor-widget-button\" data-id=\"8ec9422\" data-element_type=\"widget\" data-widget_type=\"button.default\">\n\t\t\t\t<div class=\"elementor-widget-container\">\n\t\t\t\t\t\t\t\t\t<div class=\"elementor-button-wrapper\">\n\t\t\t\t\t<a class=\"elementor-button elementor-button-link elementor-size-lg\" href=\"https:\/\/www.linkedin.com\/in\/phil-terrell-383a9845\/\">\n\t\t\t\t\t\t<span class=\"elementor-button-content-wrapper\">\n\t\t\t\t\t\t<span class=\"elementor-button-icon\">\n\t\t\t\t<i aria-hidden=\"true\" class=\"fab fa-linkedin\"><\/i>\t\t\t<\/span>\n\t\t\t\t\t\t\t\t\t<span class=\"elementor-button-text\">Linkedin<\/span>\n\t\t\t\t\t<\/span>\n\t\t\t\t\t<\/a>\n\t\t\t\t<\/div>\n\t\t\t\t\t\t\t\t<\/div>\n\t\t\t\t<\/div>\n\t\t\t\t<\/div>\n\t\t\t\t<\/div>\n\t\t\t\t<\/div>\n\t\t<div class=\"elementor-element elementor-element-608da618 e-flex e-con-boxed e-con e-parent\" data-id=\"608da618\" data-element_type=\"container\" data-settings=\"{&quot;background_background&quot;:&quot;classic&quot;}\">\n\t\t\t\t\t<div class=\"e-con-inner\">\n\t\t\t\t<div class=\"elementor-element elementor-element-6cfdd56e elementor-widget elementor-widget-heading\" data-id=\"6cfdd56e\" data-element_type=\"widget\" data-widget_type=\"heading.default\">\n\t\t\t\t<div class=\"elementor-widget-container\">\n\t\t\t\t\t<h1 class=\"elementor-heading-title elementor-size-default\">Contactez Phil Terrell<\/h1>\t\t\t\t<\/div>\n\t\t\t\t<\/div>\n\t\t\t\t<div class=\"elementor-element elementor-element-203a7b1f elementor-widget elementor-widget-text-editor\" data-id=\"203a7b1f\" data-element_type=\"widget\" data-widget_type=\"text-editor.default\">\n\t\t\t\t<div class=\"elementor-widget-container\">\n\t\t\t\t\t\t\t\t\t<p>Utilisez ce formulaire pour joindre Phil directement.<\/p>\t\t\t\t\t\t\t\t<\/div>\n\t\t\t\t<\/div>\n\t\t\t\t<div class=\"elementor-element elementor-element-6c539544 elementor-button-align-center elementor-widget elementor-widget-form\" data-id=\"6c539544\" data-element_type=\"widget\" data-settings=\"{&quot;step_next_label&quot;:&quot;Suivant&quot;,&quot;step_previous_label&quot;:&quot;Pr\\u00e9c\\u00e9dent&quot;,&quot;button_width&quot;:&quot;100&quot;,&quot;step_type&quot;:&quot;number_text&quot;,&quot;step_icon_shape&quot;:&quot;circle&quot;}\" data-widget_type=\"form.default\">\n\t\t\t\t<div class=\"elementor-widget-container\">\n\t\t\t\t\t\t\t<form class=\"elementor-form\" method=\"post\" name=\"Formulaire de contact\">\n\t\t\t<input type=\"hidden\" name=\"post_id\" value=\"28949\"\/>\n\t\t\t<input type=\"hidden\" name=\"form_id\" value=\"6c539544\"\/>\n\t\t\t<input type=\"hidden\" name=\"referer_title\" value=\"Biographie : Phil Terrell &#187; Pollara Strategic Insights\" \/>\n\n\t\t\t\t\t\t\t<input type=\"hidden\" name=\"queried_id\" value=\"28949\"\/>\n\t\t\t\n\t\t\t<div class=\"elementor-form-fields-wrapper elementor-labels-\">\n\t\t\t\t\t\t\t\t<div class=\"elementor-field-type-text elementor-field-group elementor-column elementor-field-group-name elementor-col-100\">\n\t\t\t\t\t\t\t\t\t\t\t\t<label for=\"form-field-name\" class=\"elementor-field-label elementor-screen-only\">\n\t\t\t\t\t\t\t\tNom\t\t\t\t\t\t\t<\/label>\n\t\t\t\t\t\t\t\t\t\t\t\t\t\t<input size=\"1\" type=\"text\" name=\"form_fields[name]\" id=\"form-field-name\" class=\"elementor-field elementor-size-sm  elementor-field-textual\" placeholder=\"Nom\">\n\t\t\t\t\t\t\t\t\t\t\t<\/div>\n\t\t\t\t\t\t\t\t<div class=\"elementor-field-type-email elementor-field-group elementor-column elementor-field-group-email elementor-col-50 elementor-field-required\">\n\t\t\t\t\t\t\t\t\t\t\t\t<label for=\"form-field-email\" class=\"elementor-field-label elementor-screen-only\">\n\t\t\t\t\t\t\t\tVotre courriel\t\t\t\t\t\t\t<\/label>\n\t\t\t\t\t\t\t\t\t\t\t\t\t\t<input size=\"1\" type=\"email\" name=\"form_fields[email]\" id=\"form-field-email\" class=\"elementor-field elementor-size-sm  elementor-field-textual\" placeholder=\"Votre courriel\" required=\"required\" aria-required=\"true\">\n\t\t\t\t\t\t\t\t\t\t\t<\/div>\n\t\t\t\t\t\t\t\t<div class=\"elementor-field-type-tel elementor-field-group elementor-column elementor-field-group-field_6c180a9 elementor-col-50 elementor-field-required\">\n\t\t\t\t\t\t\t\t\t\t\t\t<label for=\"form-field-field_6c180a9\" class=\"elementor-field-label elementor-screen-only\">\n\t\t\t\t\t\t\t\tNum\u00e9ro de t\u00e9l\u00e9phone\t\t\t\t\t\t\t<\/label>\n\t\t\t\t\t\t\t\t<input size=\"1\" type=\"tel\" name=\"form_fields[field_6c180a9]\" id=\"form-field-field_6c180a9\" class=\"elementor-field elementor-size-sm  elementor-field-textual\" placeholder=\"Num\u00e9ro de t\u00e9l\u00e9phone\" required=\"required\" aria-required=\"true\" pattern=\"[0-9()#&amp;+*-=.]+\" title=\"Seuls les caract\u00e8res de num\u00e9ros de t\u00e9l\u00e9phone (#, -, *, etc.) sont accept\u00e9s.\">\n\n\t\t\t\t\t\t<\/div>\n\t\t\t\t\t\t\t\t<div class=\"elementor-field-type-textarea elementor-field-group elementor-column elementor-field-group-message elementor-col-100\">\n\t\t\t\t\t\t\t\t\t\t\t\t<label for=\"form-field-message\" class=\"elementor-field-label elementor-screen-only\">\n\t\t\t\t\t\t\t\tLe message\t\t\t\t\t\t\t<\/label>\n\t\t\t\t\t\t<textarea class=\"elementor-field-textual elementor-field  elementor-size-sm\" name=\"form_fields[message]\" id=\"form-field-message\" rows=\"4\" placeholder=\"Le message\"><\/textarea>\t\t\t\t<\/div>\n\t\t\t\t\t\t\t\t<div class=\"elementor-field-group elementor-column elementor-field-type-submit elementor-col-100 e-form__buttons\">\n\t\t\t\t\t<button class=\"elementor-button elementor-size-sm\" type=\"submit\" id=\"mailformsendbutton\">\n\t\t\t\t\t\t<span class=\"elementor-button-content-wrapper\">\n\t\t\t\t\t\t\t\t\t\t\t\t\t\t\t\t\t\t\t\t\t\t<span class=\"elementor-button-text\">ENVOYER<\/span>\n\t\t\t\t\t\t\t\t\t\t\t\t\t<\/span>\n\t\t\t\t\t<\/button>\n\t\t\t\t<\/div>\n\t\t\t<\/div>\n\t\t<\/form>\n\t\t\t\t\t\t<\/div>\n\t\t\t\t<\/div>\n\t\t\t\t\t<\/div>\n\t\t\t\t<\/div>\n\t\t\t\t<\/div>\n\t\t","protected":false},"excerpt":{"rendered":"<p>Phil Terrell Directeur de l\u2019infrastructure num\u00e9rique et de la conception Phil met \u00e0 profit ses comp\u00e9tences uniques et vastes ainsi que ses talents \u2013 incluant le design graphique, l\u2019infrastructure web et l\u2019optimisation des m\u00e9dias sociaux \u2013 pour aider l\u2019\u00e9quipe de Pollara \u00e0 faire plus pour ses clients et \u00e0 avoir meilleure apparence en le faisant. &hellip; <\/p>\n<p class=\"link-more\"><a href=\"https:\/\/www.pollara.com\/fr-ca\/biographie\/\" class=\"more-link\">Continuer la lecture<span class=\"screen-reader-text\"> de &laquo; Biographie : Phil Terrell &raquo;<\/span><\/a><\/p>\n","protected":false},"author":23,"featured_media":0,"parent":0,"menu_order":0,"comment_status":"closed","ping_status":"closed","template":"elementor_header_footer","meta":{"footnotes":""},"class_list":["post-28949","page","type-page","status-publish","hentry"],"yoast_head":"<!-- This site is optimized with the Yoast SEO plugin v26.9 - https:\/\/yoast.com\/product\/yoast-seo-wordpress\/ -->\n<title>Biographie : Phil Terrell &#187; Pollara Strategic Insights<\/title>\n<meta name=\"robots\" content=\"index, follow, max-snippet:-1, max-image-preview:large, max-video-preview:-1\" \/>\n<link rel=\"canonical\" href=\"https:\/\/www.pollara.com\/fr-ca\/biographie\/\" \/>\n<meta property=\"og:locale\" content=\"fr_CA\" \/>\n<meta property=\"og:type\" content=\"article\" \/>\n<meta property=\"og:title\" content=\"Biographie : Phil Terrell &#187; Pollara Strategic Insights\" \/>\n<meta property=\"og:description\" content=\"Phil Terrell Directeur de l\u2019infrastructure num\u00e9rique et de la conception Phil met \u00e0 profit ses comp\u00e9tences uniques et vastes ainsi que ses talents \u2013 incluant le design graphique, l\u2019infrastructure web et l\u2019optimisation des m\u00e9dias sociaux \u2013 pour aider l\u2019\u00e9quipe de Pollara \u00e0 faire plus pour ses clients et \u00e0 avoir meilleure apparence en le faisant. &hellip; Continuer la lecture de &laquo; Biographie : Phil Terrell &raquo;\" \/>\n<meta property=\"og:url\" content=\"https:\/\/www.pollara.com\/fr-ca\/biographie\/\" \/>\n<meta property=\"og:site_name\" content=\"Pollara Strategic Insights\" \/>\n<meta property=\"article:publisher\" content=\"https:\/\/www.facebook.com\/PollaraStrategicInsights\/\" \/>\n<meta property=\"article:modified_time\" content=\"2026-04-21T21:44:31+00:00\" \/>\n<meta name=\"twitter:card\" content=\"summary_large_image\" \/>\n<meta name=\"twitter:site\" content=\"@Pollara\" \/>\n<meta name=\"twitter:label1\" content=\"Estimation du temps de lecture\" \/>\n\t<meta name=\"twitter:data1\" content=\"2 minutes\" \/>\n<script type=\"application\/ld+json\" class=\"yoast-schema-graph\">{\"@context\":\"https:\/\/schema.org\",\"@graph\":[{\"@type\":\"WebPage\",\"@id\":\"https:\/\/www.pollara.com\/fr-ca\/biographie\/\",\"url\":\"https:\/\/www.pollara.com\/fr-ca\/biographie\/\",\"name\":\"Biographie : Phil Terrell &#187; Pollara Strategic Insights\",\"isPartOf\":{\"@id\":\"https:\/\/www.pollara.com\/fr-ca\/#website\"},\"datePublished\":\"2026-02-05T05:34:05+00:00\",\"dateModified\":\"2026-04-21T21:44:31+00:00\",\"inLanguage\":\"fr-CA\",\"potentialAction\":[{\"@type\":\"ReadAction\",\"target\":[\"https:\/\/www.pollara.com\/fr-ca\/biographie\/\"]}]},{\"@type\":\"WebSite\",\"@id\":\"https:\/\/www.pollara.com\/fr-ca\/#website\",\"url\":\"https:\/\/www.pollara.com\/fr-ca\/\",\"name\":\"Pollara Strategic Insights\",\"description\":\"Canada\u2019s most senior, experienced research project leaders\",\"publisher\":{\"@id\":\"https:\/\/www.pollara.com\/fr-ca\/#organization\"},\"potentialAction\":[{\"@type\":\"SearchAction\",\"target\":{\"@type\":\"EntryPoint\",\"urlTemplate\":\"https:\/\/www.pollara.com\/fr-ca\/?s={search_term_string}\"},\"query-input\":{\"@type\":\"PropertyValueSpecification\",\"valueRequired\":true,\"valueName\":\"search_term_string\"}}],\"inLanguage\":\"fr-CA\"},{\"@type\":\"Organization\",\"@id\":\"https:\/\/www.pollara.com\/fr-ca\/#organization\",\"name\":\"Pollara Strategic Insights\",\"url\":\"https:\/\/www.pollara.com\/fr-ca\/\",\"logo\":{\"@type\":\"ImageObject\",\"inLanguage\":\"fr-CA\",\"@id\":\"https:\/\/www.pollara.com\/fr-ca\/#\/schema\/logo\/image\/\",\"url\":\"https:\/\/www.pollara.com\/wp-content\/uploads\/2017\/12\/pollara-1.svg\",\"contentUrl\":\"https:\/\/www.pollara.com\/wp-content\/uploads\/2017\/12\/pollara-1.svg\",\"width\":1,\"height\":1,\"caption\":\"Pollara Strategic Insights\"},\"image\":{\"@id\":\"https:\/\/www.pollara.com\/fr-ca\/#\/schema\/logo\/image\/\"},\"sameAs\":[\"https:\/\/www.facebook.com\/PollaraStrategicInsights\/\",\"https:\/\/x.com\/Pollara\",\"https:\/\/www.instagram.com\/pollarastrategicinsights\/\",\"https:\/\/www.linkedin.com\/company\/pollarastrategicinsights\/\"]}]}<\/script>\n<!-- \/ Yoast SEO plugin. -->","yoast_head_json":{"title":"Biographie : Phil Terrell &#187; Pollara Strategic Insights","robots":{"index":"index","follow":"follow","max-snippet":"max-snippet:-1","max-image-preview":"max-image-preview:large","max-video-preview":"max-video-preview:-1"},"canonical":"https:\/\/www.pollara.com\/fr-ca\/biographie\/","og_locale":"fr_CA","og_type":"article","og_title":"Biographie : Phil Terrell &#187; Pollara Strategic Insights","og_description":"Phil Terrell Directeur de l\u2019infrastructure num\u00e9rique et de la conception Phil met \u00e0 profit ses comp\u00e9tences uniques et vastes ainsi que ses talents \u2013 incluant le design graphique, l\u2019infrastructure web et l\u2019optimisation des m\u00e9dias sociaux \u2013 pour aider l\u2019\u00e9quipe de Pollara \u00e0 faire plus pour ses clients et \u00e0 avoir meilleure apparence en le faisant. &hellip; Continuer la lecture de &laquo; Biographie : Phil Terrell &raquo;","og_url":"https:\/\/www.pollara.com\/fr-ca\/biographie\/","og_site_name":"Pollara Strategic Insights","article_publisher":"https:\/\/www.facebook.com\/PollaraStrategicInsights\/","article_modified_time":"2026-04-21T21:44:31+00:00","twitter_card":"summary_large_image","twitter_site":"@Pollara","twitter_misc":{"Estimation du temps de lecture":"2 minutes"},"schema":{"@context":"https:\/\/schema.org","@graph":[{"@type":"WebPage","@id":"https:\/\/www.pollara.com\/fr-ca\/biographie\/","url":"https:\/\/www.pollara.com\/fr-ca\/biographie\/","name":"Biographie : Phil Terrell &#187; Pollara Strategic Insights","isPartOf":{"@id":"https:\/\/www.pollara.com\/fr-ca\/#website"},"datePublished":"2026-02-05T05:34:05+00:00","dateModified":"2026-04-21T21:44:31+00:00","inLanguage":"fr-CA","potentialAction":[{"@type":"ReadAction","target":["https:\/\/www.pollara.com\/fr-ca\/biographie\/"]}]},{"@type":"WebSite","@id":"https:\/\/www.pollara.com\/fr-ca\/#website","url":"https:\/\/www.pollara.com\/fr-ca\/","name":"Pollara Strategic Insights","description":"Canada\u2019s most senior, experienced research project leaders","publisher":{"@id":"https:\/\/www.pollara.com\/fr-ca\/#organization"},"potentialAction":[{"@type":"SearchAction","target":{"@type":"EntryPoint","urlTemplate":"https:\/\/www.pollara.com\/fr-ca\/?s={search_term_string}"},"query-input":{"@type":"PropertyValueSpecification","valueRequired":true,"valueName":"search_term_string"}}],"inLanguage":"fr-CA"},{"@type":"Organization","@id":"https:\/\/www.pollara.com\/fr-ca\/#organization","name":"Pollara Strategic Insights","url":"https:\/\/www.pollara.com\/fr-ca\/","logo":{"@type":"ImageObject","inLanguage":"fr-CA","@id":"https:\/\/www.pollara.com\/fr-ca\/#\/schema\/logo\/image\/","url":"https:\/\/www.pollara.com\/wp-content\/uploads\/2017\/12\/pollara-1.svg","contentUrl":"https:\/\/www.pollara.com\/wp-content\/uploads\/2017\/12\/pollara-1.svg","width":1,"height":1,"caption":"Pollara Strategic Insights"},"image":{"@id":"https:\/\/www.pollara.com\/fr-ca\/#\/schema\/logo\/image\/"},"sameAs":["https:\/\/www.facebook.com\/PollaraStrategicInsights\/","https:\/\/x.com\/Pollara","https:\/\/www.instagram.com\/pollarastrategicinsights\/","https:\/\/www.linkedin.com\/company\/pollarastrategicinsights\/"]}]}},"jetpack_sharing_enabled":true,"_links":{"self":[{"href":"https:\/\/www.pollara.com\/fr-ca\/wp-json\/wp\/v2\/pages\/28949","targetHints":{"allow":["GET"]}}],"collection":[{"href":"https:\/\/www.pollara.com\/fr-ca\/wp-json\/wp\/v2\/pages"}],"about":[{"href":"https:\/\/www.pollara.com\/fr-ca\/wp-json\/wp\/v2\/types\/page"}],"author":[{"embeddable":true,"href":"https:\/\/www.pollara.com\/fr-ca\/wp-json\/wp\/v2\/users\/23"}],"replies":[{"embeddable":true,"href":"https:\/\/www.pollara.com\/fr-ca\/wp-json\/wp\/v2\/comments?post=28949"}],"version-history":[{"count":13,"href":"https:\/\/www.pollara.com\/fr-ca\/wp-json\/wp\/v2\/pages\/28949\/revisions"}],"predecessor-version":[{"id":29634,"href":"https:\/\/www.pollara.com\/fr-ca\/wp-json\/wp\/v2\/pages\/28949\/revisions\/29634"}],"wp:attachment":[{"href":"https:\/\/www.pollara.com\/fr-ca\/wp-json\/wp\/v2\/media?parent=28949"}],"curies":[{"name":"wp","href":"https:\/\/api.w.org\/{rel}","templated":true}]}}