{"id":29803,"date":"2026-04-23T09:46:32","date_gmt":"2026-04-23T13:46:32","guid":{"rendered":"https:\/\/www.pollara.com\/biographie-mike-mcdonald\/"},"modified":"2026-04-23T12:17:37","modified_gmt":"2026-04-23T16:17:37","slug":"biographie-mike-mcdonald","status":"publish","type":"page","link":"https:\/\/www.pollara.com\/fr-ca\/biographie-mike-mcdonald\/","title":{"rendered":"Biographie : Mike McDonald"},"content":{"rendered":"\t\t<div data-elementor-type=\"wp-page\" data-elementor-id=\"29803\" class=\"elementor elementor-29803 elementor-29801\" data-elementor-post-type=\"page\">\n\t\t\t\t<div class=\"elementor-element elementor-element-2458e283 elementor-hidden-desktop e-flex e-con-boxed e-con e-parent\" data-id=\"2458e283\" data-element_type=\"container\" data-settings=\"{&quot;background_background&quot;:&quot;classic&quot;}\">\n\t\t\t\t\t<div class=\"e-con-inner\">\n\t\t\t\t\t<\/div>\n\t\t\t\t<\/div>\n\t\t<div class=\"elementor-element elementor-element-1f7d7cb6 e-con-full e-flex elementor-invisible e-con e-parent\" data-id=\"1f7d7cb6\" data-element_type=\"container\" id=\"BioParent\" data-settings=\"{&quot;shape_divider_bottom&quot;:&quot;tilt&quot;,&quot;motion_fx_motion_fx_scrolling&quot;:&quot;yes&quot;,&quot;animation&quot;:&quot;zoomInUp&quot;,&quot;motion_fx_devices&quot;:[&quot;desktop&quot;,&quot;tablet&quot;,&quot;mobile&quot;]}\">\n\t\t\t\t<div class=\"elementor-shape elementor-shape-bottom\" aria-hidden=\"true\" data-negative=\"false\">\n\t\t\t<svg xmlns=\"http:\/\/www.w3.org\/2000\/svg\" viewBox=\"0 0 1000 100\" preserveAspectRatio=\"none\">\n\t<path class=\"elementor-shape-fill\" d=\"M0,6V0h1000v100L0,6z\"\/>\n<\/svg>\t\t<\/div>\n\t\t<div class=\"elementor-element elementor-element-7c46949d e-con-full e-flex e-con e-child\" data-id=\"7c46949d\" data-element_type=\"container\" id=\"Picturehalf\" data-settings=\"{&quot;background_background&quot;:&quot;classic&quot;}\">\n\t\t\t\t<\/div>\n\t\t<div class=\"elementor-element elementor-element-1ec9712d e-con-full e-flex e-con e-child\" data-id=\"1ec9712d\" data-element_type=\"container\" id=\"Biohalfparent\" data-settings=\"{&quot;background_background&quot;:&quot;classic&quot;}\">\n\t\t<div class=\"elementor-element elementor-element-6540e0f4 e-con-full e-flex elementor-invisible e-con e-child\" data-id=\"6540e0f4\" data-element_type=\"container\" id=\"Biohalf\" data-settings=\"{&quot;animation&quot;:&quot;fadeInLeft&quot;,&quot;animation_delay&quot;:100}\">\n\t\t\t\t<div class=\"elementor-element elementor-element-5b9f22fc elementor-widget-mobile__width-inherit elementor-widget elementor-widget-heading\" data-id=\"5b9f22fc\" data-element_type=\"widget\" data-widget_type=\"heading.default\">\n\t\t\t\t<div class=\"elementor-widget-container\">\n\t\t\t\t\t<h2 class=\"elementor-heading-title elementor-size-default\">Mike McDonald<\/h2>\t\t\t\t<\/div>\n\t\t\t\t<\/div>\n\t\t\t\t<div class=\"elementor-element elementor-element-2061e9b1 elementor-widget elementor-widget-heading\" data-id=\"2061e9b1\" data-element_type=\"widget\" data-widget_type=\"heading.default\">\n\t\t\t\t<div class=\"elementor-widget-container\">\n\t\t\t\t\t<h2 class=\"elementor-heading-title elementor-size-default\">Associ\u00e9 de recherche principal (Vancouver)<\/h2>\t\t\t\t<\/div>\n\t\t\t\t<\/div>\n\t\t\t\t<div class=\"elementor-element elementor-element-6ddc5573 biotexteditor elementor-widget elementor-widget-text-editor\" data-id=\"6ddc5573\" data-element_type=\"widget\" data-widget_type=\"text-editor.default\">\n\t\t\t\t<div class=\"elementor-widget-container\">\n\t\t\t\t\t\t\t\t\t<p>Mike a b\u00e2ti sa carri\u00e8re au carrefour de la recherche sur l\u2019opinion publique, des communications, des affaires publiques et de la strat\u00e9gie. Il a dirig\u00e9 la campagne \u00e9lectorale de 2013 du Parti lib\u00e9ral de la Colombie-Britannique, a \u00e9t\u00e9 salu\u00e9 comme \u00ab stup\u00e9fiant \u00bb et une \u00ab victoire pour les \u00e2ges \u00bb par les m\u00e9dias canadiens \u2013 et a ensuite \u00e9t\u00e9 chef de cabinet de la premi\u00e8re ministre Christy Clark.<\/p><p>En tant que chercheur, Mike ajoute une solide compr\u00e9hension du contexte politique, socioculturel et d\u00e9mographique sous-jacent qui est essentielle pour s\u2019assurer que les r\u00e9sultats de la recherche \u00e9clairent avec succ\u00e8s la strat\u00e9gie. Il m\u00e8ne des recherches pour des clients d\u2019affaires publiques dans de nombreux secteurs, y compris les soins de sant\u00e9, l\u2019\u00e9nergie, le transport, les services de police, le gouvernement et les associations d\u2019adh\u00e9sion et d\u2019intervenants. Son exp\u00e9rience dans la commande de grands projets de recherche tout en occupant d\u2019autres r\u00f4les dans le pass\u00e9 a donn\u00e9 lieu \u00e0 une approche sup\u00e9rieure du service \u00e0 la client\u00e8le et des rapports de recherche.<\/p><p>Le travail de Mike avec Pollara compl\u00e8te son r\u00f4le continu en tant qu\u2019associ\u00e9 et chef de la strat\u00e9gie chez Kirk &amp;Co., un chef de file dans les communications et la consultation publique \/ engagement. Il est coanimateur de <em>Hotel Pacifico<\/em>, un balado d\u2019affaires publiques ax\u00e9 sur les affaires publiques de la c\u00f4te ouest. Il est titulaire d\u2019un baccalaur\u00e9at en sciences politiques de l\u2019Universit\u00e9 de la Colombie-Britannique.<\/p>\t\t\t\t\t\t\t\t<\/div>\n\t\t\t\t<\/div>\n\t\t\t\t<div class=\"elementor-element elementor-element-2ca8f1c3 elementor-tablet-align-center elementor-mobile-align-justify elementor-align-left elementor-widget elementor-widget-button\" data-id=\"2ca8f1c3\" data-element_type=\"widget\" data-widget_type=\"button.default\">\n\t\t\t\t<div class=\"elementor-widget-container\">\n\t\t\t\t\t\t\t\t\t<div class=\"elementor-button-wrapper\">\n\t\t\t\t\t<a class=\"elementor-button elementor-button-link elementor-size-lg\" href=\"https:\/\/www.linkedin.com\/in\/amaia-salaverria-3b6b9921a\/?originalSubdomain=ca\">\n\t\t\t\t\t\t<span class=\"elementor-button-content-wrapper\">\n\t\t\t\t\t\t<span class=\"elementor-button-icon\">\n\t\t\t\t<i aria-hidden=\"true\" class=\"fab fa-linkedin\"><\/i>\t\t\t<\/span>\n\t\t\t\t\t\t\t\t\t<span class=\"elementor-button-text\">Linkedin<\/span>\n\t\t\t\t\t<\/span>\n\t\t\t\t\t<\/a>\n\t\t\t\t<\/div>\n\t\t\t\t\t\t\t\t<\/div>\n\t\t\t\t<\/div>\n\t\t\t\t<\/div>\n\t\t\t\t<\/div>\n\t\t\t\t<\/div>\n\t\t\t\t<\/div>\n\t\t","protected":false},"excerpt":{"rendered":"<p>Mike McDonald Associ\u00e9 de recherche principal (Vancouver) Mike a b\u00e2ti sa carri\u00e8re au carrefour de la recherche sur l\u2019opinion publique, des communications, des affaires publiques et de la strat\u00e9gie. Il a dirig\u00e9 la campagne \u00e9lectorale de 2013 du Parti lib\u00e9ral de la Colombie-Britannique, a \u00e9t\u00e9 salu\u00e9 comme \u00ab stup\u00e9fiant \u00bb et une \u00ab victoire pour &hellip; <\/p>\n<p class=\"link-more\"><a href=\"https:\/\/www.pollara.com\/fr-ca\/biographie-mike-mcdonald\/\" class=\"more-link\">Continuer la lecture<span class=\"screen-reader-text\"> de &laquo; Biographie : Mike McDonald &raquo;<\/span><\/a><\/p>\n","protected":false},"author":23,"featured_media":0,"parent":0,"menu_order":0,"comment_status":"closed","ping_status":"closed","template":"elementor_header_footer","meta":{"footnotes":""},"class_list":["post-29803","page","type-page","status-publish","hentry"],"yoast_head":"<!-- This site is optimized with the Yoast SEO plugin v26.9 - https:\/\/yoast.com\/product\/yoast-seo-wordpress\/ -->\n<title>Biographie : Mike McDonald &#187; Pollara Strategic Insights<\/title>\n<meta name=\"robots\" content=\"index, follow, max-snippet:-1, max-image-preview:large, max-video-preview:-1\" \/>\n<link rel=\"canonical\" href=\"https:\/\/www.pollara.com\/fr-ca\/biographie-mike-mcdonald\/\" \/>\n<meta property=\"og:locale\" content=\"fr_CA\" \/>\n<meta property=\"og:type\" content=\"article\" \/>\n<meta property=\"og:title\" content=\"Biographie : Mike McDonald &#187; Pollara Strategic Insights\" \/>\n<meta property=\"og:description\" content=\"Mike McDonald Associ\u00e9 de recherche principal (Vancouver) Mike a b\u00e2ti sa carri\u00e8re au carrefour de la recherche sur l\u2019opinion publique, des communications, des affaires publiques et de la strat\u00e9gie. Il a dirig\u00e9 la campagne \u00e9lectorale de 2013 du Parti lib\u00e9ral de la Colombie-Britannique, a \u00e9t\u00e9 salu\u00e9 comme \u00ab stup\u00e9fiant \u00bb et une \u00ab victoire pour &hellip; Continuer la lecture de &laquo; Biographie : Mike McDonald &raquo;\" \/>\n<meta property=\"og:url\" content=\"https:\/\/www.pollara.com\/fr-ca\/biographie-mike-mcdonald\/\" \/>\n<meta property=\"og:site_name\" content=\"Pollara Strategic Insights\" \/>\n<meta property=\"article:publisher\" content=\"https:\/\/www.facebook.com\/PollaraStrategicInsights\/\" \/>\n<meta property=\"article:modified_time\" content=\"2026-04-23T16:17:37+00:00\" \/>\n<meta name=\"twitter:card\" content=\"summary_large_image\" \/>\n<meta name=\"twitter:site\" content=\"@Pollara\" \/>\n<meta name=\"twitter:label1\" content=\"Estimation du temps de lecture\" \/>\n\t<meta name=\"twitter:data1\" content=\"1 minute\" \/>\n<script type=\"application\/ld+json\" class=\"yoast-schema-graph\">{\"@context\":\"https:\/\/schema.org\",\"@graph\":[{\"@type\":\"WebPage\",\"@id\":\"https:\/\/www.pollara.com\/fr-ca\/biographie-mike-mcdonald\/\",\"url\":\"https:\/\/www.pollara.com\/fr-ca\/biographie-mike-mcdonald\/\",\"name\":\"Biographie : Mike McDonald &#187; Pollara Strategic Insights\",\"isPartOf\":{\"@id\":\"https:\/\/www.pollara.com\/fr-ca\/#website\"},\"datePublished\":\"2026-04-23T13:46:32+00:00\",\"dateModified\":\"2026-04-23T16:17:37+00:00\",\"inLanguage\":\"fr-CA\",\"potentialAction\":[{\"@type\":\"ReadAction\",\"target\":[\"https:\/\/www.pollara.com\/fr-ca\/biographie-mike-mcdonald\/\"]}]},{\"@type\":\"WebSite\",\"@id\":\"https:\/\/www.pollara.com\/fr-ca\/#website\",\"url\":\"https:\/\/www.pollara.com\/fr-ca\/\",\"name\":\"Pollara Strategic Insights\",\"description\":\"Canada\u2019s most senior, experienced research project leaders\",\"publisher\":{\"@id\":\"https:\/\/www.pollara.com\/fr-ca\/#organization\"},\"potentialAction\":[{\"@type\":\"SearchAction\",\"target\":{\"@type\":\"EntryPoint\",\"urlTemplate\":\"https:\/\/www.pollara.com\/fr-ca\/?s={search_term_string}\"},\"query-input\":{\"@type\":\"PropertyValueSpecification\",\"valueRequired\":true,\"valueName\":\"search_term_string\"}}],\"inLanguage\":\"fr-CA\"},{\"@type\":\"Organization\",\"@id\":\"https:\/\/www.pollara.com\/fr-ca\/#organization\",\"name\":\"Pollara Strategic Insights\",\"url\":\"https:\/\/www.pollara.com\/fr-ca\/\",\"logo\":{\"@type\":\"ImageObject\",\"inLanguage\":\"fr-CA\",\"@id\":\"https:\/\/www.pollara.com\/fr-ca\/#\/schema\/logo\/image\/\",\"url\":\"https:\/\/www.pollara.com\/wp-content\/uploads\/2017\/12\/pollara-1.svg\",\"contentUrl\":\"https:\/\/www.pollara.com\/wp-content\/uploads\/2017\/12\/pollara-1.svg\",\"width\":1,\"height\":1,\"caption\":\"Pollara Strategic Insights\"},\"image\":{\"@id\":\"https:\/\/www.pollara.com\/fr-ca\/#\/schema\/logo\/image\/\"},\"sameAs\":[\"https:\/\/www.facebook.com\/PollaraStrategicInsights\/\",\"https:\/\/x.com\/Pollara\",\"https:\/\/www.instagram.com\/pollarastrategicinsights\/\",\"https:\/\/www.linkedin.com\/company\/pollarastrategicinsights\/\"]}]}<\/script>\n<!-- \/ Yoast SEO plugin. -->","yoast_head_json":{"title":"Biographie : Mike McDonald &#187; Pollara Strategic Insights","robots":{"index":"index","follow":"follow","max-snippet":"max-snippet:-1","max-image-preview":"max-image-preview:large","max-video-preview":"max-video-preview:-1"},"canonical":"https:\/\/www.pollara.com\/fr-ca\/biographie-mike-mcdonald\/","og_locale":"fr_CA","og_type":"article","og_title":"Biographie : Mike McDonald &#187; Pollara Strategic Insights","og_description":"Mike McDonald Associ\u00e9 de recherche principal (Vancouver) Mike a b\u00e2ti sa carri\u00e8re au carrefour de la recherche sur l\u2019opinion publique, des communications, des affaires publiques et de la strat\u00e9gie. Il a dirig\u00e9 la campagne \u00e9lectorale de 2013 du Parti lib\u00e9ral de la Colombie-Britannique, a \u00e9t\u00e9 salu\u00e9 comme \u00ab stup\u00e9fiant \u00bb et une \u00ab victoire pour &hellip; Continuer la lecture de &laquo; Biographie : Mike McDonald &raquo;","og_url":"https:\/\/www.pollara.com\/fr-ca\/biographie-mike-mcdonald\/","og_site_name":"Pollara Strategic Insights","article_publisher":"https:\/\/www.facebook.com\/PollaraStrategicInsights\/","article_modified_time":"2026-04-23T16:17:37+00:00","twitter_card":"summary_large_image","twitter_site":"@Pollara","twitter_misc":{"Estimation du temps de lecture":"1 minute"},"schema":{"@context":"https:\/\/schema.org","@graph":[{"@type":"WebPage","@id":"https:\/\/www.pollara.com\/fr-ca\/biographie-mike-mcdonald\/","url":"https:\/\/www.pollara.com\/fr-ca\/biographie-mike-mcdonald\/","name":"Biographie : Mike McDonald &#187; Pollara Strategic Insights","isPartOf":{"@id":"https:\/\/www.pollara.com\/fr-ca\/#website"},"datePublished":"2026-04-23T13:46:32+00:00","dateModified":"2026-04-23T16:17:37+00:00","inLanguage":"fr-CA","potentialAction":[{"@type":"ReadAction","target":["https:\/\/www.pollara.com\/fr-ca\/biographie-mike-mcdonald\/"]}]},{"@type":"WebSite","@id":"https:\/\/www.pollara.com\/fr-ca\/#website","url":"https:\/\/www.pollara.com\/fr-ca\/","name":"Pollara Strategic Insights","description":"Canada\u2019s most senior, experienced research project leaders","publisher":{"@id":"https:\/\/www.pollara.com\/fr-ca\/#organization"},"potentialAction":[{"@type":"SearchAction","target":{"@type":"EntryPoint","urlTemplate":"https:\/\/www.pollara.com\/fr-ca\/?s={search_term_string}"},"query-input":{"@type":"PropertyValueSpecification","valueRequired":true,"valueName":"search_term_string"}}],"inLanguage":"fr-CA"},{"@type":"Organization","@id":"https:\/\/www.pollara.com\/fr-ca\/#organization","name":"Pollara Strategic Insights","url":"https:\/\/www.pollara.com\/fr-ca\/","logo":{"@type":"ImageObject","inLanguage":"fr-CA","@id":"https:\/\/www.pollara.com\/fr-ca\/#\/schema\/logo\/image\/","url":"https:\/\/www.pollara.com\/wp-content\/uploads\/2017\/12\/pollara-1.svg","contentUrl":"https:\/\/www.pollara.com\/wp-content\/uploads\/2017\/12\/pollara-1.svg","width":1,"height":1,"caption":"Pollara Strategic Insights"},"image":{"@id":"https:\/\/www.pollara.com\/fr-ca\/#\/schema\/logo\/image\/"},"sameAs":["https:\/\/www.facebook.com\/PollaraStrategicInsights\/","https:\/\/x.com\/Pollara","https:\/\/www.instagram.com\/pollarastrategicinsights\/","https:\/\/www.linkedin.com\/company\/pollarastrategicinsights\/"]}]}},"jetpack_sharing_enabled":true,"_links":{"self":[{"href":"https:\/\/www.pollara.com\/fr-ca\/wp-json\/wp\/v2\/pages\/29803","targetHints":{"allow":["GET"]}}],"collection":[{"href":"https:\/\/www.pollara.com\/fr-ca\/wp-json\/wp\/v2\/pages"}],"about":[{"href":"https:\/\/www.pollara.com\/fr-ca\/wp-json\/wp\/v2\/types\/page"}],"author":[{"embeddable":true,"href":"https:\/\/www.pollara.com\/fr-ca\/wp-json\/wp\/v2\/users\/23"}],"replies":[{"embeddable":true,"href":"https:\/\/www.pollara.com\/fr-ca\/wp-json\/wp\/v2\/comments?post=29803"}],"version-history":[{"count":3,"href":"https:\/\/www.pollara.com\/fr-ca\/wp-json\/wp\/v2\/pages\/29803\/revisions"}],"predecessor-version":[{"id":29820,"href":"https:\/\/www.pollara.com\/fr-ca\/wp-json\/wp\/v2\/pages\/29803\/revisions\/29820"}],"wp:attachment":[{"href":"https:\/\/www.pollara.com\/fr-ca\/wp-json\/wp\/v2\/media?parent=29803"}],"curies":[{"name":"wp","href":"https:\/\/api.w.org\/{rel}","templated":true}]}}